{"id":583639,"date":"2025-06-19T21:51:29","date_gmt":"2025-06-19T18:51:29","guid":{"rendered":"https:\/\/nextsnkr.com\/product\/p6000-grey-green\/"},"modified":"2026-02-02T12:48:49","modified_gmt":"2026-02-02T09:48:49","slug":"p6000-grey-green","status":"publish","type":"product","link":"https:\/\/nextsnkr.com\/lv\/product\/p6000-grey-green\/","title":{"rendered":"P6000 Grey \/ Green kedas zam\u0161\u0101das un \u0101das ikdienas dz\u012bv\u0113"},"content":{"rendered":"<h2>P6000 Grey \/ Green kedas zam\u0161\u0101das un \u0101das ikdienas dz\u012bv\u0113<\/h2>\n<p>&nbsp;<\/p>\n<p>P6000 Grey \/ Green \u010d\u012bbas apvieno stilu un komfortu ikdienas valk\u0101\u0161anai. Izgatavoti no augstas kvalit\u0101tes zam\u0161\u0101das, \u0101das un tekstilizstr\u0101d\u0101jumiem, tie nodro\u0161ina iztur\u012bbu un \u0113rtu piem\u0113rot\u012bbu. Modelis ir piem\u0113rots akt\u012bvai pils\u0113tas dz\u012bvei un pastaig\u0101m, izce\u013cot j\u016bsu moderno stilu. Vieglie un elpojo\u0161ie materi\u0101li padara \u010d\u012bbas par ide\u0101lu izv\u0113li visiem laika apst\u0101k\u013ciem. P6000 Grey \/ Green ir praktisks un moderns aksesu\u0101rs j\u016bsu dr\u0113bju skapim.<\/p>\n","protected":false},"excerpt":{"rendered":"<p>P6000 Grey \/ Green \u010d\u012bbas apvieno stilu un komfortu ikdienas valk\u0101\u0161anai. Izgatavoti no augstas kvalit\u0101tes zam\u0161\u0101das, \u0101das un tekstilizstr\u0101d\u0101jumiem, tie nodro\u0161ina iztur\u012bbu un \u0113rtu piem\u0113rot\u012bbu. Modelis ir piem\u0113rots akt\u012bvai pils\u0113tas dz\u012bvei un pastaig\u0101m, izce\u013cot j\u016bsu moderno stilu. Vieglie un elpojo\u0161ie materi\u0101li padara \u010d\u012bbas par ide\u0101lu izv\u0113li visiem laika apst\u0101k\u013ciem. P6000 Grey \/ Green ir praktisks un moderns aksesu\u0101rs j\u016bsu dr\u0113bju skapim.<\/p>\n","protected":false},"featured_media":583640,"comment_status":"open","ping_status":"open","template":"","meta":[],"product_brand":[],"product_cat":[3251,3252],"product_tag":[],"class_list":{"0":"post-583639","1":"product","2":"type-product","3":"status-publish","4":"has-post-thumbnail","6":"product_cat-all-product","7":"product_cat-krosivky","8":"pa_rozmir-910","9":"pa_rozmir-912","10":"pa_rozmir-914","11":"pa_rozmir-915","12":"pa_rozmir-916","13":"pa_rozmir-917","14":"pa_rozmir-918","15":"pa_rozmir-919","16":"pa_rozmir-920","17":"pa_rozmir-921","18":"pa_rozmir-922","20":"first","21":"onbackorder","22":"purchasable","23":"product-type-variable"},"_links":{"self":[{"href":"https:\/\/nextsnkr.com\/lv\/wp-json\/wp\/v2\/product\/583639","targetHints":{"allow":["GET"]}}],"collection":[{"href":"https:\/\/nextsnkr.com\/lv\/wp-json\/wp\/v2\/product"}],"about":[{"href":"https:\/\/nextsnkr.com\/lv\/wp-json\/wp\/v2\/types\/product"}],"replies":[{"embeddable":true,"href":"https:\/\/nextsnkr.com\/lv\/wp-json\/wp\/v2\/comments?post=583639"}],"version-history":[{"count":0,"href":"https:\/\/nextsnkr.com\/lv\/wp-json\/wp\/v2\/product\/583639\/revisions"}],"wp:featuredmedia":[{"embeddable":true,"href":"https:\/\/nextsnkr.com\/lv\/wp-json\/wp\/v2\/media\/583640"}],"wp:attachment":[{"href":"https:\/\/nextsnkr.com\/lv\/wp-json\/wp\/v2\/media?parent=583639"}],"wp:term":[{"taxonomy":"product_brand","embeddable":true,"href":"https:\/\/nextsnkr.com\/lv\/wp-json\/wp\/v2\/product_brand?post=583639"},{"taxonomy":"product_cat","embeddable":true,"href":"https:\/\/nextsnkr.com\/lv\/wp-json\/wp\/v2\/product_cat?post=583639"},{"taxonomy":"product_tag","embeddable":true,"href":"https:\/\/nextsnkr.com\/lv\/wp-json\/wp\/v2\/product_tag?post=583639"}],"curies":[{"name":"wp","href":"https:\/\/api.w.org\/{rel}","templated":true}]}}