{"id":583300,"date":"2025-06-19T21:56:42","date_gmt":"2025-06-19T18:56:42","guid":{"rendered":"https:\/\/nextsnkr.com\/product\/blazer-vintage-77-kytaj\/"},"modified":"2026-02-02T12:48:39","modified_gmt":"2026-02-02T09:48:39","slug":"blazer-vintage-77-kytaj","status":"publish","type":"product","link":"https:\/\/nextsnkr.com\/lv\/product\/blazer-vintage-77-kytaj\/","title":{"rendered":"Blazer Vintage &#8216; 77 \u0101das \u010d\u012bbas, stil\u012bgas un \u0113rtas"},"content":{"rendered":"<h2>Blazer Vintage &#8216; 77 \u0101das \u010d\u012bbas, stil\u012bgas un \u0113rtas<\/h2>\n<p>&nbsp;<\/p>\n<p>Kedas \u017dakete Vintage &#8216; 77 izgatavoti no augstas kvalit\u0101tes \u0101das, kas nodro\u0161ina iztur\u012bbu un komfortu n\u0113s\u0101\u0161anas laik\u0101. Klasisks dizains apvienojum\u0101 ar modernu stilu, padarot to univers\u0101ls ikdienas lieto\u0161anai. Dro\u0161a zole atbalsta k\u0101j\u0101m, bet elegantu izskatu \u013cauj apvienot \u010d\u012bbas ar visda\u017e\u0101d\u0101kajiem ap\u0123\u0113rbiem. Lieliska izv\u0113le tiem, kuri nov\u0113rt\u0113 stilu, kvalit\u0101ti un komfortu ikdien\u0101.<\/p>\n","protected":false},"excerpt":{"rendered":"<p>Kedas \u017dakete Vintage &#8216; 77 izgatavoti no augstas kvalit\u0101tes \u0101das, kas nodro\u0161ina iztur\u012bbu un komfortu n\u0113s\u0101\u0161anas laik\u0101. Klasisks dizains apvienojum\u0101 ar modernu stilu, padarot to univers\u0101ls ikdienas lieto\u0161anai. Dro\u0161a zole atbalsta k\u0101j\u0101m, bet elegantu izskatu \u013cauj apvienot \u010d\u012bbas ar visda\u017e\u0101d\u0101kajiem ap\u0123\u0113rbiem. Lieliska izv\u0113le tiem, kuri nov\u0113rt\u0113 stilu, kvalit\u0101ti un komfortu ikdien\u0101.<\/p>\n","protected":false},"featured_media":583301,"comment_status":"open","ping_status":"open","template":"","meta":[],"product_brand":[2399],"product_cat":[3361,3251,3322],"product_tag":[],"class_list":{"0":"post-583300","1":"product","2":"type-product","3":"status-publish","4":"has-post-thumbnail","6":"product_brand-nike-blazer","7":"product_cat-nike-blazer","8":"product_cat-all-product","9":"product_cat-kedy","10":"pa_rozmir-910","11":"pa_rozmir-912","12":"pa_rozmir-914","13":"pa_rozmir-916","14":"pa_rozmir-917","15":"pa_rozmir-918","16":"pa_rozmir-919","17":"pa_rozmir-920","18":"pa_rozmir-921","19":"pa_rozmir-922","20":"pa_rozmir-brak","22":"first","23":"instock","24":"purchasable","25":"product-type-variable"},"_links":{"self":[{"href":"https:\/\/nextsnkr.com\/lv\/wp-json\/wp\/v2\/product\/583300","targetHints":{"allow":["GET"]}}],"collection":[{"href":"https:\/\/nextsnkr.com\/lv\/wp-json\/wp\/v2\/product"}],"about":[{"href":"https:\/\/nextsnkr.com\/lv\/wp-json\/wp\/v2\/types\/product"}],"replies":[{"embeddable":true,"href":"https:\/\/nextsnkr.com\/lv\/wp-json\/wp\/v2\/comments?post=583300"}],"version-history":[{"count":0,"href":"https:\/\/nextsnkr.com\/lv\/wp-json\/wp\/v2\/product\/583300\/revisions"}],"wp:featuredmedia":[{"embeddable":true,"href":"https:\/\/nextsnkr.com\/lv\/wp-json\/wp\/v2\/media\/583301"}],"wp:attachment":[{"href":"https:\/\/nextsnkr.com\/lv\/wp-json\/wp\/v2\/media?parent=583300"}],"wp:term":[{"taxonomy":"product_brand","embeddable":true,"href":"https:\/\/nextsnkr.com\/lv\/wp-json\/wp\/v2\/product_brand?post=583300"},{"taxonomy":"product_cat","embeddable":true,"href":"https:\/\/nextsnkr.com\/lv\/wp-json\/wp\/v2\/product_cat?post=583300"},{"taxonomy":"product_tag","embeddable":true,"href":"https:\/\/nextsnkr.com\/lv\/wp-json\/wp\/v2\/product_tag?post=583300"}],"curies":[{"name":"wp","href":"https:\/\/api.w.org\/{rel}","templated":true}]}}