{"id":582623,"date":"2025-06-19T22:01:18","date_gmt":"2025-06-19T19:01:18","guid":{"rendered":"https:\/\/nextsnkr.com\/product\/cortez-vintage-green\/"},"modified":"2026-02-02T12:48:18","modified_gmt":"2026-02-02T09:48:18","slug":"cortez-vintage-green","status":"publish","type":"product","link":"https:\/\/nextsnkr.com\/lv\/product\/cortez-vintage-green\/","title":{"rendered":"Cortez Vintage Green zam\u0161\u0101das \u010d\u012bbas stil\u012bgam ikdienas izskatam"},"content":{"rendered":"<h2>Cortez Vintage Green zam\u0161\u0101das \u010d\u012bbas stil\u012bgam ikdienas izskatam<\/h2>\n<p>&nbsp;<\/p>\n<p>Stil\u012bg\u0101s Cortez Vintage Green \u010d\u012bbas ir izgatavotas no augstas kvalit\u0101tes zam\u0161\u0101das, kas nodro\u0161ina komfortu un iztur\u012bbu. Viegli un iztur\u012bgi, tie ir ide\u0101li piem\u0113roti ikdienas valk\u0101\u0161anai un \u0101ra aktivit\u0101t\u0113m. Izsmalcin\u0101tais dizains un dabiskie materi\u0101li padara \u0161\u012bs Cortez \u010d\u012bbas par praktisku un stil\u012bgu izv\u0113li tiem, kas katru dienu nov\u0113rt\u0113 komfortu, kvalit\u0101ti un modernu izskatu.<\/p>\n","protected":false},"excerpt":{"rendered":"<p>Stil\u012bg\u0101s Cortez Vintage Green \u010d\u012bbas ir izgatavotas no augstas kvalit\u0101tes zam\u0161\u0101das, kas nodro\u0161ina komfortu un iztur\u012bbu. Viegli un iztur\u012bgi, tie ir ide\u0101li piem\u0113roti ikdienas valk\u0101\u0161anai un \u0101ra aktivit\u0101t\u0113m. Izsmalcin\u0101tais dizains un dabiskie materi\u0101li padara \u0161\u012bs Cortez \u010d\u012bbas par praktisku un stil\u012bgu izv\u0113li tiem, kas katru dienu nov\u0113rt\u0113 komfortu, kvalit\u0101ti un modernu izskatu.<\/p>\n","protected":false},"featured_media":582624,"comment_status":"open","ping_status":"open","template":"","meta":[],"product_brand":[],"product_cat":[3251,3322],"product_tag":[],"class_list":{"0":"post-582623","1":"product","2":"type-product","3":"status-publish","4":"has-post-thumbnail","6":"product_cat-all-product","7":"product_cat-kedy","8":"pa_rozmir-910","9":"pa_rozmir-912","10":"pa_rozmir-914","11":"pa_rozmir-915","12":"pa_rozmir-916","13":"pa_rozmir-917","14":"pa_rozmir-918","15":"pa_rozmir-919","16":"pa_rozmir-920","17":"pa_rozmir-921","18":"pa_rozmir-922","20":"first","21":"onbackorder","22":"purchasable","23":"product-type-variable"},"_links":{"self":[{"href":"https:\/\/nextsnkr.com\/lv\/wp-json\/wp\/v2\/product\/582623","targetHints":{"allow":["GET"]}}],"collection":[{"href":"https:\/\/nextsnkr.com\/lv\/wp-json\/wp\/v2\/product"}],"about":[{"href":"https:\/\/nextsnkr.com\/lv\/wp-json\/wp\/v2\/types\/product"}],"replies":[{"embeddable":true,"href":"https:\/\/nextsnkr.com\/lv\/wp-json\/wp\/v2\/comments?post=582623"}],"version-history":[{"count":0,"href":"https:\/\/nextsnkr.com\/lv\/wp-json\/wp\/v2\/product\/582623\/revisions"}],"wp:featuredmedia":[{"embeddable":true,"href":"https:\/\/nextsnkr.com\/lv\/wp-json\/wp\/v2\/media\/582624"}],"wp:attachment":[{"href":"https:\/\/nextsnkr.com\/lv\/wp-json\/wp\/v2\/media?parent=582623"}],"wp:term":[{"taxonomy":"product_brand","embeddable":true,"href":"https:\/\/nextsnkr.com\/lv\/wp-json\/wp\/v2\/product_brand?post=582623"},{"taxonomy":"product_cat","embeddable":true,"href":"https:\/\/nextsnkr.com\/lv\/wp-json\/wp\/v2\/product_cat?post=582623"},{"taxonomy":"product_tag","embeddable":true,"href":"https:\/\/nextsnkr.com\/lv\/wp-json\/wp\/v2\/product_tag?post=582623"}],"curies":[{"name":"wp","href":"https:\/\/api.w.org\/{rel}","templated":true}]}}