{"id":582453,"date":"2025-06-19T22:04:24","date_gmt":"2025-06-19T19:04:24","guid":{"rendered":"https:\/\/nextsnkr.com\/product\/m2k-2\/"},"modified":"2026-02-02T12:48:13","modified_gmt":"2026-02-02T09:48:13","slug":"m2k-2","status":"publish","type":"product","link":"https:\/\/nextsnkr.com\/lv\/product\/m2k-2\/","title":{"rendered":"M2K \u0101das \u010d\u012bbas ir \u0113rtas un stil\u012bgas"},"content":{"rendered":"<h2>M2K \u0101das \u010d\u012bbas ir \u0113rtas un stil\u012bgas<\/h2>\n<p>&nbsp;<\/p>\n<p>Sporta apavi M2K-m\u016bsdienu apavi, no augstas kvalit\u0101tes \u0101das, izgatavots Vjetnam\u0101. Modelis nodro\u0161ina komfortu ikdienas valk\u0101\u0161anas un \u0101ra aktivit\u0101\u0161u laik\u0101, apvienojot stil\u012bgu dizainu ar materi\u0101lu uzticam\u012bbu. Ide\u0101li piem\u0113roti tiem, kas nov\u0113rt\u0113 iztur\u012bbu, komfortu un elegantu izskatu jebkur\u0101 situ\u0101cij\u0101.<\/p>\n","protected":false},"excerpt":{"rendered":"<p>Sporta apavi M2K-m\u016bsdienu apavi, no augstas kvalit\u0101tes \u0101das, izgatavots Vjetnam\u0101. Modelis nodro\u0161ina komfortu ikdienas valk\u0101\u0161anas un \u0101ra aktivit\u0101\u0161u laik\u0101, apvienojot stil\u012bgu dizainu ar materi\u0101lu uzticam\u012bbu. Ide\u0101li piem\u0113roti tiem, kas nov\u0113rt\u0113 iztur\u012bbu, komfortu un elegantu izskatu jebkur\u0101 situ\u0101cij\u0101.<\/p>\n","protected":false},"featured_media":582454,"comment_status":"open","ping_status":"open","template":"","meta":[],"product_brand":[],"product_cat":[3251,3252],"product_tag":[],"class_list":{"0":"post-582453","1":"product","2":"type-product","3":"status-publish","4":"has-post-thumbnail","6":"product_cat-all-product","7":"product_cat-krosivky","8":"pa_rozmir-910","9":"pa_rozmir-912","10":"pa_rozmir-914","11":"pa_rozmir-915","12":"pa_rozmir-916","13":"pa_rozmir-917","14":"pa_rozmir-918","15":"pa_rozmir-919","16":"pa_rozmir-920","17":"pa_rozmir-921","18":"pa_rozmir-922","20":"first","21":"onbackorder","22":"purchasable","23":"product-type-variable"},"_links":{"self":[{"href":"https:\/\/nextsnkr.com\/lv\/wp-json\/wp\/v2\/product\/582453","targetHints":{"allow":["GET"]}}],"collection":[{"href":"https:\/\/nextsnkr.com\/lv\/wp-json\/wp\/v2\/product"}],"about":[{"href":"https:\/\/nextsnkr.com\/lv\/wp-json\/wp\/v2\/types\/product"}],"replies":[{"embeddable":true,"href":"https:\/\/nextsnkr.com\/lv\/wp-json\/wp\/v2\/comments?post=582453"}],"version-history":[{"count":0,"href":"https:\/\/nextsnkr.com\/lv\/wp-json\/wp\/v2\/product\/582453\/revisions"}],"wp:featuredmedia":[{"embeddable":true,"href":"https:\/\/nextsnkr.com\/lv\/wp-json\/wp\/v2\/media\/582454"}],"wp:attachment":[{"href":"https:\/\/nextsnkr.com\/lv\/wp-json\/wp\/v2\/media?parent=582453"}],"wp:term":[{"taxonomy":"product_brand","embeddable":true,"href":"https:\/\/nextsnkr.com\/lv\/wp-json\/wp\/v2\/product_brand?post=582453"},{"taxonomy":"product_cat","embeddable":true,"href":"https:\/\/nextsnkr.com\/lv\/wp-json\/wp\/v2\/product_cat?post=582453"},{"taxonomy":"product_tag","embeddable":true,"href":"https:\/\/nextsnkr.com\/lv\/wp-json\/wp\/v2\/product_tag?post=582453"}],"curies":[{"name":"wp","href":"https:\/\/api.w.org\/{rel}","templated":true}]}}