{"id":582113,"date":"2025-06-19T22:08:43","date_gmt":"2025-06-19T19:08:43","guid":{"rendered":"https:\/\/nextsnkr.com\/product\/sb\/"},"modified":"2026-02-02T12:48:04","modified_gmt":"2026-02-02T09:48:04","slug":"sb","status":"publish","type":"product","link":"https:\/\/nextsnkr.com\/lv\/product\/sb\/","title":{"rendered":"SB \u0101das un tekstila Premium \u010d\u012bbas"},"content":{"rendered":"<h2>SB \u0101das un tekstila Premium \u010d\u012bbas<\/h2>\n<p>&nbsp;<\/p>\n<p>SB \u010d\u012bbas ir stil\u012bgi un \u0113rti apavi no SB z\u012bmola. Izgatavoti no augstas kvalit\u0101tes \u0101das un tekstilizstr\u0101d\u0101jumiem, tie nodro\u0161ina iztur\u012bbu un \u0113rt\u012bbas ikdienas valk\u0101\u0161anai. Daudzpus\u012bgais dizains \u013cauj savienot \u010d\u012bbas ar da\u017e\u0101diem izskatiem, un kvalitat\u012bvi materi\u0101li garant\u0113 p\u0113das komfortu un atbalstu. Ide\u0101la izv\u0113le akt\u012bvai pils\u0113tas dz\u012bvei un stil\u012bg\u0101m pastaig\u0101m.<\/p>\n","protected":false},"excerpt":{"rendered":"<p>SB \u010d\u012bbas ir stil\u012bgi un \u0113rti apavi no SB z\u012bmola. Izgatavoti no augstas kvalit\u0101tes \u0101das un tekstilizstr\u0101d\u0101jumiem, tie nodro\u0161ina iztur\u012bbu un \u0113rt\u012bbas ikdienas valk\u0101\u0161anai. Daudzpus\u012bgais dizains \u013cauj savienot \u010d\u012bbas ar da\u017e\u0101diem izskatiem, un kvalitat\u012bvi materi\u0101li garant\u0113 p\u0113das komfortu un atbalstu. Ide\u0101la izv\u0113le akt\u012bvai pils\u0113tas dz\u012bvei un stil\u012bg\u0101m pastaig\u0101m.<\/p>\n","protected":false},"featured_media":582114,"comment_status":"open","ping_status":"open","template":"","meta":[],"product_brand":[],"product_cat":[3251,3322],"product_tag":[],"class_list":{"0":"post-582113","1":"product","2":"type-product","3":"status-publish","4":"has-post-thumbnail","6":"product_cat-all-product","7":"product_cat-kedy","8":"pa_rozmir-910","9":"pa_rozmir-912","10":"pa_rozmir-914","11":"pa_rozmir-915","12":"pa_rozmir-916","13":"pa_rozmir-917","14":"pa_rozmir-918","15":"pa_rozmir-919","16":"pa_rozmir-920","17":"pa_rozmir-921","18":"pa_rozmir-922","20":"first","21":"instock","22":"purchasable","23":"product-type-variable"},"_links":{"self":[{"href":"https:\/\/nextsnkr.com\/lv\/wp-json\/wp\/v2\/product\/582113","targetHints":{"allow":["GET"]}}],"collection":[{"href":"https:\/\/nextsnkr.com\/lv\/wp-json\/wp\/v2\/product"}],"about":[{"href":"https:\/\/nextsnkr.com\/lv\/wp-json\/wp\/v2\/types\/product"}],"replies":[{"embeddable":true,"href":"https:\/\/nextsnkr.com\/lv\/wp-json\/wp\/v2\/comments?post=582113"}],"version-history":[{"count":0,"href":"https:\/\/nextsnkr.com\/lv\/wp-json\/wp\/v2\/product\/582113\/revisions"}],"wp:featuredmedia":[{"embeddable":true,"href":"https:\/\/nextsnkr.com\/lv\/wp-json\/wp\/v2\/media\/582114"}],"wp:attachment":[{"href":"https:\/\/nextsnkr.com\/lv\/wp-json\/wp\/v2\/media?parent=582113"}],"wp:term":[{"taxonomy":"product_brand","embeddable":true,"href":"https:\/\/nextsnkr.com\/lv\/wp-json\/wp\/v2\/product_brand?post=582113"},{"taxonomy":"product_cat","embeddable":true,"href":"https:\/\/nextsnkr.com\/lv\/wp-json\/wp\/v2\/product_cat?post=582113"},{"taxonomy":"product_tag","embeddable":true,"href":"https:\/\/nextsnkr.com\/lv\/wp-json\/wp\/v2\/product_tag?post=582113"}],"curies":[{"name":"wp","href":"https:\/\/api.w.org\/{rel}","templated":true}]}}