{"id":580244,"date":"2025-06-19T22:20:07","date_gmt":"2025-06-19T19:20:07","guid":{"rendered":"https:\/\/nextsnkr.com\/product\/adidas-niteball-2-0-black-gum-premium\/"},"modified":"2026-02-02T12:47:01","modified_gmt":"2026-02-02T09:47:01","slug":"adidas-niteball-2-0-black-gum-premium","status":"publish","type":"product","link":"https:\/\/nextsnkr.com\/lv\/product\/adidas-niteball-2-0-black-gum-premium\/","title":{"rendered":"ADIDAS NITEBALL 2.0 Black \/ Gum-zam\u0161\u0101das un \u0101das kedas"},"content":{"rendered":"<h2>ADIDAS NITEBALL 2.0 Black \/ Gum-zam\u0161\u0101das un \u0101das kedas<\/h2>\n<p>&nbsp;<\/p>\n<p>ADIDAS niteball 2.0 stil\u012bg\u0101s kedas meln\u0101 kr\u0101s\u0101 ar gumijas zoli ir izgatavotas no dab\u012bgas zam\u0161\u0101das un \u0101das ar atstarojo\u0161iem elementiem. Ide\u0101li piem\u0113rots ikdienas valk\u0101\u0161anai un \u0101ra aktivit\u0101t\u0113m. \u0160\u012bs augst\u0101k\u0101s kvalit\u0101tes ADIDAS \u010d\u012bbas apvieno komfortu, iztur\u012bbu un m\u016bsdien\u012bgu dizainu, uzsverot j\u016bsu stilu un person\u012bbu jebkuros apst\u0101k\u013cos.<\/p>\n","protected":false},"excerpt":{"rendered":"<p>ADIDAS niteball 2.0 stil\u012bg\u0101s kedas meln\u0101 kr\u0101s\u0101 ar gumijas zoli ir izgatavotas no dab\u012bgas zam\u0161\u0101das un \u0101das ar atstarojo\u0161iem elementiem. Ide\u0101li piem\u0113rots ikdienas valk\u0101\u0161anai un \u0101ra aktivit\u0101t\u0113m. \u0160\u012bs augst\u0101k\u0101s kvalit\u0101tes ADIDAS \u010d\u012bbas apvieno komfortu, iztur\u012bbu un m\u016bsdien\u012bgu dizainu, uzsverot j\u016bsu stilu un person\u012bbu jebkuros apst\u0101k\u013cos.<\/p>\n","protected":false},"featured_media":580245,"comment_status":"open","ping_status":"open","template":"","meta":[],"product_brand":[],"product_cat":[3251,3252],"product_tag":[],"class_list":{"0":"post-580244","1":"product","2":"type-product","3":"status-publish","4":"has-post-thumbnail","6":"product_cat-all-product","7":"product_cat-krosivky","8":"pa_rozmir-910","9":"pa_rozmir-912","10":"pa_rozmir-914","11":"pa_rozmir-915","12":"pa_rozmir-916","13":"pa_rozmir-917","14":"pa_rozmir-918","15":"pa_rozmir-919","16":"pa_rozmir-920","17":"pa_rozmir-921","18":"pa_rozmir-922","20":"first","21":"instock","22":"purchasable","23":"product-type-variable"},"_links":{"self":[{"href":"https:\/\/nextsnkr.com\/lv\/wp-json\/wp\/v2\/product\/580244","targetHints":{"allow":["GET"]}}],"collection":[{"href":"https:\/\/nextsnkr.com\/lv\/wp-json\/wp\/v2\/product"}],"about":[{"href":"https:\/\/nextsnkr.com\/lv\/wp-json\/wp\/v2\/types\/product"}],"replies":[{"embeddable":true,"href":"https:\/\/nextsnkr.com\/lv\/wp-json\/wp\/v2\/comments?post=580244"}],"version-history":[{"count":0,"href":"https:\/\/nextsnkr.com\/lv\/wp-json\/wp\/v2\/product\/580244\/revisions"}],"wp:featuredmedia":[{"embeddable":true,"href":"https:\/\/nextsnkr.com\/lv\/wp-json\/wp\/v2\/media\/580245"}],"wp:attachment":[{"href":"https:\/\/nextsnkr.com\/lv\/wp-json\/wp\/v2\/media?parent=580244"}],"wp:term":[{"taxonomy":"product_brand","embeddable":true,"href":"https:\/\/nextsnkr.com\/lv\/wp-json\/wp\/v2\/product_brand?post=580244"},{"taxonomy":"product_cat","embeddable":true,"href":"https:\/\/nextsnkr.com\/lv\/wp-json\/wp\/v2\/product_cat?post=580244"},{"taxonomy":"product_tag","embeddable":true,"href":"https:\/\/nextsnkr.com\/lv\/wp-json\/wp\/v2\/product_tag?post=580244"}],"curies":[{"name":"wp","href":"https:\/\/api.w.org\/{rel}","templated":true}]}}