{"id":579943,"date":"2025-06-19T22:23:39","date_gmt":"2025-06-19T19:23:39","guid":{"rendered":"https:\/\/nextsnkr.com\/product\/panama-fendi\/"},"modified":"2026-02-02T12:46:41","modified_gmt":"2026-02-02T09:46:41","slug":"panama-fendi","status":"publish","type":"product","link":"https:\/\/nextsnkr.com\/lv\/product\/panama-fendi\/","title":{"rendered":"Panama Fendi tekstils vasarai un ce\u013cojumiem"},"content":{"rendered":"<h2>Panama Fendi tekstils vasarai un ce\u013cojumiem<\/h2>\n<p>&nbsp;<\/p>\n<p>Panama Fendi ir stil\u012bgs aksesu\u0101rs aizsardz\u012bbai pret sauli un komfortu vasar\u0101. Izgatavots no augstas kvalit\u0101tes tekstilizstr\u0101d\u0101jumiem, tas nodro\u0161ina vieglumu, elpojam\u012bbu un iztur\u012bbu. Fendi z\u012bmola elegantais dizains pie\u0161\u0137ir izskatam greznu akcentu, un daudzpus\u012bg\u0101 kr\u0101sa \u013cauj apvienot Panamu ar jebkuru ap\u0123\u0113rbu. Ide\u0101la izv\u0113le pastaig\u0101m, ce\u013cojumiem un \u0101ra aktivit\u0101t\u0113m.<\/p>\n","protected":false},"excerpt":{"rendered":"<p>Panama Fendi ir stil\u012bgs aksesu\u0101rs aizsardz\u012bbai pret sauli un komfortu vasar\u0101. Izgatavots no augstas kvalit\u0101tes tekstilizstr\u0101d\u0101jumiem, tas nodro\u0161ina vieglumu, elpojam\u012bbu un iztur\u012bbu. Fendi z\u012bmola elegantais dizains pie\u0161\u0137ir izskatam greznu akcentu, un daudzpus\u012bg\u0101 kr\u0101sa \u013cauj apvienot Panamu ar jebkuru ap\u0123\u0113rbu. Ide\u0101la izv\u0113le pastaig\u0101m, ce\u013cojumiem un \u0101ra aktivit\u0101t\u0113m.<\/p>\n","protected":false},"featured_media":579944,"comment_status":"open","ping_status":"open","template":"","meta":[],"product_brand":[],"product_cat":[3251],"product_tag":[],"class_list":{"0":"post-579943","1":"product","2":"type-product","3":"status-publish","4":"has-post-thumbnail","6":"product_cat-all-product","7":"pa_rozmir-one-size","9":"first","10":"instock","11":"purchasable","12":"product-type-simple"},"_links":{"self":[{"href":"https:\/\/nextsnkr.com\/lv\/wp-json\/wp\/v2\/product\/579943","targetHints":{"allow":["GET"]}}],"collection":[{"href":"https:\/\/nextsnkr.com\/lv\/wp-json\/wp\/v2\/product"}],"about":[{"href":"https:\/\/nextsnkr.com\/lv\/wp-json\/wp\/v2\/types\/product"}],"replies":[{"embeddable":true,"href":"https:\/\/nextsnkr.com\/lv\/wp-json\/wp\/v2\/comments?post=579943"}],"version-history":[{"count":0,"href":"https:\/\/nextsnkr.com\/lv\/wp-json\/wp\/v2\/product\/579943\/revisions"}],"wp:featuredmedia":[{"embeddable":true,"href":"https:\/\/nextsnkr.com\/lv\/wp-json\/wp\/v2\/media\/579944"}],"wp:attachment":[{"href":"https:\/\/nextsnkr.com\/lv\/wp-json\/wp\/v2\/media?parent=579943"}],"wp:term":[{"taxonomy":"product_brand","embeddable":true,"href":"https:\/\/nextsnkr.com\/lv\/wp-json\/wp\/v2\/product_brand?post=579943"},{"taxonomy":"product_cat","embeddable":true,"href":"https:\/\/nextsnkr.com\/lv\/wp-json\/wp\/v2\/product_cat?post=579943"},{"taxonomy":"product_tag","embeddable":true,"href":"https:\/\/nextsnkr.com\/lv\/wp-json\/wp\/v2\/product_tag?post=579943"}],"curies":[{"name":"wp","href":"https:\/\/api.w.org\/{rel}","templated":true}]}}