{"id":579681,"date":"2025-06-19T23:07:08","date_gmt":"2025-06-19T20:07:08","guid":{"rendered":"https:\/\/nextsnkr.com\/product\/speedcat-brown\/"},"modified":"2026-02-02T12:46:36","modified_gmt":"2026-02-02T09:46:36","slug":"speedcat-brown","status":"publish","type":"product","link":"https:\/\/nextsnkr.com\/lv\/product\/speedcat-brown\/","title":{"rendered":"Speedcat Brown zam\u0161\u0101das \u010d\u012bbas no Vjetnamas"},"content":{"rendered":"<h2>Speedcat Brown zam\u0161\u0101das \u010d\u012bbas no Vjetnamas<\/h2>\n<p>&nbsp;<\/p>\n<p>Speedcat Brown stil\u012bg\u0101s \u010d\u012bbas ir izgatavotas no augstas kvalit\u0101tes zam\u0161\u0101das, kas nodro\u0161ina komfortu un iztur\u012bbu. Viegli un iztur\u012bgi, tie ir ide\u0101li piem\u0113roti ikdienas valk\u0101\u0161anai un \u0101ra aktivit\u0101t\u0113m. Speedcat z\u012bmols garant\u0113 modernu dizainu un augst\u0101k\u0101s kvalit\u0101tes saj\u016btu. \u0160\u012bs zam\u0161\u0101das kedas apvieno stilu, \u0113rt\u012bbas un praktiskumu, pie\u0161\u0137irot jebkuram izskatam v\u0113rpjot.<\/p>\n","protected":false},"excerpt":{"rendered":"<p>Speedcat Brown stil\u012bg\u0101s \u010d\u012bbas ir izgatavotas no augstas kvalit\u0101tes zam\u0161\u0101das, kas nodro\u0161ina komfortu un iztur\u012bbu. Viegli un iztur\u012bgi, tie ir ide\u0101li piem\u0113roti ikdienas valk\u0101\u0161anai un \u0101ra aktivit\u0101t\u0113m. Speedcat z\u012bmols garant\u0113 modernu dizainu un augst\u0101k\u0101s kvalit\u0101tes saj\u016btu. \u0160\u012bs zam\u0161\u0101das kedas apvieno stilu, \u0113rt\u012bbas un praktiskumu, pie\u0161\u0137irot jebkuram izskatam v\u0113rpjot.<\/p>\n","protected":false},"featured_media":579682,"comment_status":"open","ping_status":"open","template":"","meta":[],"product_brand":[],"product_cat":[3251,3322],"product_tag":[],"class_list":{"0":"post-579681","1":"product","2":"type-product","3":"status-publish","4":"has-post-thumbnail","6":"product_cat-all-product","7":"product_cat-kedy","8":"pa_rozmir-910","9":"pa_rozmir-912","10":"pa_rozmir-914","11":"pa_rozmir-915","12":"pa_rozmir-916","13":"pa_rozmir-917","14":"pa_rozmir-918","15":"pa_rozmir-919","16":"pa_rozmir-920","17":"pa_rozmir-921","18":"pa_rozmir-922","20":"first","21":"onbackorder","22":"purchasable","23":"product-type-variable"},"_links":{"self":[{"href":"https:\/\/nextsnkr.com\/lv\/wp-json\/wp\/v2\/product\/579681","targetHints":{"allow":["GET"]}}],"collection":[{"href":"https:\/\/nextsnkr.com\/lv\/wp-json\/wp\/v2\/product"}],"about":[{"href":"https:\/\/nextsnkr.com\/lv\/wp-json\/wp\/v2\/types\/product"}],"replies":[{"embeddable":true,"href":"https:\/\/nextsnkr.com\/lv\/wp-json\/wp\/v2\/comments?post=579681"}],"version-history":[{"count":0,"href":"https:\/\/nextsnkr.com\/lv\/wp-json\/wp\/v2\/product\/579681\/revisions"}],"wp:featuredmedia":[{"embeddable":true,"href":"https:\/\/nextsnkr.com\/lv\/wp-json\/wp\/v2\/media\/579682"}],"wp:attachment":[{"href":"https:\/\/nextsnkr.com\/lv\/wp-json\/wp\/v2\/media?parent=579681"}],"wp:term":[{"taxonomy":"product_brand","embeddable":true,"href":"https:\/\/nextsnkr.com\/lv\/wp-json\/wp\/v2\/product_brand?post=579681"},{"taxonomy":"product_cat","embeddable":true,"href":"https:\/\/nextsnkr.com\/lv\/wp-json\/wp\/v2\/product_cat?post=579681"},{"taxonomy":"product_tag","embeddable":true,"href":"https:\/\/nextsnkr.com\/lv\/wp-json\/wp\/v2\/product_tag?post=579681"}],"curies":[{"name":"wp","href":"https:\/\/api.w.org\/{rel}","templated":true}]}}