{"id":881767,"date":"2025-06-11T23:07:34","date_gmt":"2025-06-11T20:07:34","guid":{"rendered":"https:\/\/nextsnkr.com\/product\/white-space-gray\/"},"modified":"2026-02-01T21:35:39","modified_gmt":"2026-02-01T18:35:39","slug":"white-space-gray","status":"publish","type":"product","link":"https:\/\/nextsnkr.com\/lt\/produktas\/white-space-gray\/","title":{"rendered":"&#8222;Space Gray&#8221; \u2014 itali\u0161ki odiniai stilingi sportiniai bateliai"},"content":{"rendered":"<h2>&#8222;Space Gray&#8221; \u2014 itali\u0161ki odiniai stilingi sportiniai bateliai<\/h2>\n<p>&#8222;White Space Gray&#8221; gaminami i\u0161 auk\u0161\u010diausios kokyb\u0117s itali\u0161kos odos, kuri u\u017etikrina komfort\u0105 ir ilgaam\u017ei\u0161kum\u0105. Eleganti\u0161kas \u0161iuolaikinis dizainas daro juos universaliu pasirinkimu kasdieniam d\u0117v\u0117jimui ir aktyviam poilsiui. Lengvas ir patogus, \u0161ie k\u0117d\u0117s puikiai pabr\u0117\u017eia stili\u0173 ir prideda u\u017ebaigtumo vaizd\u0105. Idealus kokyb\u0117s, komforto ir mados \u012fvaizd\u017eio derinys.<\/p>\n","protected":false},"excerpt":{"rendered":"<p>&#8222;White Space Gray&#8221; gaminami i\u0161 auk\u0161\u010diausios kokyb\u0117s itali\u0161kos odos, kuri u\u017etikrina komfort\u0105 ir ilgaam\u017ei\u0161kum\u0105. Eleganti\u0161kas \u0161iuolaikinis dizainas daro juos universaliu pasirinkimu kasdieniam d\u0117v\u0117jimui ir aktyviam poilsiui. Lengvas ir patogus, \u0161ie k\u0117d\u0117s puikiai pabr\u0117\u017eia stili\u0173 ir prideda u\u017ebaigtumo vaizd\u0105. Idealus kokyb\u0117s, komforto ir mados \u012fvaizd\u017eio derinys.<\/p>\n","protected":false},"featured_media":881768,"comment_status":"open","ping_status":"open","template":"","meta":[],"product_brand":[],"product_cat":[3264,3323],"product_tag":[],"class_list":{"0":"post-881767","1":"product","2":"type-product","3":"status-publish","4":"has-post-thumbnail","6":"product_cat-all-product","7":"product_cat-kedy","8":"pa_rozmir-910","9":"pa_rozmir-912","10":"pa_rozmir-914","11":"pa_rozmir-915","12":"pa_rozmir-916","13":"pa_rozmir-917","14":"pa_rozmir-918","15":"pa_rozmir-919","16":"pa_rozmir-920","17":"pa_rozmir-921","18":"pa_rozmir-922","20":"first","21":"instock","22":"purchasable","23":"product-type-variable"},"_links":{"self":[{"href":"https:\/\/nextsnkr.com\/lt\/wp-json\/wp\/v2\/product\/881767","targetHints":{"allow":["GET"]}}],"collection":[{"href":"https:\/\/nextsnkr.com\/lt\/wp-json\/wp\/v2\/product"}],"about":[{"href":"https:\/\/nextsnkr.com\/lt\/wp-json\/wp\/v2\/types\/product"}],"replies":[{"embeddable":true,"href":"https:\/\/nextsnkr.com\/lt\/wp-json\/wp\/v2\/comments?post=881767"}],"version-history":[{"count":0,"href":"https:\/\/nextsnkr.com\/lt\/wp-json\/wp\/v2\/product\/881767\/revisions"}],"wp:featuredmedia":[{"embeddable":true,"href":"https:\/\/nextsnkr.com\/lt\/wp-json\/wp\/v2\/media\/881768"}],"wp:attachment":[{"href":"https:\/\/nextsnkr.com\/lt\/wp-json\/wp\/v2\/media?parent=881767"}],"wp:term":[{"taxonomy":"product_brand","embeddable":true,"href":"https:\/\/nextsnkr.com\/lt\/wp-json\/wp\/v2\/product_brand?post=881767"},{"taxonomy":"product_cat","embeddable":true,"href":"https:\/\/nextsnkr.com\/lt\/wp-json\/wp\/v2\/product_cat?post=881767"},{"taxonomy":"product_tag","embeddable":true,"href":"https:\/\/nextsnkr.com\/lt\/wp-json\/wp\/v2\/product_tag?post=881767"}],"curies":[{"name":"wp","href":"https:\/\/api.w.org\/{rel}","templated":true}]}}