{"id":859193,"date":"2025-06-11T23:18:09","date_gmt":"2025-06-11T20:18:09","guid":{"rendered":"https:\/\/nextsnkr.com\/product\/dior-b23-premium\/"},"modified":"2026-02-01T21:33:26","modified_gmt":"2026-02-01T18:33:26","slug":"dior-b23-premium","status":"publish","type":"product","link":"https:\/\/nextsnkr.com\/lt\/produktas\/dior-b23-premium\/","title":{"rendered":"Dior B23 Premium k\u0117d\u0117s-stilingos ir Premium"},"content":{"rendered":"<h2>Dior B23 Premium k\u0117d\u0117s-stilingos ir Premium<\/h2>\n<p>&#8222;Dior B23 Premium&#8221; k\u0117d\u0117s sujungia eleganti\u0161k\u0105 dizain\u0105 ir auk\u0161\u010diausios kokyb\u0117s &#8222;Dior&#8221; prek\u0117s \u017eenkl\u0105. Modelis pasi\u017eymi \u0161iuolaiki\u0161ku siluetu, dideliu atsparumu dilimui ir patogumu kasdieniniam d\u0117v\u0117jimui. Pagaminti i\u0161 auk\u0161tos kokyb\u0117s med\u017eiag\u0173, \u0161ios k\u0117d\u0117s pabr\u0117\u017es savininko stili\u0173 ir status\u0105, u\u017etikrinant neprilygstam\u0105 komfort\u0105 ir ilgaam\u017ei\u0161kum\u0105. Idealus pasirinkimas tiems, kurie vertina mados dizain\u0105 ir auk\u0161\u010diausios kokyb\u0117s.<\/p>\n","protected":false},"excerpt":{"rendered":"<p>&#8222;Dior B23 Premium&#8221; k\u0117d\u0117s sujungia eleganti\u0161k\u0105 dizain\u0105 ir auk\u0161\u010diausios kokyb\u0117s &#8222;Dior&#8221; prek\u0117s \u017eenkl\u0105. Modelis pasi\u017eymi \u0161iuolaiki\u0161ku siluetu, dideliu atsparumu dilimui ir patogumu kasdieniniam d\u0117v\u0117jimui. Pagaminti i\u0161 auk\u0161tos kokyb\u0117s med\u017eiag\u0173, \u0161ios k\u0117d\u0117s pabr\u0117\u017es savininko stili\u0173 ir status\u0105, u\u017etikrinant neprilygstam\u0105 komfort\u0105 ir ilgaam\u017ei\u0161kum\u0105. Idealus pasirinkimas tiems, kurie vertina mados dizain\u0105 ir auk\u0161\u010diausios kokyb\u0117s.<\/p>\n","protected":false},"featured_media":859194,"comment_status":"open","ping_status":"open","template":"","meta":[],"product_brand":[],"product_cat":[3264,3323],"product_tag":[],"class_list":{"0":"post-859193","1":"product","2":"type-product","3":"status-publish","4":"has-post-thumbnail","6":"product_cat-all-product","7":"product_cat-kedy","8":"pa_rozmir-910","9":"pa_rozmir-912","10":"pa_rozmir-914","11":"pa_rozmir-915","12":"pa_rozmir-916","13":"pa_rozmir-917","14":"pa_rozmir-918","15":"pa_rozmir-919","16":"pa_rozmir-920","17":"pa_rozmir-921","18":"pa_rozmir-922","20":"first","21":"instock","22":"purchasable","23":"product-type-variable"},"_links":{"self":[{"href":"https:\/\/nextsnkr.com\/lt\/wp-json\/wp\/v2\/product\/859193","targetHints":{"allow":["GET"]}}],"collection":[{"href":"https:\/\/nextsnkr.com\/lt\/wp-json\/wp\/v2\/product"}],"about":[{"href":"https:\/\/nextsnkr.com\/lt\/wp-json\/wp\/v2\/types\/product"}],"replies":[{"embeddable":true,"href":"https:\/\/nextsnkr.com\/lt\/wp-json\/wp\/v2\/comments?post=859193"}],"version-history":[{"count":0,"href":"https:\/\/nextsnkr.com\/lt\/wp-json\/wp\/v2\/product\/859193\/revisions"}],"wp:featuredmedia":[{"embeddable":true,"href":"https:\/\/nextsnkr.com\/lt\/wp-json\/wp\/v2\/media\/859194"}],"wp:attachment":[{"href":"https:\/\/nextsnkr.com\/lt\/wp-json\/wp\/v2\/media?parent=859193"}],"wp:term":[{"taxonomy":"product_brand","embeddable":true,"href":"https:\/\/nextsnkr.com\/lt\/wp-json\/wp\/v2\/product_brand?post=859193"},{"taxonomy":"product_cat","embeddable":true,"href":"https:\/\/nextsnkr.com\/lt\/wp-json\/wp\/v2\/product_cat?post=859193"},{"taxonomy":"product_tag","embeddable":true,"href":"https:\/\/nextsnkr.com\/lt\/wp-json\/wp\/v2\/product_tag?post=859193"}],"curies":[{"name":"wp","href":"https:\/\/api.w.org\/{rel}","templated":true}]}}