{"id":854809,"date":"2025-06-11T22:44:06","date_gmt":"2025-06-11T19:44:06","guid":{"rendered":"https:\/\/nextsnkr.com\/product\/nike-p-6000-2\/"},"modified":"2026-02-01T21:31:15","modified_gmt":"2026-02-01T18:31:15","slug":"nike-p-6000-2","status":"publish","type":"product","link":"https:\/\/nextsnkr.com\/lt\/produktas\/nike-p-6000-2\/","title":{"rendered":"Nike p-6000-stilingi vyri\u0161ki odos ir tekstil\u0117s sportba\u010diai"},"content":{"rendered":"<h2>Nike p-6000-stilingi vyri\u0161ki odos ir tekstil\u0117s sportba\u010diai<\/h2>\n<p>Nike p-6000 sportiniai bateliai derina retro dizain\u0105 ir \u0161iuolaiki\u0161k\u0105 komfort\u0105, sukurdami ideal\u0173 model\u012f kasdieniam d\u0117v\u0117jimui. Vir\u0161us i\u0161 odos ir kv\u0117puojan\u010dios tekstil\u0117s u\u017etikrina stiprum\u0105 ir v\u0117dinim\u0105, o mink\u0161ta amortizacija suteikia komfort\u0105 vaik\u0161\u010diojant. Universalus siluetas lengvai derinamas su kasdieniais vaizdais. Nike P-6000 yra patikimumas, stilius ir patogumas kiekviename jud\u0117jime.<\/p>\n","protected":false},"excerpt":{"rendered":"<p>Nike p-6000 sportiniai bateliai derina retro dizain\u0105 ir \u0161iuolaiki\u0161k\u0105 komfort\u0105, sukurdami ideal\u0173 model\u012f kasdieniam d\u0117v\u0117jimui. Vir\u0161us i\u0161 odos ir kv\u0117puojan\u010dios tekstil\u0117s u\u017etikrina stiprum\u0105 ir v\u0117dinim\u0105, o mink\u0161ta amortizacija suteikia komfort\u0105 vaik\u0161\u010diojant. Universalus siluetas lengvai derinamas su kasdieniais vaizdais. Nike P-6000 yra patikimumas, stilius ir patogumas kiekviename jud\u0117jime.<\/p>\n","protected":false},"featured_media":854721,"comment_status":"open","ping_status":"open","template":"","meta":[],"product_brand":[],"product_cat":[3264,3265],"product_tag":[],"class_list":{"0":"post-854809","1":"product","2":"type-product","3":"status-publish","4":"has-post-thumbnail","6":"product_cat-all-product","7":"product_cat-krosivky","8":"pa_rozmir-910","9":"pa_rozmir-912","10":"pa_rozmir-914","11":"pa_rozmir-915","12":"pa_rozmir-916","14":"first","15":"instock","16":"purchasable","17":"product-type-variable"},"_links":{"self":[{"href":"https:\/\/nextsnkr.com\/lt\/wp-json\/wp\/v2\/product\/854809","targetHints":{"allow":["GET"]}}],"collection":[{"href":"https:\/\/nextsnkr.com\/lt\/wp-json\/wp\/v2\/product"}],"about":[{"href":"https:\/\/nextsnkr.com\/lt\/wp-json\/wp\/v2\/types\/product"}],"replies":[{"embeddable":true,"href":"https:\/\/nextsnkr.com\/lt\/wp-json\/wp\/v2\/comments?post=854809"}],"version-history":[{"count":0,"href":"https:\/\/nextsnkr.com\/lt\/wp-json\/wp\/v2\/product\/854809\/revisions"}],"wp:featuredmedia":[{"embeddable":true,"href":"https:\/\/nextsnkr.com\/lt\/wp-json\/wp\/v2\/media\/854721"}],"wp:attachment":[{"href":"https:\/\/nextsnkr.com\/lt\/wp-json\/wp\/v2\/media?parent=854809"}],"wp:term":[{"taxonomy":"product_brand","embeddable":true,"href":"https:\/\/nextsnkr.com\/lt\/wp-json\/wp\/v2\/product_brand?post=854809"},{"taxonomy":"product_cat","embeddable":true,"href":"https:\/\/nextsnkr.com\/lt\/wp-json\/wp\/v2\/product_cat?post=854809"},{"taxonomy":"product_tag","embeddable":true,"href":"https:\/\/nextsnkr.com\/lt\/wp-json\/wp\/v2\/product_tag?post=854809"}],"curies":[{"name":"wp","href":"https:\/\/api.w.org\/{rel}","templated":true}]}}