{"id":853363,"date":"2025-06-11T23:03:01","date_gmt":"2025-06-11T20:03:01","guid":{"rendered":"https:\/\/nextsnkr.com\/product\/nike-zoom-air-fire-trainers-white-black\/"},"modified":"2026-02-01T21:30:15","modified_gmt":"2026-02-01T18:30:15","slug":"nike-zoom-air-fire-trainers-white-black","status":"publish","type":"product","link":"https:\/\/nextsnkr.com\/lt\/produktas\/nike-zoom-air-fire-trainers-white-black\/","title":{"rendered":"Nike Zoom Air Fire Trainers White \/ Black-odiniai ir tekstiliniai sportba\u010diai"},"content":{"rendered":"<h2>Nike Zoom Air Fire Trainers White \/ Black-odiniai ir tekstiliniai sportba\u010diai<\/h2>\n<p>&#8222;Nike Zoom Air Fire Trainers White \/ Black&#8221; sportiniai bateliai derina \u0161iuolaiki\u0161k\u0105 dizain\u0105 ir komfort\u0105 kasdieniam d\u0117v\u0117jimui. Vir\u0161us i\u0161 odos ir tekstil\u0117s u\u017etikrina ilgaam\u017ei\u0161kum\u0105, v\u0117dinim\u0105 ir patog\u0173 nusileidim\u0105, o amortizuojantis Zoom Air padas suteikia mink\u0161tum\u0105 ir param\u0105 vaik\u0161\u010diojant ar treniruojantis. Kontrastingas baltos ir juodos spalvos derinys daro model\u012f universal\u0173 ir stiling\u0105 bet kokiam vaizdui. Nike Zoom Air Fire Trainers &#8211; patikimas pasirinkimas aktyviam ir stilingam miesto gyvenimui.<\/p>\n","protected":false},"excerpt":{"rendered":"<p>&#8222;Nike Zoom Air Fire Trainers White \/ Black&#8221; sportiniai bateliai derina \u0161iuolaiki\u0161k\u0105 dizain\u0105 ir komfort\u0105 kasdieniam d\u0117v\u0117jimui. Vir\u0161us i\u0161 odos ir tekstil\u0117s u\u017etikrina ilgaam\u017ei\u0161kum\u0105, v\u0117dinim\u0105 ir patog\u0173 nusileidim\u0105, o amortizuojantis Zoom Air padas suteikia mink\u0161tum\u0105 ir param\u0105 vaik\u0161\u010diojant ar treniruojantis. Kontrastingas baltos ir juodos spalvos derinys daro model\u012f universal\u0173 ir stiling\u0105 bet kokiam vaizdui. Nike Zoom Air Fire Trainers &#8211; patikimas pasirinkimas aktyviam ir stilingam miesto gyvenimui.<\/p>\n","protected":false},"featured_media":853364,"comment_status":"open","ping_status":"open","template":"","meta":[],"product_brand":[],"product_cat":[3264,3265],"product_tag":[],"class_list":{"0":"post-853363","1":"product","2":"type-product","3":"status-publish","4":"has-post-thumbnail","6":"product_cat-all-product","7":"product_cat-krosivky","8":"pa_rozmir-910","9":"pa_rozmir-912","10":"pa_rozmir-914","11":"pa_rozmir-915","12":"pa_rozmir-916","13":"pa_rozmir-917","14":"pa_rozmir-918","15":"pa_rozmir-919","16":"pa_rozmir-920","17":"pa_rozmir-921","18":"pa_rozmir-922","20":"first","21":"instock","22":"purchasable","23":"product-type-variable"},"_links":{"self":[{"href":"https:\/\/nextsnkr.com\/lt\/wp-json\/wp\/v2\/product\/853363","targetHints":{"allow":["GET"]}}],"collection":[{"href":"https:\/\/nextsnkr.com\/lt\/wp-json\/wp\/v2\/product"}],"about":[{"href":"https:\/\/nextsnkr.com\/lt\/wp-json\/wp\/v2\/types\/product"}],"replies":[{"embeddable":true,"href":"https:\/\/nextsnkr.com\/lt\/wp-json\/wp\/v2\/comments?post=853363"}],"version-history":[{"count":0,"href":"https:\/\/nextsnkr.com\/lt\/wp-json\/wp\/v2\/product\/853363\/revisions"}],"wp:featuredmedia":[{"embeddable":true,"href":"https:\/\/nextsnkr.com\/lt\/wp-json\/wp\/v2\/media\/853364"}],"wp:attachment":[{"href":"https:\/\/nextsnkr.com\/lt\/wp-json\/wp\/v2\/media?parent=853363"}],"wp:term":[{"taxonomy":"product_brand","embeddable":true,"href":"https:\/\/nextsnkr.com\/lt\/wp-json\/wp\/v2\/product_brand?post=853363"},{"taxonomy":"product_cat","embeddable":true,"href":"https:\/\/nextsnkr.com\/lt\/wp-json\/wp\/v2\/product_cat?post=853363"},{"taxonomy":"product_tag","embeddable":true,"href":"https:\/\/nextsnkr.com\/lt\/wp-json\/wp\/v2\/product_tag?post=853363"}],"curies":[{"name":"wp","href":"https:\/\/api.w.org\/{rel}","templated":true}]}}