{"id":853023,"date":"2025-06-11T23:03:44","date_gmt":"2025-06-11T20:03:44","guid":{"rendered":"https:\/\/nextsnkr.com\/product\/nike-pro-black-white\/"},"modified":"2026-02-01T21:30:05","modified_gmt":"2026-02-01T18:30:05","slug":"nike-pro-black-white","status":"publish","type":"product","link":"https:\/\/nextsnkr.com\/lt\/produktas\/nike-pro-black-white\/","title":{"rendered":"Nike Pro Black \/ White sportba\u010diai-stilingi vyri\u0161ki sportba\u010diai i\u0161 odos ir tekstil\u0117s"},"content":{"rendered":"<h2>Nike Pro Black \/ White sportba\u010diai-stilingi vyri\u0161ki sportba\u010diai i\u0161 odos ir tekstil\u0117s<\/h2>\n<p>&#8222;Nike Pro Black \/ White&#8221; Batai derina auk\u0161\u010diausios kokyb\u0117s komfort\u0105 ir stiling\u0105 klasikin\u012f dizain\u0105. Vir\u0161us i\u0161 odos ir tekstil\u0117s u\u017etikrina ilgaam\u017ei\u0161kum\u0105, v\u0117dinim\u0105 ir patog\u0173 sodinim\u0105, o amortizuojantis padas suteikia mink\u0161tum\u0105 jud\u0117jimo metu. Kontrastingas juodos ir baltos spalvos derinys daro model\u012f universal\u0173 kasdieniam d\u0117v\u0117jimui ir aktyviam gyvenimo b\u016bdui. Nike Pro Black \/ White &#8211; patikimas pasirinkimas stiliui, komfortui ir kokybei.<\/p>\n","protected":false},"excerpt":{"rendered":"<p>&#8222;Nike Pro Black \/ White&#8221; Batai derina auk\u0161\u010diausios kokyb\u0117s komfort\u0105 ir stiling\u0105 klasikin\u012f dizain\u0105. Vir\u0161us i\u0161 odos ir tekstil\u0117s u\u017etikrina ilgaam\u017ei\u0161kum\u0105, v\u0117dinim\u0105 ir patog\u0173 sodinim\u0105, o amortizuojantis padas suteikia mink\u0161tum\u0105 jud\u0117jimo metu. Kontrastingas juodos ir baltos spalvos derinys daro model\u012f universal\u0173 kasdieniam d\u0117v\u0117jimui ir aktyviam gyvenimo b\u016bdui. Nike Pro Black \/ White &#8211; patikimas pasirinkimas stiliui, komfortui ir kokybei.<\/p>\n","protected":false},"featured_media":853024,"comment_status":"open","ping_status":"open","template":"","meta":[],"product_brand":[],"product_cat":[3264,3265],"product_tag":[],"class_list":{"0":"post-853023","1":"product","2":"type-product","3":"status-publish","4":"has-post-thumbnail","6":"product_cat-all-product","7":"product_cat-krosivky","8":"pa_rozmir-910","9":"pa_rozmir-912","10":"pa_rozmir-914","11":"pa_rozmir-915","12":"pa_rozmir-916","13":"pa_rozmir-917","14":"pa_rozmir-918","15":"pa_rozmir-919","16":"pa_rozmir-920","17":"pa_rozmir-921","18":"pa_rozmir-922","20":"first","21":"instock","22":"purchasable","23":"product-type-variable"},"_links":{"self":[{"href":"https:\/\/nextsnkr.com\/lt\/wp-json\/wp\/v2\/product\/853023","targetHints":{"allow":["GET"]}}],"collection":[{"href":"https:\/\/nextsnkr.com\/lt\/wp-json\/wp\/v2\/product"}],"about":[{"href":"https:\/\/nextsnkr.com\/lt\/wp-json\/wp\/v2\/types\/product"}],"replies":[{"embeddable":true,"href":"https:\/\/nextsnkr.com\/lt\/wp-json\/wp\/v2\/comments?post=853023"}],"version-history":[{"count":0,"href":"https:\/\/nextsnkr.com\/lt\/wp-json\/wp\/v2\/product\/853023\/revisions"}],"wp:featuredmedia":[{"embeddable":true,"href":"https:\/\/nextsnkr.com\/lt\/wp-json\/wp\/v2\/media\/853024"}],"wp:attachment":[{"href":"https:\/\/nextsnkr.com\/lt\/wp-json\/wp\/v2\/media?parent=853023"}],"wp:term":[{"taxonomy":"product_brand","embeddable":true,"href":"https:\/\/nextsnkr.com\/lt\/wp-json\/wp\/v2\/product_brand?post=853023"},{"taxonomy":"product_cat","embeddable":true,"href":"https:\/\/nextsnkr.com\/lt\/wp-json\/wp\/v2\/product_cat?post=853023"},{"taxonomy":"product_tag","embeddable":true,"href":"https:\/\/nextsnkr.com\/lt\/wp-json\/wp\/v2\/product_tag?post=853023"}],"curies":[{"name":"wp","href":"https:\/\/api.w.org\/{rel}","templated":true}]}}