{"id":852853,"date":"2025-06-11T23:04:31","date_gmt":"2025-06-11T20:04:31","guid":{"rendered":"https:\/\/nextsnkr.com\/product\/air-max-tn-black\/"},"modified":"2026-02-01T21:30:01","modified_gmt":"2026-02-01T18:30:01","slug":"air-max-tn-black","status":"publish","type":"product","link":"https:\/\/nextsnkr.com\/lt\/produktas\/air-max-tn-black\/","title":{"rendered":"Air Max TN Black sportba\u010diai-odiniai ir tekstiliniai juodi sportba\u010diai"},"content":{"rendered":"<h2>Air Max TN Black sportba\u010diai-odiniai ir tekstiliniai juodi sportba\u010diai<\/h2>\n<p>&#8222;Air Max TN Black&#8221; sportba\u010diai derina legendin\u012f dizain\u0105 ir komfort\u0105 kasdieniam d\u0117v\u0117jimui. Vir\u0161us i\u0161 odos ir tekstil\u0117s u\u017etikrina ilgaam\u017ei\u0161kum\u0105, v\u0117dinim\u0105 ir patog\u0173 nusileidim\u0105, o amortizuojantis &#8222;Air Max&#8221; padas suteikia mink\u0161tum\u0105 ir param\u0105 vaik\u0161\u010diojant ar va\u017eiuojant. Juoda spalva daro model\u012f universal\u0173 ir lengvai derinama su bet kokiu drabu\u017ei\u0173 stiliumi. &#8222;Air Max TN Black&#8221; yra patikimas pasirinkimas aktyviam ir stilingam miesto gyvenimui.<\/p>\n","protected":false},"excerpt":{"rendered":"<p>&#8222;Air Max TN Black&#8221; sportba\u010diai derina legendin\u012f dizain\u0105 ir komfort\u0105 kasdieniam d\u0117v\u0117jimui. Vir\u0161us i\u0161 odos ir tekstil\u0117s u\u017etikrina ilgaam\u017ei\u0161kum\u0105, v\u0117dinim\u0105 ir patog\u0173 nusileidim\u0105, o amortizuojantis &#8222;Air Max&#8221; padas suteikia mink\u0161tum\u0105 ir param\u0105 vaik\u0161\u010diojant ar va\u017eiuojant. Juoda spalva daro model\u012f universal\u0173 ir lengvai derinama su bet kokiu drabu\u017ei\u0173 stiliumi. &#8222;Air Max TN Black&#8221; yra patikimas pasirinkimas aktyviam ir stilingam miesto gyvenimui.<\/p>\n","protected":false},"featured_media":852854,"comment_status":"open","ping_status":"open","template":"","meta":[],"product_brand":[],"product_cat":[3264,3265],"product_tag":[],"class_list":{"0":"post-852853","1":"product","2":"type-product","3":"status-publish","4":"has-post-thumbnail","6":"product_cat-all-product","7":"product_cat-krosivky","8":"pa_rozmir-910","9":"pa_rozmir-912","10":"pa_rozmir-914","11":"pa_rozmir-915","12":"pa_rozmir-916","13":"pa_rozmir-917","14":"pa_rozmir-918","15":"pa_rozmir-919","16":"pa_rozmir-920","17":"pa_rozmir-921","18":"pa_rozmir-922","20":"first","21":"onbackorder","22":"purchasable","23":"product-type-variable"},"_links":{"self":[{"href":"https:\/\/nextsnkr.com\/lt\/wp-json\/wp\/v2\/product\/852853","targetHints":{"allow":["GET"]}}],"collection":[{"href":"https:\/\/nextsnkr.com\/lt\/wp-json\/wp\/v2\/product"}],"about":[{"href":"https:\/\/nextsnkr.com\/lt\/wp-json\/wp\/v2\/types\/product"}],"replies":[{"embeddable":true,"href":"https:\/\/nextsnkr.com\/lt\/wp-json\/wp\/v2\/comments?post=852853"}],"version-history":[{"count":0,"href":"https:\/\/nextsnkr.com\/lt\/wp-json\/wp\/v2\/product\/852853\/revisions"}],"wp:featuredmedia":[{"embeddable":true,"href":"https:\/\/nextsnkr.com\/lt\/wp-json\/wp\/v2\/media\/852854"}],"wp:attachment":[{"href":"https:\/\/nextsnkr.com\/lt\/wp-json\/wp\/v2\/media?parent=852853"}],"wp:term":[{"taxonomy":"product_brand","embeddable":true,"href":"https:\/\/nextsnkr.com\/lt\/wp-json\/wp\/v2\/product_brand?post=852853"},{"taxonomy":"product_cat","embeddable":true,"href":"https:\/\/nextsnkr.com\/lt\/wp-json\/wp\/v2\/product_cat?post=852853"},{"taxonomy":"product_tag","embeddable":true,"href":"https:\/\/nextsnkr.com\/lt\/wp-json\/wp\/v2\/product_tag?post=852853"}],"curies":[{"name":"wp","href":"https:\/\/api.w.org\/{rel}","templated":true}]}}