{"id":851324,"date":"2025-06-11T23:08:16","date_gmt":"2025-06-11T20:08:16","guid":{"rendered":"https:\/\/nextsnkr.com\/product\/balenciaga-track-beige-premium\/"},"modified":"2026-02-01T21:29:16","modified_gmt":"2026-02-01T18:29:16","slug":"balenciaga-track-beige-premium","status":"publish","type":"product","link":"https:\/\/nextsnkr.com\/lt\/produktas\/balenciaga-track-beige-premium\/","title":{"rendered":"Balenciaga Track Beige Premium sportba\u010diai-auk\u0161\u010diausios kokyb\u0117s odiniai sportba\u010diai"},"content":{"rendered":"<h2>Balenciaga Track Beige Premium sportba\u010diai-auk\u0161\u010diausios kokyb\u0117s odiniai sportba\u010diai<\/h2>\n<p>Balenciaga Track Beige Premium sportba\u010diai pagaminti i\u0161 auk\u0161tos kokyb\u0117s odos, kuri u\u017etikrina ilgaam\u017ei\u0161kum\u0105 ir komfort\u0105 d\u0117vint. \u0160iuolaikinis dizainas \u0161viesiai sm\u0117lio spalvos atspalviu daro juos stilingu pasirinkimu kasdieniam ir aktyviam naudojimui. Auk\u0161tos kokyb\u0117s med\u017eiagos, Patogus sodinimas ir auk\u0161\u010diausios kokyb\u0117s estetika pabr\u0117\u017eia savininko status\u0105 ir motyvuoja pirkti \u0161iuos prek\u0117s \u017eenklo batus.<\/p>\n","protected":false},"excerpt":{"rendered":"<p>Balenciaga Track Beige Premium sportba\u010diai pagaminti i\u0161 auk\u0161tos kokyb\u0117s odos, kuri u\u017etikrina ilgaam\u017ei\u0161kum\u0105 ir komfort\u0105 d\u0117vint. \u0160iuolaikinis dizainas \u0161viesiai sm\u0117lio spalvos atspalviu daro juos stilingu pasirinkimu kasdieniam ir aktyviam naudojimui. Auk\u0161tos kokyb\u0117s med\u017eiagos, Patogus sodinimas ir auk\u0161\u010diausios kokyb\u0117s estetika pabr\u0117\u017eia savininko status\u0105 ir motyvuoja pirkti \u0161iuos prek\u0117s \u017eenklo batus.<\/p>\n","protected":false},"featured_media":851325,"comment_status":"open","ping_status":"open","template":"","meta":[],"product_brand":[],"product_cat":[3264,3265],"product_tag":[],"class_list":{"0":"post-851324","1":"product","2":"type-product","3":"status-publish","4":"has-post-thumbnail","6":"product_cat-all-product","7":"product_cat-krosivky","8":"pa_rozmir-910","9":"pa_rozmir-912","10":"pa_rozmir-914","11":"pa_rozmir-915","12":"pa_rozmir-916","13":"pa_rozmir-917","14":"pa_rozmir-918","15":"pa_rozmir-919","16":"pa_rozmir-920","17":"pa_rozmir-921","18":"pa_rozmir-922","20":"first","21":"instock","22":"purchasable","23":"product-type-variable"},"_links":{"self":[{"href":"https:\/\/nextsnkr.com\/lt\/wp-json\/wp\/v2\/product\/851324","targetHints":{"allow":["GET"]}}],"collection":[{"href":"https:\/\/nextsnkr.com\/lt\/wp-json\/wp\/v2\/product"}],"about":[{"href":"https:\/\/nextsnkr.com\/lt\/wp-json\/wp\/v2\/types\/product"}],"replies":[{"embeddable":true,"href":"https:\/\/nextsnkr.com\/lt\/wp-json\/wp\/v2\/comments?post=851324"}],"version-history":[{"count":0,"href":"https:\/\/nextsnkr.com\/lt\/wp-json\/wp\/v2\/product\/851324\/revisions"}],"wp:featuredmedia":[{"embeddable":true,"href":"https:\/\/nextsnkr.com\/lt\/wp-json\/wp\/v2\/media\/851325"}],"wp:attachment":[{"href":"https:\/\/nextsnkr.com\/lt\/wp-json\/wp\/v2\/media?parent=851324"}],"wp:term":[{"taxonomy":"product_brand","embeddable":true,"href":"https:\/\/nextsnkr.com\/lt\/wp-json\/wp\/v2\/product_brand?post=851324"},{"taxonomy":"product_cat","embeddable":true,"href":"https:\/\/nextsnkr.com\/lt\/wp-json\/wp\/v2\/product_cat?post=851324"},{"taxonomy":"product_tag","embeddable":true,"href":"https:\/\/nextsnkr.com\/lt\/wp-json\/wp\/v2\/product_tag?post=851324"}],"curies":[{"name":"wp","href":"https:\/\/api.w.org\/{rel}","templated":true}]}}