{"id":847922,"date":"2025-06-11T23:25:32","date_gmt":"2025-06-11T20:25:32","guid":{"rendered":"https:\/\/nextsnkr.com\/product\/no-brand-boots-black\/"},"modified":"2026-02-01T21:27:31","modified_gmt":"2026-02-01T18:27:31","slug":"no-brand-boots-black","status":"publish","type":"product","link":"https:\/\/nextsnkr.com\/lt\/produktas\/no-brand-boots-black\/","title":{"rendered":"Batai No Brand Boots Black Moteri\u0161ki odiniai juodi"},"content":{"rendered":"<h2>Batai No Brand Boots Black Moteri\u0161ki odiniai juodi<\/h2>\n<p>Moteri\u0161ki batai &#8222;No Brand Boots Black&#8221; yra pagaminti i\u0161 auk\u0161tos kokyb\u0117s nat\u016bralios odos, kuri u\u017etikrina stiprum\u0105, komfort\u0105 ir stiling\u0105 i\u0161vaizd\u0105. Klasikin\u0117 juoda spalva lengvai derinama su bet kokia drabu\u017ei\u0173 spinta, tod\u0117l modelis yra universalus pasirinkimas kasdieniam d\u0117v\u0117jimui ruden\u012f ir \u017eiem\u0105. Patogi pagalv\u0117l\u0117 ir patikimos med\u017eiagos garantuoja ilgaam\u017ei\u0161kum\u0105 ir maksimal\u0173 komfort\u0105. Idealiai tinka tiems, kurie vertina prakti\u0161kum\u0105 ir elegancij\u0105. SKU: Os0051-205509<\/p>\n","protected":false},"excerpt":{"rendered":"<p>Moteri\u0161ki batai &#8222;No Brand Boots Black&#8221; yra pagaminti i\u0161 auk\u0161tos kokyb\u0117s nat\u016bralios odos, kuri u\u017etikrina stiprum\u0105, komfort\u0105 ir stiling\u0105 i\u0161vaizd\u0105. Klasikin\u0117 juoda spalva lengvai derinama su bet kokia drabu\u017ei\u0173 spinta, tod\u0117l modelis yra universalus pasirinkimas kasdieniam d\u0117v\u0117jimui ruden\u012f ir \u017eiem\u0105. Patogi pagalv\u0117l\u0117 ir patikimos med\u017eiagos garantuoja ilgaam\u017ei\u0161kum\u0105 ir maksimal\u0173 komfort\u0105. Idealiai tinka tiems, kurie vertina prakti\u0161kum\u0105 ir elegancij\u0105. SKU: Os0051-205509<\/p>\n","protected":false},"featured_media":847923,"comment_status":"open","ping_status":"open","template":"","meta":[],"product_brand":[],"product_cat":[3264,3336],"product_tag":[],"class_list":{"0":"post-847922","1":"product","2":"type-product","3":"status-publish","4":"has-post-thumbnail","6":"product_cat-all-product","7":"product_cat-cherevyky","8":"pa_rozmir-910","9":"pa_rozmir-912","10":"pa_rozmir-914","11":"pa_rozmir-915","12":"pa_rozmir-916","13":"pa_rozmir-917","14":"pa_rozmir-918","15":"pa_rozmir-919","16":"pa_rozmir-920","17":"pa_rozmir-921","18":"pa_rozmir-922","20":"first","21":"onbackorder","22":"purchasable","23":"product-type-variable"},"_links":{"self":[{"href":"https:\/\/nextsnkr.com\/lt\/wp-json\/wp\/v2\/product\/847922","targetHints":{"allow":["GET"]}}],"collection":[{"href":"https:\/\/nextsnkr.com\/lt\/wp-json\/wp\/v2\/product"}],"about":[{"href":"https:\/\/nextsnkr.com\/lt\/wp-json\/wp\/v2\/types\/product"}],"replies":[{"embeddable":true,"href":"https:\/\/nextsnkr.com\/lt\/wp-json\/wp\/v2\/comments?post=847922"}],"version-history":[{"count":0,"href":"https:\/\/nextsnkr.com\/lt\/wp-json\/wp\/v2\/product\/847922\/revisions"}],"wp:featuredmedia":[{"embeddable":true,"href":"https:\/\/nextsnkr.com\/lt\/wp-json\/wp\/v2\/media\/847923"}],"wp:attachment":[{"href":"https:\/\/nextsnkr.com\/lt\/wp-json\/wp\/v2\/media?parent=847922"}],"wp:term":[{"taxonomy":"product_brand","embeddable":true,"href":"https:\/\/nextsnkr.com\/lt\/wp-json\/wp\/v2\/product_brand?post=847922"},{"taxonomy":"product_cat","embeddable":true,"href":"https:\/\/nextsnkr.com\/lt\/wp-json\/wp\/v2\/product_cat?post=847922"},{"taxonomy":"product_tag","embeddable":true,"href":"https:\/\/nextsnkr.com\/lt\/wp-json\/wp\/v2\/product_tag?post=847922"}],"curies":[{"name":"wp","href":"https:\/\/api.w.org\/{rel}","templated":true}]}}