{"id":843852,"date":"2025-06-12T08:41:09","date_gmt":"2025-06-12T05:41:09","guid":{"rendered":"https:\/\/nextsnkr.com\/product\/jadon-patent\/"},"modified":"2026-02-01T21:25:25","modified_gmt":"2026-02-01T18:25:25","slug":"jadon-patent","status":"publish","type":"product","link":"https:\/\/nextsnkr.com\/lt\/produktas\/jadon-patent\/","title":{"rendered":"Jadon Patent batai odiniai lakuoti stilingam \u012fvaizd\u017eiui"},"content":{"rendered":"<h2>Jadon Patent batai odiniai lakuoti stilingam \u012fvaizd\u017eiui<\/h2>\n<p>Jadon Patent batai yra pagaminti i\u0161 auk\u0161tos kokyb\u0117s lakuotos odos Vietname. Eleganti\u0161kas dizainas sujungia stili\u0173 ir prakti\u0161kum\u0105, tod\u0117l jie idealiai tinka kasdieniam d\u0117v\u0117jimui ir ypatingoms progoms. Tvirtas padas ir apgalvota konstrukcija u\u017etikrina komfort\u0105 ir ilgaam\u017ei\u0161kum\u0105. Pasirinkite &#8222;Jadon Patent&#8221;, kad suderintum\u0117te modern\u0173 stili\u0173, kokyb\u0119 ir patikimum\u0105 savo drabu\u017ei\u0173 spintoje.<\/p>\n","protected":false},"excerpt":{"rendered":"<p>Jadon Patent batai yra pagaminti i\u0161 auk\u0161tos kokyb\u0117s lakuotos odos Vietname. Eleganti\u0161kas dizainas sujungia stili\u0173 ir prakti\u0161kum\u0105, tod\u0117l jie idealiai tinka kasdieniam d\u0117v\u0117jimui ir ypatingoms progoms. Tvirtas padas ir apgalvota konstrukcija u\u017etikrina komfort\u0105 ir ilgaam\u017ei\u0161kum\u0105. Pasirinkite &#8222;Jadon Patent&#8221;, kad suderintum\u0117te modern\u0173 stili\u0173, kokyb\u0119 ir patikimum\u0105 savo drabu\u017ei\u0173 spintoje.<\/p>\n","protected":false},"featured_media":843853,"comment_status":"open","ping_status":"open","template":"","meta":[],"product_brand":[],"product_cat":[3264,3336],"product_tag":[],"class_list":{"0":"post-843852","1":"product","2":"type-product","3":"status-publish","4":"has-post-thumbnail","6":"product_cat-all-product","7":"product_cat-cherevyky","8":"pa_rozmir-910","9":"pa_rozmir-912","10":"pa_rozmir-914","11":"pa_rozmir-915","12":"pa_rozmir-916","13":"pa_rozmir-917","14":"pa_rozmir-918","15":"pa_rozmir-919","16":"pa_rozmir-920","17":"pa_rozmir-921","18":"pa_rozmir-922","20":"first","21":"onbackorder","22":"purchasable","23":"product-type-variable"},"_links":{"self":[{"href":"https:\/\/nextsnkr.com\/lt\/wp-json\/wp\/v2\/product\/843852","targetHints":{"allow":["GET"]}}],"collection":[{"href":"https:\/\/nextsnkr.com\/lt\/wp-json\/wp\/v2\/product"}],"about":[{"href":"https:\/\/nextsnkr.com\/lt\/wp-json\/wp\/v2\/types\/product"}],"replies":[{"embeddable":true,"href":"https:\/\/nextsnkr.com\/lt\/wp-json\/wp\/v2\/comments?post=843852"}],"version-history":[{"count":0,"href":"https:\/\/nextsnkr.com\/lt\/wp-json\/wp\/v2\/product\/843852\/revisions"}],"wp:featuredmedia":[{"embeddable":true,"href":"https:\/\/nextsnkr.com\/lt\/wp-json\/wp\/v2\/media\/843853"}],"wp:attachment":[{"href":"https:\/\/nextsnkr.com\/lt\/wp-json\/wp\/v2\/media?parent=843852"}],"wp:term":[{"taxonomy":"product_brand","embeddable":true,"href":"https:\/\/nextsnkr.com\/lt\/wp-json\/wp\/v2\/product_brand?post=843852"},{"taxonomy":"product_cat","embeddable":true,"href":"https:\/\/nextsnkr.com\/lt\/wp-json\/wp\/v2\/product_cat?post=843852"},{"taxonomy":"product_tag","embeddable":true,"href":"https:\/\/nextsnkr.com\/lt\/wp-json\/wp\/v2\/product_tag?post=843852"}],"curies":[{"name":"wp","href":"https:\/\/api.w.org\/{rel}","templated":true}]}}