{"id":843513,"date":"2025-06-12T08:41:51","date_gmt":"2025-06-12T05:41:51","guid":{"rendered":"https:\/\/nextsnkr.com\/product\/ad-x-sftm-campus-80s-olive\/"},"modified":"2026-02-01T21:25:14","modified_gmt":"2026-02-01T18:25:14","slug":"ad-x-sftm-campus-80s-olive","status":"publish","type":"product","link":"https:\/\/nextsnkr.com\/lt\/produktas\/ad-x-sftm-campus-80s-olive\/","title":{"rendered":"K\u0117d\u0117s AD X SFTM CAMPUS 80s \u0437\u0430\u043cve Zom\u0161in\u0117s tekstil\u0117s stiliui"},"content":{"rendered":"<h2>K\u0117d\u0117s AD X SFTM CAMPUS 80s \u0437\u0430\u043cve Zom\u0161in\u0117s tekstil\u0117s stiliui<\/h2>\n<p>&#8222;Ad X SFTM CAMPUS 80slve&#8221; yra pagamintas i\u0161 Vietnamo zom\u0161os ir tekstil\u0117s derinio. Lengvi, patog\u016bs ir kv\u0117puojantys, jie suteikia komfort\u0105 kasdieniam d\u0117v\u0117jimui ir aktyviam poilsiui. Stilinga alyvuogi\u0173 spalva pabr\u0117\u017eia individualum\u0105 ir \u0161iuolaiki\u0161k\u0105 dizain\u0105. Pasirinkite Ad X sftm CAMPUS 80SLVE, kad j\u016bs\u0173 spintoje b\u016bt\u0173 mados, kokyb\u0117s ir prakti\u0161kumo derinys.<\/p>\n","protected":false},"excerpt":{"rendered":"<p>&#8222;Ad X SFTM CAMPUS 80slve&#8221; yra pagamintas i\u0161 Vietnamo zom\u0161os ir tekstil\u0117s derinio. Lengvi, patog\u016bs ir kv\u0117puojantys, jie suteikia komfort\u0105 kasdieniam d\u0117v\u0117jimui ir aktyviam poilsiui. Stilinga alyvuogi\u0173 spalva pabr\u0117\u017eia individualum\u0105 ir \u0161iuolaiki\u0161k\u0105 dizain\u0105. Pasirinkite Ad X sftm CAMPUS 80SLVE, kad j\u016bs\u0173 spintoje b\u016bt\u0173 mados, kokyb\u0117s ir prakti\u0161kumo derinys.<\/p>\n","protected":false},"featured_media":843514,"comment_status":"open","ping_status":"open","template":"","meta":[],"product_brand":[],"product_cat":[3264,3323],"product_tag":[],"class_list":{"0":"post-843513","1":"product","2":"type-product","3":"status-publish","4":"has-post-thumbnail","6":"product_cat-all-product","7":"product_cat-kedy","8":"pa_rozmir-910","9":"pa_rozmir-912","10":"pa_rozmir-914","11":"pa_rozmir-915","12":"pa_rozmir-916","13":"pa_rozmir-917","14":"pa_rozmir-918","15":"pa_rozmir-919","16":"pa_rozmir-920","17":"pa_rozmir-921","18":"pa_rozmir-922","20":"first","21":"instock","22":"purchasable","23":"product-type-variable"},"_links":{"self":[{"href":"https:\/\/nextsnkr.com\/lt\/wp-json\/wp\/v2\/product\/843513","targetHints":{"allow":["GET"]}}],"collection":[{"href":"https:\/\/nextsnkr.com\/lt\/wp-json\/wp\/v2\/product"}],"about":[{"href":"https:\/\/nextsnkr.com\/lt\/wp-json\/wp\/v2\/types\/product"}],"replies":[{"embeddable":true,"href":"https:\/\/nextsnkr.com\/lt\/wp-json\/wp\/v2\/comments?post=843513"}],"version-history":[{"count":0,"href":"https:\/\/nextsnkr.com\/lt\/wp-json\/wp\/v2\/product\/843513\/revisions"}],"wp:featuredmedia":[{"embeddable":true,"href":"https:\/\/nextsnkr.com\/lt\/wp-json\/wp\/v2\/media\/843514"}],"wp:attachment":[{"href":"https:\/\/nextsnkr.com\/lt\/wp-json\/wp\/v2\/media?parent=843513"}],"wp:term":[{"taxonomy":"product_brand","embeddable":true,"href":"https:\/\/nextsnkr.com\/lt\/wp-json\/wp\/v2\/product_brand?post=843513"},{"taxonomy":"product_cat","embeddable":true,"href":"https:\/\/nextsnkr.com\/lt\/wp-json\/wp\/v2\/product_cat?post=843513"},{"taxonomy":"product_tag","embeddable":true,"href":"https:\/\/nextsnkr.com\/lt\/wp-json\/wp\/v2\/product_tag?post=843513"}],"curies":[{"name":"wp","href":"https:\/\/api.w.org\/{rel}","templated":true}]}}