{"id":843003,"date":"2025-06-12T08:44:23","date_gmt":"2025-06-12T05:44:23","guid":{"rendered":"https:\/\/nextsnkr.com\/product\/adidas-gazelle-indoor-collegiate-green\/"},"modified":"2026-02-01T21:24:47","modified_gmt":"2026-02-01T18:24:47","slug":"adidas-gazelle-indoor-collegiate-green","status":"publish","type":"product","link":"https:\/\/nextsnkr.com\/lt\/produktas\/adidas-gazelle-indoor-collegiate-green\/","title":{"rendered":"Kedai Adidas Gazelle Indoor Collegiate Green zom\u0161iniai stiliui"},"content":{"rendered":"<h2>Kedai Adidas Gazelle Indoor Collegiate Green zom\u0161iniai stiliui<\/h2>\n<p>Adidas Gazelle &#8222;Indoor Collegiate Green&#8221; gaminami i\u0161 auk\u0161tos kokyb\u0117s zom\u0161os Vietname. Lengvas ir patogus, jie suteikia komfort\u0105 kasdieniam d\u0117v\u0117jimui ir aktyviam poilsiui. Stilinga \u017ealia spalva suteikia j\u016bs\u0173 \u012fvaizd\u017eiui \u0161vie\u017eumo ir individualumo. I\u0161sirinkite adidas Gazelle Indoor Collegiate Green sportinius batelius, kad j\u016bs\u0173 spintoje b\u016bt\u0173 madingas dizainas, kokyb\u0117 ir komfortas.<\/p>\n","protected":false},"excerpt":{"rendered":"<p>Adidas Gazelle &#8222;Indoor Collegiate Green&#8221; gaminami i\u0161 auk\u0161tos kokyb\u0117s zom\u0161os Vietname. Lengvas ir patogus, jie suteikia komfort\u0105 kasdieniam d\u0117v\u0117jimui ir aktyviam poilsiui. Stilinga \u017ealia spalva suteikia j\u016bs\u0173 \u012fvaizd\u017eiui \u0161vie\u017eumo ir individualumo. I\u0161sirinkite adidas Gazelle Indoor Collegiate Green sportinius batelius, kad j\u016bs\u0173 spintoje b\u016bt\u0173 madingas dizainas, kokyb\u0117 ir komfortas.<\/p>\n","protected":false},"featured_media":843004,"comment_status":"open","ping_status":"open","template":"","meta":[],"product_brand":[],"product_cat":[3264,3323],"product_tag":[],"class_list":{"0":"post-843003","1":"product","2":"type-product","3":"status-publish","4":"has-post-thumbnail","6":"product_cat-all-product","7":"product_cat-kedy","8":"pa_rozmir-910","9":"pa_rozmir-912","10":"pa_rozmir-914","11":"pa_rozmir-915","12":"pa_rozmir-916","13":"pa_rozmir-917","14":"pa_rozmir-918","15":"pa_rozmir-919","16":"pa_rozmir-920","17":"pa_rozmir-921","18":"pa_rozmir-922","20":"first","21":"instock","22":"purchasable","23":"product-type-variable"},"_links":{"self":[{"href":"https:\/\/nextsnkr.com\/lt\/wp-json\/wp\/v2\/product\/843003","targetHints":{"allow":["GET"]}}],"collection":[{"href":"https:\/\/nextsnkr.com\/lt\/wp-json\/wp\/v2\/product"}],"about":[{"href":"https:\/\/nextsnkr.com\/lt\/wp-json\/wp\/v2\/types\/product"}],"replies":[{"embeddable":true,"href":"https:\/\/nextsnkr.com\/lt\/wp-json\/wp\/v2\/comments?post=843003"}],"version-history":[{"count":0,"href":"https:\/\/nextsnkr.com\/lt\/wp-json\/wp\/v2\/product\/843003\/revisions"}],"wp:featuredmedia":[{"embeddable":true,"href":"https:\/\/nextsnkr.com\/lt\/wp-json\/wp\/v2\/media\/843004"}],"wp:attachment":[{"href":"https:\/\/nextsnkr.com\/lt\/wp-json\/wp\/v2\/media?parent=843003"}],"wp:term":[{"taxonomy":"product_brand","embeddable":true,"href":"https:\/\/nextsnkr.com\/lt\/wp-json\/wp\/v2\/product_brand?post=843003"},{"taxonomy":"product_cat","embeddable":true,"href":"https:\/\/nextsnkr.com\/lt\/wp-json\/wp\/v2\/product_cat?post=843003"},{"taxonomy":"product_tag","embeddable":true,"href":"https:\/\/nextsnkr.com\/lt\/wp-json\/wp\/v2\/product_tag?post=843003"}],"curies":[{"name":"wp","href":"https:\/\/api.w.org\/{rel}","templated":true}]}}