{"id":839779,"date":"2025-06-12T08:54:30","date_gmt":"2025-06-12T05:54:30","guid":{"rendered":"https:\/\/nextsnkr.com\/product\/p-6000-black\/"},"modified":"2026-02-01T21:23:01","modified_gmt":"2026-02-01T18:23:01","slug":"p-6000-black","status":"publish","type":"product","link":"https:\/\/nextsnkr.com\/lt\/produktas\/p-6000-black\/","title":{"rendered":"Batai P-6000 Black tekstil\u0117s stiliui ir komfortui"},"content":{"rendered":"<h2>Batai P-6000 Black tekstil\u0117s stiliui ir komfortui<\/h2>\n<p>&#8222;P-6000 Black&#8221; sportba\u010diai pagaminti i\u0161 patvarios tekstil\u0117s Vietname. Lengvas ir patogus dizainas suteikia komfort\u0105 kasdieniam d\u0117v\u0117jimui ir aktyviam poilsiui. Klasikin\u0117 juoda spalva suteikia universalumo ir \u0161iuolaiki\u0161kumo bet kokiam \u012fvaizd\u017eiui. Pasirinkite &#8222;P-6000 Black&#8221; sportba\u010dius, kad gal\u0117tum\u0117te derinti mados dizain\u0105, auk\u0161t\u0105 kokyb\u0119 ir prakti\u0161kum\u0105 savo drabu\u017ei\u0173 spintoje.<\/p>\n","protected":false},"excerpt":{"rendered":"<p>&#8222;P-6000 Black&#8221; sportba\u010diai pagaminti i\u0161 patvarios tekstil\u0117s Vietname. Lengvas ir patogus dizainas suteikia komfort\u0105 kasdieniam d\u0117v\u0117jimui ir aktyviam poilsiui. Klasikin\u0117 juoda spalva suteikia universalumo ir \u0161iuolaiki\u0161kumo bet kokiam \u012fvaizd\u017eiui. Pasirinkite &#8222;P-6000 Black&#8221; sportba\u010dius, kad gal\u0117tum\u0117te derinti mados dizain\u0105, auk\u0161t\u0105 kokyb\u0119 ir prakti\u0161kum\u0105 savo drabu\u017ei\u0173 spintoje.<\/p>\n","protected":false},"featured_media":839780,"comment_status":"open","ping_status":"open","template":"","meta":[],"product_brand":[],"product_cat":[3264,3265],"product_tag":[],"class_list":{"0":"post-839779","1":"product","2":"type-product","3":"status-publish","4":"has-post-thumbnail","6":"product_cat-all-product","7":"product_cat-krosivky","8":"pa_rozmir-910","9":"pa_rozmir-912","10":"pa_rozmir-914","11":"pa_rozmir-915","12":"pa_rozmir-916","13":"pa_rozmir-917","14":"pa_rozmir-918","15":"pa_rozmir-919","16":"pa_rozmir-920","17":"pa_rozmir-921","18":"pa_rozmir-922","20":"first","21":"onbackorder","22":"purchasable","23":"product-type-variable"},"_links":{"self":[{"href":"https:\/\/nextsnkr.com\/lt\/wp-json\/wp\/v2\/product\/839779","targetHints":{"allow":["GET"]}}],"collection":[{"href":"https:\/\/nextsnkr.com\/lt\/wp-json\/wp\/v2\/product"}],"about":[{"href":"https:\/\/nextsnkr.com\/lt\/wp-json\/wp\/v2\/types\/product"}],"replies":[{"embeddable":true,"href":"https:\/\/nextsnkr.com\/lt\/wp-json\/wp\/v2\/comments?post=839779"}],"version-history":[{"count":0,"href":"https:\/\/nextsnkr.com\/lt\/wp-json\/wp\/v2\/product\/839779\/revisions"}],"wp:featuredmedia":[{"embeddable":true,"href":"https:\/\/nextsnkr.com\/lt\/wp-json\/wp\/v2\/media\/839780"}],"wp:attachment":[{"href":"https:\/\/nextsnkr.com\/lt\/wp-json\/wp\/v2\/media?parent=839779"}],"wp:term":[{"taxonomy":"product_brand","embeddable":true,"href":"https:\/\/nextsnkr.com\/lt\/wp-json\/wp\/v2\/product_brand?post=839779"},{"taxonomy":"product_cat","embeddable":true,"href":"https:\/\/nextsnkr.com\/lt\/wp-json\/wp\/v2\/product_cat?post=839779"},{"taxonomy":"product_tag","embeddable":true,"href":"https:\/\/nextsnkr.com\/lt\/wp-json\/wp\/v2\/product_tag?post=839779"}],"curies":[{"name":"wp","href":"https:\/\/api.w.org\/{rel}","templated":true}]}}