{"id":832938,"date":"2025-06-12T15:54:13","date_gmt":"2025-06-12T12:54:13","guid":{"rendered":"https:\/\/nextsnkr.com\/product\/prada-platform-leather-lacked-black-shoes\/"},"modified":"2026-02-01T21:19:29","modified_gmt":"2026-02-01T18:19:29","slug":"prada-platform-leather-lacked-black-shoes","status":"publish","type":"product","link":"https:\/\/nextsnkr.com\/lt\/produktas\/prada-platform-leather-lacked-black-shoes\/","title":{"rendered":"Loferiai Prada Platform Black i\u0161 odos ant stilingo pado"},"content":{"rendered":"<h2>Loferiai Prada Platform Black i\u0161 odos ant stilingo pado<\/h2>\n<p>Loferiai Prada Platform Leather Lacked Black Shoes pagaminti i\u0161 auk\u0161tos kokyb\u0117s itali\u0161kos odos, derinant prabang\u0173 dizain\u0105 ir komfort\u0105. Platforma prideda modern\u0173 stili\u0173 ir patogum\u0105 vaik\u0161\u010diojant, o klasikin\u0117 juoda spalva lengvai derinama su bet kokia drabu\u017ei\u0173 spinta. Idealiai tinka kasdieniam d\u0117v\u0117jimui ir ypatingiems renginiams, \u0161ie loferiai pabr\u0117\u017es j\u016bs\u0173 skon\u012f ir status\u0105. Pasirinkite Prada ir m\u0117gaukit\u0117s kokybe ir elegancija kiekvien\u0105 dien\u0105.<\/p>\n","protected":false},"excerpt":{"rendered":"<p>Loferiai Prada Platform Leather Lacked Black Shoes pagaminti i\u0161 auk\u0161tos kokyb\u0117s itali\u0161kos odos, derinant prabang\u0173 dizain\u0105 ir komfort\u0105. Platforma prideda modern\u0173 stili\u0173 ir patogum\u0105 vaik\u0161\u010diojant, o klasikin\u0117 juoda spalva lengvai derinama su bet kokia drabu\u017ei\u0173 spinta. Idealiai tinka kasdieniam d\u0117v\u0117jimui ir ypatingiems renginiams, \u0161ie loferiai pabr\u0117\u017es j\u016bs\u0173 skon\u012f ir status\u0105. Pasirinkite Prada ir m\u0117gaukit\u0117s kokybe ir elegancija kiekvien\u0105 dien\u0105.<\/p>\n","protected":false},"featured_media":832939,"comment_status":"open","ping_status":"open","template":"","meta":[],"product_brand":[],"product_cat":[3264,4245],"product_tag":[],"class_list":{"0":"post-832938","1":"product","2":"type-product","3":"status-publish","4":"has-post-thumbnail","6":"product_cat-all-product","7":"product_cat-lofery","8":"pa_rozmir-910","9":"pa_rozmir-912","10":"pa_rozmir-914","11":"pa_rozmir-915","12":"pa_rozmir-916","13":"pa_rozmir-917","14":"pa_rozmir-918","15":"pa_rozmir-919","16":"pa_rozmir-920","17":"pa_rozmir-921","18":"pa_rozmir-922","20":"first","21":"instock","22":"purchasable","23":"product-type-variable"},"_links":{"self":[{"href":"https:\/\/nextsnkr.com\/lt\/wp-json\/wp\/v2\/product\/832938","targetHints":{"allow":["GET"]}}],"collection":[{"href":"https:\/\/nextsnkr.com\/lt\/wp-json\/wp\/v2\/product"}],"about":[{"href":"https:\/\/nextsnkr.com\/lt\/wp-json\/wp\/v2\/types\/product"}],"replies":[{"embeddable":true,"href":"https:\/\/nextsnkr.com\/lt\/wp-json\/wp\/v2\/comments?post=832938"}],"version-history":[{"count":0,"href":"https:\/\/nextsnkr.com\/lt\/wp-json\/wp\/v2\/product\/832938\/revisions"}],"wp:featuredmedia":[{"embeddable":true,"href":"https:\/\/nextsnkr.com\/lt\/wp-json\/wp\/v2\/media\/832939"}],"wp:attachment":[{"href":"https:\/\/nextsnkr.com\/lt\/wp-json\/wp\/v2\/media?parent=832938"}],"wp:term":[{"taxonomy":"product_brand","embeddable":true,"href":"https:\/\/nextsnkr.com\/lt\/wp-json\/wp\/v2\/product_brand?post=832938"},{"taxonomy":"product_cat","embeddable":true,"href":"https:\/\/nextsnkr.com\/lt\/wp-json\/wp\/v2\/product_cat?post=832938"},{"taxonomy":"product_tag","embeddable":true,"href":"https:\/\/nextsnkr.com\/lt\/wp-json\/wp\/v2\/product_tag?post=832938"}],"curies":[{"name":"wp","href":"https:\/\/api.w.org\/{rel}","templated":true}]}}