{"id":830566,"date":"2025-06-12T16:01:00","date_gmt":"2025-06-12T13:01:00","guid":{"rendered":"https:\/\/nextsnkr.com\/product\/prada-double-wheel-nylon-gabardine-premium\/"},"modified":"2026-02-01T21:18:23","modified_gmt":"2026-02-01T18:18:23","slug":"prada-double-wheel-nylon-gabardine-premium","status":"publish","type":"product","link":"https:\/\/nextsnkr.com\/lt\/produktas\/prada-double-wheel-nylon-gabardine-premium\/","title":{"rendered":"Prada Double Wheel Nylon Gabardine Premium stilingi"},"content":{"rendered":"<h2>Prada Double Wheel Nylon Gabardine Premium stilingi<\/h2>\n<p>&#8222;Prada Double Wheel Nylon Gabardine Premium&#8221; yra pagaminti i\u0161 auk\u0161tos kokyb\u0117s tekstil\u0117s, derinant modern\u0173 dizain\u0105 ir komfort\u0105 kasdieniam d\u0117v\u0117jimui. Lengvas ir patvarus dizainas u\u017etikrina patogum\u0105 vaik\u0161\u010diojant, o auk\u0161\u010diausios kokyb\u0117s Italijos prek\u0117s \u017eenklas pabr\u0117\u017eia j\u016bs\u0173 stili\u0173 ir status\u0105. Idealiai tinka pasivaik\u0161\u010diojimams, miestams ir aktyviam poilsiui, \u0161ie batai bus ry\u0161kus j\u016bs\u0173 \u012fvaizd\u017eio akcentas, u\u017etikrinantis ilgaam\u017ei\u0161kum\u0105 ir komfort\u0105 kiekvien\u0105 dien\u0105.<\/p>\n","protected":false},"excerpt":{"rendered":"<p>&#8222;Prada Double Wheel Nylon Gabardine Premium&#8221; yra pagaminti i\u0161 auk\u0161tos kokyb\u0117s tekstil\u0117s, derinant modern\u0173 dizain\u0105 ir komfort\u0105 kasdieniam d\u0117v\u0117jimui. Lengvas ir patvarus dizainas u\u017etikrina patogum\u0105 vaik\u0161\u010diojant, o auk\u0161\u010diausios kokyb\u0117s Italijos prek\u0117s \u017eenklas pabr\u0117\u017eia j\u016bs\u0173 stili\u0173 ir status\u0105. Idealiai tinka pasivaik\u0161\u010diojimams, miestams ir aktyviam poilsiui, \u0161ie batai bus ry\u0161kus j\u016bs\u0173 \u012fvaizd\u017eio akcentas, u\u017etikrinantis ilgaam\u017ei\u0161kum\u0105 ir komfort\u0105 kiekvien\u0105 dien\u0105.<\/p>\n","protected":false},"featured_media":830567,"comment_status":"open","ping_status":"open","template":"","meta":[],"product_brand":[],"product_cat":[3264,3323],"product_tag":[],"class_list":{"0":"post-830566","1":"product","2":"type-product","3":"status-publish","4":"has-post-thumbnail","6":"product_cat-all-product","7":"product_cat-kedy","8":"pa_rozmir-910","9":"pa_rozmir-912","10":"pa_rozmir-914","11":"pa_rozmir-915","12":"pa_rozmir-916","13":"pa_rozmir-917","14":"pa_rozmir-918","15":"pa_rozmir-919","16":"pa_rozmir-920","17":"pa_rozmir-921","18":"pa_rozmir-922","20":"first","21":"onbackorder","22":"purchasable","23":"product-type-variable"},"_links":{"self":[{"href":"https:\/\/nextsnkr.com\/lt\/wp-json\/wp\/v2\/product\/830566","targetHints":{"allow":["GET"]}}],"collection":[{"href":"https:\/\/nextsnkr.com\/lt\/wp-json\/wp\/v2\/product"}],"about":[{"href":"https:\/\/nextsnkr.com\/lt\/wp-json\/wp\/v2\/types\/product"}],"replies":[{"embeddable":true,"href":"https:\/\/nextsnkr.com\/lt\/wp-json\/wp\/v2\/comments?post=830566"}],"version-history":[{"count":0,"href":"https:\/\/nextsnkr.com\/lt\/wp-json\/wp\/v2\/product\/830566\/revisions"}],"wp:featuredmedia":[{"embeddable":true,"href":"https:\/\/nextsnkr.com\/lt\/wp-json\/wp\/v2\/media\/830567"}],"wp:attachment":[{"href":"https:\/\/nextsnkr.com\/lt\/wp-json\/wp\/v2\/media?parent=830566"}],"wp:term":[{"taxonomy":"product_brand","embeddable":true,"href":"https:\/\/nextsnkr.com\/lt\/wp-json\/wp\/v2\/product_brand?post=830566"},{"taxonomy":"product_cat","embeddable":true,"href":"https:\/\/nextsnkr.com\/lt\/wp-json\/wp\/v2\/product_cat?post=830566"},{"taxonomy":"product_tag","embeddable":true,"href":"https:\/\/nextsnkr.com\/lt\/wp-json\/wp\/v2\/product_tag?post=830566"}],"curies":[{"name":"wp","href":"https:\/\/api.w.org\/{rel}","templated":true}]}}