{"id":829367,"date":"2025-06-13T09:20:20","date_gmt":"2025-06-13T06:20:20","guid":{"rendered":"https:\/\/nextsnkr.com\/product\/adidas-ozelia-golden-rose\/"},"modified":"2026-02-01T21:17:38","modified_gmt":"2026-02-01T18:17:38","slug":"adidas-ozelia-golden-rose","status":"publish","type":"product","link":"https:\/\/nextsnkr.com\/lt\/produktas\/adidas-ozelia-golden-rose\/","title":{"rendered":"Sportiniai bateliai adidasolelia Golden Rose Zom\u0161in\u0117s tekstil\u0117s"},"content":{"rendered":"<h2>Sportiniai bateliai adidasolelia Golden Rose Zom\u0161in\u0117s tekstil\u0117s<\/h2>\n<p>Sportiniai bateliai Adidasolelia Golden Rose derina stili\u0173 ir komfort\u0105 kasdieniam d\u0117v\u0117jimui. Pagaminti i\u0161 auk\u0161tos kokyb\u0117s zom\u0161os ir tekstil\u0117s, jie u\u017etikrina ilgaam\u017ei\u0161kum\u0105, lengvum\u0105 ir puiki\u0105 p\u0117dos ventiliacij\u0105. Adidas prek\u0117s \u017eenklas garantuoja auk\u0161t\u0105 kokyb\u0119 ir \u0161iuolaiki\u0161k\u0105 dizain\u0105, o subtilus auksinis ro\u017einis atspalvis daro sportba\u010dius universaliu pasirinkimu sportui, pasivaik\u0161\u010diojimams ir madingo \u012fvaizd\u017eio k\u016brimui.<\/p>\n","protected":false},"excerpt":{"rendered":"<p>Sportiniai bateliai Adidasolelia Golden Rose derina stili\u0173 ir komfort\u0105 kasdieniam d\u0117v\u0117jimui. Pagaminti i\u0161 auk\u0161tos kokyb\u0117s zom\u0161os ir tekstil\u0117s, jie u\u017etikrina ilgaam\u017ei\u0161kum\u0105, lengvum\u0105 ir puiki\u0105 p\u0117dos ventiliacij\u0105. Adidas prek\u0117s \u017eenklas garantuoja auk\u0161t\u0105 kokyb\u0119 ir \u0161iuolaiki\u0161k\u0105 dizain\u0105, o subtilus auksinis ro\u017einis atspalvis daro sportba\u010dius universaliu pasirinkimu sportui, pasivaik\u0161\u010diojimams ir madingo \u012fvaizd\u017eio k\u016brimui.<\/p>\n","protected":false},"featured_media":829368,"comment_status":"open","ping_status":"open","template":"","meta":[],"product_brand":[],"product_cat":[3264,3265],"product_tag":[],"class_list":{"0":"post-829367","1":"product","2":"type-product","3":"status-publish","4":"has-post-thumbnail","6":"product_cat-all-product","7":"product_cat-krosivky","8":"pa_rozmir-910","9":"pa_rozmir-912","10":"pa_rozmir-914","11":"pa_rozmir-915","12":"pa_rozmir-916","13":"pa_rozmir-917","14":"pa_rozmir-918","15":"pa_rozmir-919","16":"pa_rozmir-920","17":"pa_rozmir-921","18":"pa_rozmir-922","20":"first","21":"onbackorder","22":"purchasable","23":"product-type-variable"},"_links":{"self":[{"href":"https:\/\/nextsnkr.com\/lt\/wp-json\/wp\/v2\/product\/829367","targetHints":{"allow":["GET"]}}],"collection":[{"href":"https:\/\/nextsnkr.com\/lt\/wp-json\/wp\/v2\/product"}],"about":[{"href":"https:\/\/nextsnkr.com\/lt\/wp-json\/wp\/v2\/types\/product"}],"replies":[{"embeddable":true,"href":"https:\/\/nextsnkr.com\/lt\/wp-json\/wp\/v2\/comments?post=829367"}],"version-history":[{"count":0,"href":"https:\/\/nextsnkr.com\/lt\/wp-json\/wp\/v2\/product\/829367\/revisions"}],"wp:featuredmedia":[{"embeddable":true,"href":"https:\/\/nextsnkr.com\/lt\/wp-json\/wp\/v2\/media\/829368"}],"wp:attachment":[{"href":"https:\/\/nextsnkr.com\/lt\/wp-json\/wp\/v2\/media?parent=829367"}],"wp:term":[{"taxonomy":"product_brand","embeddable":true,"href":"https:\/\/nextsnkr.com\/lt\/wp-json\/wp\/v2\/product_brand?post=829367"},{"taxonomy":"product_cat","embeddable":true,"href":"https:\/\/nextsnkr.com\/lt\/wp-json\/wp\/v2\/product_cat?post=829367"},{"taxonomy":"product_tag","embeddable":true,"href":"https:\/\/nextsnkr.com\/lt\/wp-json\/wp\/v2\/product_tag?post=829367"}],"curies":[{"name":"wp","href":"https:\/\/api.w.org\/{rel}","templated":true}]}}