{"id":828858,"date":"2025-06-13T09:21:24","date_gmt":"2025-06-13T06:21:24","guid":{"rendered":"https:\/\/nextsnkr.com\/product\/samba-white\/"},"modified":"2026-02-01T21:17:23","modified_gmt":"2026-02-01T18:17:23","slug":"samba-white","status":"publish","type":"product","link":"https:\/\/nextsnkr.com\/lt\/produktas\/samba-white\/","title":{"rendered":"Bateliai Adidas Samba White i\u0161 nat\u016bralios odos kasdieniam d\u0117v\u0117jimui"},"content":{"rendered":"<h2>Bateliai Adidas Samba White i\u0161 nat\u016bralios odos kasdieniam d\u0117v\u0117jimui<\/h2>\n<p>&#8222;Samba White&#8221; bateliai i\u0161 &#8222;Adidas&#8221; prek\u0117s \u017eenklo yra pagaminti i\u0161 auk\u0161tos kokyb\u0117s nat\u016bralios odos, kuri vis\u0105 dien\u0105 u\u017etikrina ilgaam\u017ei\u0161kum\u0105 ir komfort\u0105. Klasikinis dizainas ir universali balta spalva puikiai tinka kasdieniam naudojimui, sportui ir aktyviam poilsiui. Lengvas ir patvarus padas u\u017etikrina stabilum\u0105 ir patogum\u0105 vaik\u0161\u010diojant, derinant stili\u0173 ir prakti\u0161kum\u0105 kiekviename \u017eingsnyje.<\/p>\n","protected":false},"excerpt":{"rendered":"<p>&#8222;Samba White&#8221; bateliai i\u0161 &#8222;Adidas&#8221; prek\u0117s \u017eenklo yra pagaminti i\u0161 auk\u0161tos kokyb\u0117s nat\u016bralios odos, kuri vis\u0105 dien\u0105 u\u017etikrina ilgaam\u017ei\u0161kum\u0105 ir komfort\u0105. Klasikinis dizainas ir universali balta spalva puikiai tinka kasdieniam naudojimui, sportui ir aktyviam poilsiui. Lengvas ir patvarus padas u\u017etikrina stabilum\u0105 ir patogum\u0105 vaik\u0161\u010diojant, derinant stili\u0173 ir prakti\u0161kum\u0105 kiekviename \u017eingsnyje.<\/p>\n","protected":false},"featured_media":828859,"comment_status":"open","ping_status":"open","template":"","meta":[],"product_brand":[],"product_cat":[3264,3323],"product_tag":[],"class_list":{"0":"post-828858","1":"product","2":"type-product","3":"status-publish","4":"has-post-thumbnail","6":"product_cat-all-product","7":"product_cat-kedy","8":"pa_rozmir-910","9":"pa_rozmir-912","10":"pa_rozmir-914","11":"pa_rozmir-915","12":"pa_rozmir-916","13":"pa_rozmir-917","14":"pa_rozmir-918","15":"pa_rozmir-919","16":"pa_rozmir-920","17":"pa_rozmir-921","18":"pa_rozmir-922","20":"first","21":"onbackorder","22":"purchasable","23":"product-type-variable"},"_links":{"self":[{"href":"https:\/\/nextsnkr.com\/lt\/wp-json\/wp\/v2\/product\/828858","targetHints":{"allow":["GET"]}}],"collection":[{"href":"https:\/\/nextsnkr.com\/lt\/wp-json\/wp\/v2\/product"}],"about":[{"href":"https:\/\/nextsnkr.com\/lt\/wp-json\/wp\/v2\/types\/product"}],"replies":[{"embeddable":true,"href":"https:\/\/nextsnkr.com\/lt\/wp-json\/wp\/v2\/comments?post=828858"}],"version-history":[{"count":0,"href":"https:\/\/nextsnkr.com\/lt\/wp-json\/wp\/v2\/product\/828858\/revisions"}],"wp:featuredmedia":[{"embeddable":true,"href":"https:\/\/nextsnkr.com\/lt\/wp-json\/wp\/v2\/media\/828859"}],"wp:attachment":[{"href":"https:\/\/nextsnkr.com\/lt\/wp-json\/wp\/v2\/media?parent=828858"}],"wp:term":[{"taxonomy":"product_brand","embeddable":true,"href":"https:\/\/nextsnkr.com\/lt\/wp-json\/wp\/v2\/product_brand?post=828858"},{"taxonomy":"product_cat","embeddable":true,"href":"https:\/\/nextsnkr.com\/lt\/wp-json\/wp\/v2\/product_cat?post=828858"},{"taxonomy":"product_tag","embeddable":true,"href":"https:\/\/nextsnkr.com\/lt\/wp-json\/wp\/v2\/product_tag?post=828858"}],"curies":[{"name":"wp","href":"https:\/\/api.w.org\/{rel}","templated":true}]}}