{"id":828688,"date":"2025-06-13T09:22:05","date_gmt":"2025-06-13T06:22:05","guid":{"rendered":"https:\/\/nextsnkr.com\/product\/adidas-forum-low-white-blue\/"},"modified":"2026-02-01T21:17:18","modified_gmt":"2026-02-01T18:17:18","slug":"adidas-forum-low-white-blue","status":"publish","type":"product","link":"https:\/\/nextsnkr.com\/lt\/produktas\/adidas-forum-low-white-blue\/","title":{"rendered":"Adidas Forum Low White Blue i\u0161 odos stilingam komfortui"},"content":{"rendered":"<h2>Adidas Forum Low White Blue i\u0161 odos stilingam komfortui<\/h2>\n<p>Adidas Forum Low White Blue yra pagamintas i\u0161 auk\u0161tos kokyb\u0117s odos, kuri u\u017etikrina ilgaam\u017ei\u0161kum\u0105 ir komfort\u0105 kasdien d\u0117vint. Stilingas baltos ir m\u0117lynos spalv\u0173 derinys daro juos universaliais sportui, pasivaik\u0161\u010diojimams ir aktyviam poilsiui. Lengvas ir patvarus padas garantuoja stabilum\u0105 ir patogum\u0105 ant bet kokio pavir\u0161iaus, derinant mados dizain\u0105 ir prakti\u0161kum\u0105 kiekviename \u017eingsnyje.<\/p>\n","protected":false},"excerpt":{"rendered":"<p>Adidas Forum Low White Blue yra pagamintas i\u0161 auk\u0161tos kokyb\u0117s odos, kuri u\u017etikrina ilgaam\u017ei\u0161kum\u0105 ir komfort\u0105 kasdien d\u0117vint. Stilingas baltos ir m\u0117lynos spalv\u0173 derinys daro juos universaliais sportui, pasivaik\u0161\u010diojimams ir aktyviam poilsiui. Lengvas ir patvarus padas garantuoja stabilum\u0105 ir patogum\u0105 ant bet kokio pavir\u0161iaus, derinant mados dizain\u0105 ir prakti\u0161kum\u0105 kiekviename \u017eingsnyje.<\/p>\n","protected":false},"featured_media":828689,"comment_status":"open","ping_status":"open","template":"","meta":[],"product_brand":[],"product_cat":[3264,3323],"product_tag":[],"class_list":{"0":"post-828688","1":"product","2":"type-product","3":"status-publish","4":"has-post-thumbnail","6":"product_cat-all-product","7":"product_cat-kedy","8":"pa_rozmir-910","9":"pa_rozmir-912","10":"pa_rozmir-914","11":"pa_rozmir-915","12":"pa_rozmir-916","13":"pa_rozmir-917","14":"pa_rozmir-918","15":"pa_rozmir-919","16":"pa_rozmir-920","17":"pa_rozmir-921","18":"pa_rozmir-922","20":"first","21":"onbackorder","22":"purchasable","23":"product-type-variable"},"_links":{"self":[{"href":"https:\/\/nextsnkr.com\/lt\/wp-json\/wp\/v2\/product\/828688","targetHints":{"allow":["GET"]}}],"collection":[{"href":"https:\/\/nextsnkr.com\/lt\/wp-json\/wp\/v2\/product"}],"about":[{"href":"https:\/\/nextsnkr.com\/lt\/wp-json\/wp\/v2\/types\/product"}],"replies":[{"embeddable":true,"href":"https:\/\/nextsnkr.com\/lt\/wp-json\/wp\/v2\/comments?post=828688"}],"version-history":[{"count":0,"href":"https:\/\/nextsnkr.com\/lt\/wp-json\/wp\/v2\/product\/828688\/revisions"}],"wp:featuredmedia":[{"embeddable":true,"href":"https:\/\/nextsnkr.com\/lt\/wp-json\/wp\/v2\/media\/828689"}],"wp:attachment":[{"href":"https:\/\/nextsnkr.com\/lt\/wp-json\/wp\/v2\/media?parent=828688"}],"wp:term":[{"taxonomy":"product_brand","embeddable":true,"href":"https:\/\/nextsnkr.com\/lt\/wp-json\/wp\/v2\/product_brand?post=828688"},{"taxonomy":"product_cat","embeddable":true,"href":"https:\/\/nextsnkr.com\/lt\/wp-json\/wp\/v2\/product_cat?post=828688"},{"taxonomy":"product_tag","embeddable":true,"href":"https:\/\/nextsnkr.com\/lt\/wp-json\/wp\/v2\/product_tag?post=828688"}],"curies":[{"name":"wp","href":"https:\/\/api.w.org\/{rel}","templated":true}]}}