{"id":828349,"date":"2025-06-13T09:22:45","date_gmt":"2025-06-13T06:22:45","guid":{"rendered":"https:\/\/nextsnkr.com\/product\/adidas-niteball-green-lux\/"},"modified":"2026-02-01T21:17:09","modified_gmt":"2026-02-01T18:17:09","slug":"adidas-niteball-green-lux","status":"publish","type":"product","link":"https:\/\/nextsnkr.com\/lt\/produktas\/adidas-niteball-green-lux\/","title":{"rendered":"Adidas Forum Low White Black i\u0161 odos-stilius ir komfortas"},"content":{"rendered":"<h2>Adidas Forum Low White Black i\u0161 odos-stilius ir komfortas<\/h2>\n<p>Adidas Forum Low White Black-kultinis odos modelis, derinantis stili\u0173 ir patikim\u0105 kokyb\u0119. Prek\u0117s \u017eenklo med\u017eiagos u\u017etikrina ilgaam\u017ei\u0161kum\u0105, o patogus ma\u017eas sodinimas puikiai tinka kasdieniam naudojimui. Juodi akcentai baltame fone prideda universalumo, lengvai derinami su bet kokiu b\u016bdu. Gaminami Vietname, \u0161ie k\u0117d\u0117s garantuoja komfort\u0105, stiprum\u0105 ir pasitik\u0117jim\u0105 kiekvienu \u017eingsniu. Pasirinkite &#8222;Adidas Forum Low&#8221; &#8211; \u012frodyt\u0105 klasik\u0105, kuri visada yra tendencija.<\/p>\n","protected":false},"excerpt":{"rendered":"<p>Adidas Forum Low White Black-kultinis odos modelis, derinantis stili\u0173 ir patikim\u0105 kokyb\u0119. Prek\u0117s \u017eenklo med\u017eiagos u\u017etikrina ilgaam\u017ei\u0161kum\u0105, o patogus ma\u017eas sodinimas puikiai tinka kasdieniam naudojimui. Juodi akcentai baltame fone prideda universalumo, lengvai derinami su bet kokiu b\u016bdu. Gaminami Vietname, \u0161ie k\u0117d\u0117s garantuoja komfort\u0105, stiprum\u0105 ir pasitik\u0117jim\u0105 kiekvienu \u017eingsniu. Pasirinkite &#8222;Adidas Forum Low&#8221; &#8211; \u012frodyt\u0105 klasik\u0105, kuri visada yra tendencija.<\/p>\n","protected":false},"featured_media":828350,"comment_status":"open","ping_status":"open","template":"","meta":[],"product_brand":[],"product_cat":[3264,3265],"product_tag":[],"class_list":{"0":"post-828349","1":"product","2":"type-product","3":"status-publish","4":"has-post-thumbnail","6":"product_cat-all-product","7":"product_cat-krosivky","8":"pa_rozmir-910","9":"pa_rozmir-912","10":"pa_rozmir-914","11":"pa_rozmir-915","12":"pa_rozmir-916","13":"pa_rozmir-917","14":"pa_rozmir-918","15":"pa_rozmir-919","16":"pa_rozmir-920","17":"pa_rozmir-921","18":"pa_rozmir-922","20":"first","21":"instock","22":"purchasable","23":"product-type-variable"},"_links":{"self":[{"href":"https:\/\/nextsnkr.com\/lt\/wp-json\/wp\/v2\/product\/828349","targetHints":{"allow":["GET"]}}],"collection":[{"href":"https:\/\/nextsnkr.com\/lt\/wp-json\/wp\/v2\/product"}],"about":[{"href":"https:\/\/nextsnkr.com\/lt\/wp-json\/wp\/v2\/types\/product"}],"replies":[{"embeddable":true,"href":"https:\/\/nextsnkr.com\/lt\/wp-json\/wp\/v2\/comments?post=828349"}],"version-history":[{"count":0,"href":"https:\/\/nextsnkr.com\/lt\/wp-json\/wp\/v2\/product\/828349\/revisions"}],"wp:featuredmedia":[{"embeddable":true,"href":"https:\/\/nextsnkr.com\/lt\/wp-json\/wp\/v2\/media\/828350"}],"wp:attachment":[{"href":"https:\/\/nextsnkr.com\/lt\/wp-json\/wp\/v2\/media?parent=828349"}],"wp:term":[{"taxonomy":"product_brand","embeddable":true,"href":"https:\/\/nextsnkr.com\/lt\/wp-json\/wp\/v2\/product_brand?post=828349"},{"taxonomy":"product_cat","embeddable":true,"href":"https:\/\/nextsnkr.com\/lt\/wp-json\/wp\/v2\/product_cat?post=828349"},{"taxonomy":"product_tag","embeddable":true,"href":"https:\/\/nextsnkr.com\/lt\/wp-json\/wp\/v2\/product_tag?post=828349"}],"curies":[{"name":"wp","href":"https:\/\/api.w.org\/{rel}","templated":true}]}}