{"id":823418,"date":"2025-06-12T16:08:56","date_gmt":"2025-06-12T13:08:56","guid":{"rendered":"https:\/\/nextsnkr.com\/product\/ugg-classic-mini-clear-grey\/"},"modified":"2026-02-01T21:14:43","modified_gmt":"2026-02-01T18:14:43","slug":"ugg-classic-mini-clear-grey","status":"publish","type":"product","link":"https:\/\/nextsnkr.com\/lt\/produktas\/ugg-classic-mini-clear-grey\/","title":{"rendered":"UGG Classic Mini &#8221; Clear Grey gumos su \u043e\u0432\u0447\u0438\u043d\u043e\u0439 stilinga ir patogi"},"content":{"rendered":"<h2>UGG Classic Mini &#8221; Clear Grey gumos su \u043e\u0432\u0447\u0438\u043d\u043e\u0439 stilinga ir patogi<\/h2>\n<p>UGG Classic Mini Clear Grey batai yra pagaminti i\u0161 auk\u0161tos kokyb\u0117s gumos ir avikailio derinio, kuris u\u017etikrina \u0161ilum\u0105, atsparum\u0105 vandeniui ir komfort\u0105 d\u0117vint. Skaidrus pilkas dizainas papildo modernum\u0105 ir universalum\u0105, tinka bet kokiam vaizdui. Lengvas dizainas ir patogus padas daro model\u012f idealiu pasivaik\u0161\u010diojimams, miestui ir aktyviam poilsiui. Pasirinkite UGG Classic Mini Clear Grey patogumui, prakti\u0161kumui ir stilingam \u012fvaizd\u017eiui kiekvien\u0105 dien\u0105.<\/p>\n","protected":false},"excerpt":{"rendered":"<p>UGG Classic Mini Clear Grey batai yra pagaminti i\u0161 auk\u0161tos kokyb\u0117s gumos ir avikailio derinio, kuris u\u017etikrina \u0161ilum\u0105, atsparum\u0105 vandeniui ir komfort\u0105 d\u0117vint. Skaidrus pilkas dizainas papildo modernum\u0105 ir universalum\u0105, tinka bet kokiam vaizdui. Lengvas dizainas ir patogus padas daro model\u012f idealiu pasivaik\u0161\u010diojimams, miestui ir aktyviam poilsiui. Pasirinkite UGG Classic Mini Clear Grey patogumui, prakti\u0161kumui ir stilingam \u012fvaizd\u017eiui kiekvien\u0105 dien\u0105.<\/p>\n","protected":false},"featured_media":823424,"comment_status":"open","ping_status":"open","template":"","meta":[],"product_brand":[],"product_cat":[3412,3264],"product_tag":[],"class_list":{"0":"post-823418","1":"product","2":"type-product","3":"status-publish","4":"has-post-thumbnail","6":"product_cat-ugg","7":"product_cat-all-product","8":"pa_rozmir-910","9":"pa_rozmir-912","10":"pa_rozmir-914","11":"pa_rozmir-915","12":"pa_rozmir-916","13":"pa_rozmir-917","14":"pa_rozmir-918","15":"pa_rozmir-919","16":"pa_rozmir-920","17":"pa_rozmir-921","18":"pa_rozmir-922","20":"first","21":"instock","22":"purchasable","23":"product-type-variable"},"_links":{"self":[{"href":"https:\/\/nextsnkr.com\/lt\/wp-json\/wp\/v2\/product\/823418","targetHints":{"allow":["GET"]}}],"collection":[{"href":"https:\/\/nextsnkr.com\/lt\/wp-json\/wp\/v2\/product"}],"about":[{"href":"https:\/\/nextsnkr.com\/lt\/wp-json\/wp\/v2\/types\/product"}],"replies":[{"embeddable":true,"href":"https:\/\/nextsnkr.com\/lt\/wp-json\/wp\/v2\/comments?post=823418"}],"version-history":[{"count":0,"href":"https:\/\/nextsnkr.com\/lt\/wp-json\/wp\/v2\/product\/823418\/revisions"}],"wp:featuredmedia":[{"embeddable":true,"href":"https:\/\/nextsnkr.com\/lt\/wp-json\/wp\/v2\/media\/823424"}],"wp:attachment":[{"href":"https:\/\/nextsnkr.com\/lt\/wp-json\/wp\/v2\/media?parent=823418"}],"wp:term":[{"taxonomy":"product_brand","embeddable":true,"href":"https:\/\/nextsnkr.com\/lt\/wp-json\/wp\/v2\/product_brand?post=823418"},{"taxonomy":"product_cat","embeddable":true,"href":"https:\/\/nextsnkr.com\/lt\/wp-json\/wp\/v2\/product_cat?post=823418"},{"taxonomy":"product_tag","embeddable":true,"href":"https:\/\/nextsnkr.com\/lt\/wp-json\/wp\/v2\/product_tag?post=823418"}],"curies":[{"name":"wp","href":"https:\/\/api.w.org\/{rel}","templated":true}]}}