{"id":822096,"date":"2025-06-12T16:10:18","date_gmt":"2025-06-12T13:10:18","guid":{"rendered":"https:\/\/nextsnkr.com\/product\/bailey-bow-red\/"},"modified":"2026-02-01T21:13:55","modified_gmt":"2026-02-01T18:13:55","slug":"bailey-bow-red","status":"publish","type":"product","link":"https:\/\/nextsnkr.com\/lt\/produktas\/bailey-bow-red\/","title":{"rendered":"UGG Bailey Bow &#8221; Red \u0437\u0430\u043c\u0448\u0435\u0432\u044b\u0435 su si\u016blai-plikas stilingas ir \u0161iltas"},"content":{"rendered":"<h2>UGG Bailey Bow &#8221; Red \u0437\u0430\u043c\u0448\u0435\u0432\u044b\u0435 su si\u016blai-plikas stilingas ir \u0161iltas<\/h2>\n<p>UGG Bailey Bow Red batai yra pagaminti i\u0161 nat\u016bralaus zom\u0161os ir izoliuoti mink\u0161tu kailiu, kuris \u0161altuoju met\u0173 laiku suteikia \u0161ilum\u0105 ir komfort\u0105. Ry\u0161kiai raudona spalva prideda i\u0161rai\u0161kingumo ir stilingumo vaizd\u0105, o kulno lankas pabr\u0117\u017eia moteri\u0161k\u0105 ir eleganti\u0161k\u0105 dizain\u0105. Lengvas dizainas ir patogus padas puikiai tinka kasdieniam d\u0117v\u0117jimui, pasivaik\u0161\u010diojimams ir miesto veiklai. Pasirinkite Ugg Bailey Bow Red d\u0117l komforto, stiliaus ir auk\u0161tos kokyb\u0117s.<\/p>\n","protected":false},"excerpt":{"rendered":"<p>UGG Bailey Bow Red batai yra pagaminti i\u0161 nat\u016bralaus zom\u0161os ir izoliuoti mink\u0161tu kailiu, kuris \u0161altuoju met\u0173 laiku suteikia \u0161ilum\u0105 ir komfort\u0105. Ry\u0161kiai raudona spalva prideda i\u0161rai\u0161kingumo ir stilingumo vaizd\u0105, o kulno lankas pabr\u0117\u017eia moteri\u0161k\u0105 ir eleganti\u0161k\u0105 dizain\u0105. Lengvas dizainas ir patogus padas puikiai tinka kasdieniam d\u0117v\u0117jimui, pasivaik\u0161\u010diojimams ir miesto veiklai. Pasirinkite Ugg Bailey Bow Red d\u0117l komforto, stiliaus ir auk\u0161tos kokyb\u0117s.<\/p>\n","protected":false},"featured_media":822098,"comment_status":"open","ping_status":"open","template":"","meta":[],"product_brand":[],"product_cat":[3412,3264],"product_tag":[],"class_list":{"0":"post-822096","1":"product","2":"type-product","3":"status-publish","4":"has-post-thumbnail","6":"product_cat-ugg","7":"product_cat-all-product","8":"pa_rozmir-910","9":"pa_rozmir-912","10":"pa_rozmir-914","11":"pa_rozmir-915","12":"pa_rozmir-916","13":"pa_rozmir-917","14":"pa_rozmir-918","15":"pa_rozmir-919","16":"pa_rozmir-920","17":"pa_rozmir-921","18":"pa_rozmir-922","20":"first","21":"instock","22":"purchasable","23":"product-type-variable"},"_links":{"self":[{"href":"https:\/\/nextsnkr.com\/lt\/wp-json\/wp\/v2\/product\/822096","targetHints":{"allow":["GET"]}}],"collection":[{"href":"https:\/\/nextsnkr.com\/lt\/wp-json\/wp\/v2\/product"}],"about":[{"href":"https:\/\/nextsnkr.com\/lt\/wp-json\/wp\/v2\/types\/product"}],"replies":[{"embeddable":true,"href":"https:\/\/nextsnkr.com\/lt\/wp-json\/wp\/v2\/comments?post=822096"}],"version-history":[{"count":0,"href":"https:\/\/nextsnkr.com\/lt\/wp-json\/wp\/v2\/product\/822096\/revisions"}],"wp:featuredmedia":[{"embeddable":true,"href":"https:\/\/nextsnkr.com\/lt\/wp-json\/wp\/v2\/media\/822098"}],"wp:attachment":[{"href":"https:\/\/nextsnkr.com\/lt\/wp-json\/wp\/v2\/media?parent=822096"}],"wp:term":[{"taxonomy":"product_brand","embeddable":true,"href":"https:\/\/nextsnkr.com\/lt\/wp-json\/wp\/v2\/product_brand?post=822096"},{"taxonomy":"product_cat","embeddable":true,"href":"https:\/\/nextsnkr.com\/lt\/wp-json\/wp\/v2\/product_cat?post=822096"},{"taxonomy":"product_tag","embeddable":true,"href":"https:\/\/nextsnkr.com\/lt\/wp-json\/wp\/v2\/product_tag?post=822096"}],"curies":[{"name":"wp","href":"https:\/\/api.w.org\/{rel}","templated":true}]}}