{"id":821755,"date":"2025-06-12T16:10:38","date_gmt":"2025-06-12T13:10:38","guid":{"rendered":"https:\/\/nextsnkr.com\/product\/baley-beige\/"},"modified":"2026-02-01T21:13:46","modified_gmt":"2026-02-01T18:13:46","slug":"baley-beige","status":"publish","type":"product","link":"https:\/\/nextsnkr.com\/lt\/produktas\/baley-beige\/","title":{"rendered":"UGG Baley Beige zom\u0161iniai su kailiais Sm\u0117lio spalvos komforti\u0161ki ir stilingi"},"content":{"rendered":"<h2>UGG Baley Beige zom\u0161iniai su kailiais Sm\u0117lio spalvos komforti\u0161ki ir stilingi<\/h2>\n<p>UGG Baley Beige batai yra pagaminti i\u0161 nat\u016bralaus zom\u0161os ir izoliuoti mink\u0161tais dirbtiniais kailiais, kurie \u0161altuoju met\u0173 laiku suteikia \u0161ilum\u0105 ir komfort\u0105. Sm\u0117lio spalvos daro model\u012f universalus ir lengvai derinamas su bet kokia drabu\u017ei\u0173 spinta. Lengvas dizainas ir patogus padas garantuoja patog\u0173 kasdien\u012f d\u0117v\u0117jim\u0105, vaik\u0161\u010diojim\u0105 ir aktyv\u0173 poils\u012f. Pasirinkite Ugg Baley Beige, kad suderintum\u0117te stili\u0173, prakti\u0161kum\u0105 ir ilgaam\u017ei\u0161kum\u0105.<\/p>\n","protected":false},"excerpt":{"rendered":"<p>UGG Baley Beige batai yra pagaminti i\u0161 nat\u016bralaus zom\u0161os ir izoliuoti mink\u0161tais dirbtiniais kailiais, kurie \u0161altuoju met\u0173 laiku suteikia \u0161ilum\u0105 ir komfort\u0105. Sm\u0117lio spalvos daro model\u012f universalus ir lengvai derinamas su bet kokia drabu\u017ei\u0173 spinta. Lengvas dizainas ir patogus padas garantuoja patog\u0173 kasdien\u012f d\u0117v\u0117jim\u0105, vaik\u0161\u010diojim\u0105 ir aktyv\u0173 poils\u012f. Pasirinkite Ugg Baley Beige, kad suderintum\u0117te stili\u0173, prakti\u0161kum\u0105 ir ilgaam\u017ei\u0161kum\u0105.<\/p>\n","protected":false},"featured_media":821757,"comment_status":"open","ping_status":"open","template":"","meta":[],"product_brand":[],"product_cat":[3412,3264],"product_tag":[],"class_list":{"0":"post-821755","1":"product","2":"type-product","3":"status-publish","4":"has-post-thumbnail","6":"product_cat-ugg","7":"product_cat-all-product","8":"pa_rozmir-910","9":"pa_rozmir-912","10":"pa_rozmir-914","11":"pa_rozmir-915","12":"pa_rozmir-916","13":"pa_rozmir-917","14":"pa_rozmir-918","15":"pa_rozmir-919","16":"pa_rozmir-920","17":"pa_rozmir-921","18":"pa_rozmir-922","20":"first","21":"instock","22":"purchasable","23":"product-type-variable"},"_links":{"self":[{"href":"https:\/\/nextsnkr.com\/lt\/wp-json\/wp\/v2\/product\/821755","targetHints":{"allow":["GET"]}}],"collection":[{"href":"https:\/\/nextsnkr.com\/lt\/wp-json\/wp\/v2\/product"}],"about":[{"href":"https:\/\/nextsnkr.com\/lt\/wp-json\/wp\/v2\/types\/product"}],"replies":[{"embeddable":true,"href":"https:\/\/nextsnkr.com\/lt\/wp-json\/wp\/v2\/comments?post=821755"}],"version-history":[{"count":0,"href":"https:\/\/nextsnkr.com\/lt\/wp-json\/wp\/v2\/product\/821755\/revisions"}],"wp:featuredmedia":[{"embeddable":true,"href":"https:\/\/nextsnkr.com\/lt\/wp-json\/wp\/v2\/media\/821757"}],"wp:attachment":[{"href":"https:\/\/nextsnkr.com\/lt\/wp-json\/wp\/v2\/media?parent=821755"}],"wp:term":[{"taxonomy":"product_brand","embeddable":true,"href":"https:\/\/nextsnkr.com\/lt\/wp-json\/wp\/v2\/product_brand?post=821755"},{"taxonomy":"product_cat","embeddable":true,"href":"https:\/\/nextsnkr.com\/lt\/wp-json\/wp\/v2\/product_cat?post=821755"},{"taxonomy":"product_tag","embeddable":true,"href":"https:\/\/nextsnkr.com\/lt\/wp-json\/wp\/v2\/product_tag?post=821755"}],"curies":[{"name":"wp","href":"https:\/\/api.w.org\/{rel}","templated":true}]}}