{"id":819896,"date":"2025-06-12T16:13:02","date_gmt":"2025-06-12T13:13:02","guid":{"rendered":"https:\/\/nextsnkr.com\/product\/yeezy-boost-350-v2-black-premium\/"},"modified":"2026-02-01T21:12:56","modified_gmt":"2026-02-01T18:12:56","slug":"yeezy-boost-350-v2-black-premium","status":"publish","type":"product","link":"https:\/\/nextsnkr.com\/lt\/produktas\/yeezy-boost-350-v2-black-premium\/","title":{"rendered":"Sportiniai bateliai Yeezy Boost 350 V2 Black Premium tekstil\u0117s gaminiai"},"content":{"rendered":"<h2>Sportiniai bateliai Yeezy Boost 350 V2 Black Premium tekstil\u0117s gaminiai<\/h2>\n<p>&#8222;Yeezy Boost 350 V2 Black Premium&#8221; sportba\u010diai derina stiling\u0105 juod\u0105 dizain\u0105 ir auk\u0161tos kokyb\u0117s tekstil\u0119, kuri u\u017etikrina komfort\u0105 ir ilgaam\u017ei\u0161kum\u0105. Modelyje yra refleksiniai rai\u0161teliai, skirti patogumui ir saugumui vaik\u0161\u010dioti. Idealiai tinka kasdieniam d\u0117v\u0117jimui ir aktyviam gyvenimo b\u016bdui, pridedant \u0161iuolaikin\u012f j\u016bs\u0173 \u012fvaizd\u017eio stili\u0173. Pasirinkite &#8222;Yeezy Boost 350 V2 Black Premium&#8221;, skirt\u0105 madingiems ir patikimiems batams.<\/p>\n","protected":false},"excerpt":{"rendered":"<p>&#8222;Yeezy Boost 350 V2 Black Premium&#8221; sportba\u010diai derina stiling\u0105 juod\u0105 dizain\u0105 ir auk\u0161tos kokyb\u0117s tekstil\u0119, kuri u\u017etikrina komfort\u0105 ir ilgaam\u017ei\u0161kum\u0105. Modelyje yra refleksiniai rai\u0161teliai, skirti patogumui ir saugumui vaik\u0161\u010dioti. Idealiai tinka kasdieniam d\u0117v\u0117jimui ir aktyviam gyvenimo b\u016bdui, pridedant \u0161iuolaikin\u012f j\u016bs\u0173 \u012fvaizd\u017eio stili\u0173. Pasirinkite &#8222;Yeezy Boost 350 V2 Black Premium&#8221;, skirt\u0105 madingiems ir patikimiems batams.<\/p>\n","protected":false},"featured_media":819900,"comment_status":"open","ping_status":"open","template":"","meta":[],"product_brand":[],"product_cat":[3401,3264,3265],"product_tag":[],"class_list":{"0":"post-819896","1":"product","2":"type-product","3":"status-publish","4":"has-post-thumbnail","6":"product_cat-adidas-yeezy","7":"product_cat-all-product","8":"product_cat-krosivky","9":"pa_rozmir-910","10":"pa_rozmir-912","11":"pa_rozmir-914","12":"pa_rozmir-915","13":"pa_rozmir-916","14":"pa_rozmir-917","15":"pa_rozmir-918","16":"pa_rozmir-919","17":"pa_rozmir-920","18":"pa_rozmir-921","19":"pa_rozmir-922","21":"first","22":"instock","23":"purchasable","24":"product-type-variable"},"_links":{"self":[{"href":"https:\/\/nextsnkr.com\/lt\/wp-json\/wp\/v2\/product\/819896","targetHints":{"allow":["GET"]}}],"collection":[{"href":"https:\/\/nextsnkr.com\/lt\/wp-json\/wp\/v2\/product"}],"about":[{"href":"https:\/\/nextsnkr.com\/lt\/wp-json\/wp\/v2\/types\/product"}],"replies":[{"embeddable":true,"href":"https:\/\/nextsnkr.com\/lt\/wp-json\/wp\/v2\/comments?post=819896"}],"version-history":[{"count":0,"href":"https:\/\/nextsnkr.com\/lt\/wp-json\/wp\/v2\/product\/819896\/revisions"}],"wp:featuredmedia":[{"embeddable":true,"href":"https:\/\/nextsnkr.com\/lt\/wp-json\/wp\/v2\/media\/819900"}],"wp:attachment":[{"href":"https:\/\/nextsnkr.com\/lt\/wp-json\/wp\/v2\/media?parent=819896"}],"wp:term":[{"taxonomy":"product_brand","embeddable":true,"href":"https:\/\/nextsnkr.com\/lt\/wp-json\/wp\/v2\/product_brand?post=819896"},{"taxonomy":"product_cat","embeddable":true,"href":"https:\/\/nextsnkr.com\/lt\/wp-json\/wp\/v2\/product_cat?post=819896"},{"taxonomy":"product_tag","embeddable":true,"href":"https:\/\/nextsnkr.com\/lt\/wp-json\/wp\/v2\/product_tag?post=819896"}],"curies":[{"name":"wp","href":"https:\/\/api.w.org\/{rel}","templated":true}]}}