{"id":819212,"date":"2025-06-12T16:13:41","date_gmt":"2025-06-12T13:13:41","guid":{"rendered":"https:\/\/nextsnkr.com\/product\/dior\/"},"modified":"2026-02-01T21:12:26","modified_gmt":"2026-02-01T18:12:26","slug":"dior","status":"publish","type":"product","link":"https:\/\/nextsnkr.com\/lt\/produktas\/dior\/","title":{"rendered":"Dior sportba\u010diai stilingi ir patog\u016bs kasdieniam naudojimui"},"content":{"rendered":"<h2>Dior sportba\u010diai stilingi ir patog\u016bs kasdieniam naudojimui<\/h2>\n<p>Dior sportba\u010diai derina eleganti\u0161k\u0105 dizain\u0105 ir komfort\u0105 kasdieniam d\u0117v\u0117jimui. Pagaminti i\u0161 auk\u0161tos kokyb\u0117s med\u017eiag\u0173, jie u\u017etikrina patogum\u0105 ir ilgaam\u017ei\u0161kum\u0105. Idealiai tinka mados \u012fvaizd\u017eiui kurti, jie pabr\u0117\u017eia j\u016bs\u0173 stili\u0173 ir individualum\u0105. Pasirinkite Dior sportba\u010dius aktyviam ir stilingam gyvenimui, m\u0117gaudamiesi garsaus prek\u0117s \u017eenklo kokybe ir presti\u017eu.<\/p>\n","protected":false},"excerpt":{"rendered":"<p>Dior sportba\u010diai derina eleganti\u0161k\u0105 dizain\u0105 ir komfort\u0105 kasdieniam d\u0117v\u0117jimui. Pagaminti i\u0161 auk\u0161tos kokyb\u0117s med\u017eiag\u0173, jie u\u017etikrina patogum\u0105 ir ilgaam\u017ei\u0161kum\u0105. Idealiai tinka mados \u012fvaizd\u017eiui kurti, jie pabr\u0117\u017eia j\u016bs\u0173 stili\u0173 ir individualum\u0105. Pasirinkite Dior sportba\u010dius aktyviam ir stilingam gyvenimui, m\u0117gaudamiesi garsaus prek\u0117s \u017eenklo kokybe ir presti\u017eu.<\/p>\n","protected":false},"featured_media":819215,"comment_status":"open","ping_status":"open","template":"","meta":[],"product_brand":[],"product_cat":[3264,3265],"product_tag":[],"class_list":{"0":"post-819212","1":"product","2":"type-product","3":"status-publish","4":"has-post-thumbnail","6":"product_cat-all-product","7":"product_cat-krosivky","8":"pa_rozmir-910","9":"pa_rozmir-912","10":"pa_rozmir-914","11":"pa_rozmir-915","12":"pa_rozmir-916","13":"pa_rozmir-917","14":"pa_rozmir-918","15":"pa_rozmir-919","16":"pa_rozmir-920","17":"pa_rozmir-921","18":"pa_rozmir-922","20":"first","21":"instock","22":"purchasable","23":"product-type-variable"},"_links":{"self":[{"href":"https:\/\/nextsnkr.com\/lt\/wp-json\/wp\/v2\/product\/819212","targetHints":{"allow":["GET"]}}],"collection":[{"href":"https:\/\/nextsnkr.com\/lt\/wp-json\/wp\/v2\/product"}],"about":[{"href":"https:\/\/nextsnkr.com\/lt\/wp-json\/wp\/v2\/types\/product"}],"replies":[{"embeddable":true,"href":"https:\/\/nextsnkr.com\/lt\/wp-json\/wp\/v2\/comments?post=819212"}],"version-history":[{"count":0,"href":"https:\/\/nextsnkr.com\/lt\/wp-json\/wp\/v2\/product\/819212\/revisions"}],"wp:featuredmedia":[{"embeddable":true,"href":"https:\/\/nextsnkr.com\/lt\/wp-json\/wp\/v2\/media\/819215"}],"wp:attachment":[{"href":"https:\/\/nextsnkr.com\/lt\/wp-json\/wp\/v2\/media?parent=819212"}],"wp:term":[{"taxonomy":"product_brand","embeddable":true,"href":"https:\/\/nextsnkr.com\/lt\/wp-json\/wp\/v2\/product_brand?post=819212"},{"taxonomy":"product_cat","embeddable":true,"href":"https:\/\/nextsnkr.com\/lt\/wp-json\/wp\/v2\/product_cat?post=819212"},{"taxonomy":"product_tag","embeddable":true,"href":"https:\/\/nextsnkr.com\/lt\/wp-json\/wp\/v2\/product_tag?post=819212"}],"curies":[{"name":"wp","href":"https:\/\/api.w.org\/{rel}","templated":true}]}}