{"id":818958,"date":"2025-06-13T09:35:58","date_gmt":"2025-06-13T06:35:58","guid":{"rendered":"https:\/\/nextsnkr.com\/product\/new-balance-990-black-green\/"},"modified":"2026-02-01T21:12:22","modified_gmt":"2026-02-01T18:12:22","slug":"new-balance-990-black-green","status":"publish","type":"product","link":"https:\/\/nextsnkr.com\/lt\/produktas\/new-balance-990-black-green\/","title":{"rendered":"Sportba\u010diai New Balance 990 Black \/ Green zom\u0161a \/ tinklelis-komfortas ir stilius"},"content":{"rendered":"<h2>Sportba\u010diai New Balance 990 Black \/ Green zom\u0161a \/ tinklelis-komfortas ir stilius<\/h2>\n<p>Stilingi New Balance 990 Black\/Green sportba\u010diai sujungia zom\u0161\u0105 ir tinklel\u012f, u\u017etikrinant\u012f komfort\u0105, kv\u0117puojan\u010dias savybes ir ilgaam\u017ei\u0161kum\u0105. Juodai \u017ealia spalv\u0173 kombinacija prideda universalumo ir daro model\u012f matom\u0105 bet kokiu pavidalu. Pagaminti Vietname, \u0161ie sportba\u010diai garantuoja patikim\u0105 kokyb\u0119, patog\u0173 nusileidim\u0105 ir \u0161iuolaiki\u0161k\u0105 dizain\u0105. Idealus pasirinkimas kasdieniam d\u0117v\u0117jimui ir aktyviam gyvenimo b\u016bdui. Kodas: NB049-430089.<\/p>\n","protected":false},"excerpt":{"rendered":"<p>Stilingi New Balance 990 Black\/Green sportba\u010diai sujungia zom\u0161\u0105 ir tinklel\u012f, u\u017etikrinant\u012f komfort\u0105, kv\u0117puojan\u010dias savybes ir ilgaam\u017ei\u0161kum\u0105. Juodai \u017ealia spalv\u0173 kombinacija prideda universalumo ir daro model\u012f matom\u0105 bet kokiu pavidalu. Pagaminti Vietname, \u0161ie sportba\u010diai garantuoja patikim\u0105 kokyb\u0119, patog\u0173 nusileidim\u0105 ir \u0161iuolaiki\u0161k\u0105 dizain\u0105. Idealus pasirinkimas kasdieniam d\u0117v\u0117jimui ir aktyviam gyvenimo b\u016bdui. Kodas: NB049-430089.<\/p>\n","protected":false},"featured_media":818960,"comment_status":"open","ping_status":"open","template":"","meta":[],"product_brand":[],"product_cat":[3264,3265],"product_tag":[],"class_list":{"0":"post-818958","1":"product","2":"type-product","3":"status-publish","4":"has-post-thumbnail","6":"product_cat-all-product","7":"product_cat-krosivky","8":"pa_rozmir-910","9":"pa_rozmir-912","10":"pa_rozmir-914","11":"pa_rozmir-915","12":"pa_rozmir-916","13":"pa_rozmir-917","14":"pa_rozmir-918","15":"pa_rozmir-919","16":"pa_rozmir-920","17":"pa_rozmir-921","18":"pa_rozmir-922","20":"first","21":"instock","22":"purchasable","23":"product-type-variable"},"_links":{"self":[{"href":"https:\/\/nextsnkr.com\/lt\/wp-json\/wp\/v2\/product\/818958","targetHints":{"allow":["GET"]}}],"collection":[{"href":"https:\/\/nextsnkr.com\/lt\/wp-json\/wp\/v2\/product"}],"about":[{"href":"https:\/\/nextsnkr.com\/lt\/wp-json\/wp\/v2\/types\/product"}],"replies":[{"embeddable":true,"href":"https:\/\/nextsnkr.com\/lt\/wp-json\/wp\/v2\/comments?post=818958"}],"version-history":[{"count":0,"href":"https:\/\/nextsnkr.com\/lt\/wp-json\/wp\/v2\/product\/818958\/revisions"}],"wp:featuredmedia":[{"embeddable":true,"href":"https:\/\/nextsnkr.com\/lt\/wp-json\/wp\/v2\/media\/818960"}],"wp:attachment":[{"href":"https:\/\/nextsnkr.com\/lt\/wp-json\/wp\/v2\/media?parent=818958"}],"wp:term":[{"taxonomy":"product_brand","embeddable":true,"href":"https:\/\/nextsnkr.com\/lt\/wp-json\/wp\/v2\/product_brand?post=818958"},{"taxonomy":"product_cat","embeddable":true,"href":"https:\/\/nextsnkr.com\/lt\/wp-json\/wp\/v2\/product_cat?post=818958"},{"taxonomy":"product_tag","embeddable":true,"href":"https:\/\/nextsnkr.com\/lt\/wp-json\/wp\/v2\/product_tag?post=818958"}],"curies":[{"name":"wp","href":"https:\/\/api.w.org\/{rel}","templated":true}]}}