{"id":817174,"date":"2025-06-12T16:16:12","date_gmt":"2025-06-12T13:16:12","guid":{"rendered":"https:\/\/nextsnkr.com\/product\/dr-martens-1460-black\/"},"modified":"2026-02-01T21:11:32","modified_gmt":"2026-02-01T18:11:32","slug":"dr-martens-1460-black","status":"publish","type":"product","link":"https:\/\/nextsnkr.com\/lt\/produktas\/dr-martens-1460-black\/","title":{"rendered":"Choboty Dr. Martens 1460 Black is zom\u0161os be kailio stilingam vaizdui"},"content":{"rendered":"<h2>Choboty Dr. Martens 1460 Black is zom\u0161os be kailio stilingam vaizdui<\/h2>\n<p>Batai Dr. &#8222;Martens 1460 Black&#8221; yra pagamintas i\u0161 auk\u0161tos kokyb\u0117s zom\u0161os be kailio, kuris u\u017etikrina komfort\u0105 ir ilgaam\u017ei\u0161kum\u0105. Klasikinis juodas dizainas sujungia elegancij\u0105 ir modern\u0173 stili\u0173, tod\u0117l jie yra universal\u016bs kasdieniam d\u0117v\u0117jimui ir ypatingoms progoms. Gamyba Kinijoje garantuoja auk\u0161t\u0105 Dr prek\u0117s \u017eenklo kokyb\u0119. Martens. Pasirinkite \u0161iuos batus savo garderobui ir prid\u0117kite ry\u0161k\u0173 akcent\u0105 savo \u012fvaizd\u017eiui, jausdami komfort\u0105 ir stili\u0173 kiekviename \u017eingsnyje!<\/p>\n","protected":false},"excerpt":{"rendered":"<p>Batai Dr. &#8222;Martens 1460 Black&#8221; yra pagamintas i\u0161 auk\u0161tos kokyb\u0117s zom\u0161os be kailio, kuris u\u017etikrina komfort\u0105 ir ilgaam\u017ei\u0161kum\u0105. Klasikinis juodas dizainas sujungia elegancij\u0105 ir modern\u0173 stili\u0173, tod\u0117l jie yra universal\u016bs kasdieniam d\u0117v\u0117jimui ir ypatingoms progoms. Gamyba Kinijoje garantuoja auk\u0161t\u0105 Dr prek\u0117s \u017eenklo kokyb\u0119. Martens. Pasirinkite \u0161iuos batus savo garderobui ir prid\u0117kite ry\u0161k\u0173 akcent\u0105 savo \u012fvaizd\u017eiui, jausdami komfort\u0105 ir stili\u0173 kiekviename \u017eingsnyje!<\/p>\n","protected":false},"featured_media":817178,"comment_status":"open","ping_status":"open","template":"","meta":[],"product_brand":[2398],"product_cat":[3621,3264,3336],"product_tag":[],"class_list":{"0":"post-817174","1":"product","2":"type-product","3":"status-publish","4":"has-post-thumbnail","6":"product_brand-dr-martens","7":"product_cat-dr-martens","8":"product_cat-all-product","9":"product_cat-cherevyky","10":"pa_rozmir-910","11":"pa_rozmir-912","12":"pa_rozmir-914","13":"pa_rozmir-915","14":"pa_rozmir-916","15":"pa_rozmir-917","16":"pa_rozmir-918","17":"pa_rozmir-919","18":"pa_rozmir-920","19":"pa_rozmir-921","20":"pa_rozmir-922","22":"first","23":"onbackorder","24":"purchasable","25":"product-type-variable"},"_links":{"self":[{"href":"https:\/\/nextsnkr.com\/lt\/wp-json\/wp\/v2\/product\/817174","targetHints":{"allow":["GET"]}}],"collection":[{"href":"https:\/\/nextsnkr.com\/lt\/wp-json\/wp\/v2\/product"}],"about":[{"href":"https:\/\/nextsnkr.com\/lt\/wp-json\/wp\/v2\/types\/product"}],"replies":[{"embeddable":true,"href":"https:\/\/nextsnkr.com\/lt\/wp-json\/wp\/v2\/comments?post=817174"}],"version-history":[{"count":0,"href":"https:\/\/nextsnkr.com\/lt\/wp-json\/wp\/v2\/product\/817174\/revisions"}],"wp:featuredmedia":[{"embeddable":true,"href":"https:\/\/nextsnkr.com\/lt\/wp-json\/wp\/v2\/media\/817178"}],"wp:attachment":[{"href":"https:\/\/nextsnkr.com\/lt\/wp-json\/wp\/v2\/media?parent=817174"}],"wp:term":[{"taxonomy":"product_brand","embeddable":true,"href":"https:\/\/nextsnkr.com\/lt\/wp-json\/wp\/v2\/product_brand?post=817174"},{"taxonomy":"product_cat","embeddable":true,"href":"https:\/\/nextsnkr.com\/lt\/wp-json\/wp\/v2\/product_cat?post=817174"},{"taxonomy":"product_tag","embeddable":true,"href":"https:\/\/nextsnkr.com\/lt\/wp-json\/wp\/v2\/product_tag?post=817174"}],"curies":[{"name":"wp","href":"https:\/\/api.w.org\/{rel}","templated":true}]}}