{"id":815809,"date":"2025-06-12T16:17:33","date_gmt":"2025-06-12T13:17:33","guid":{"rendered":"https:\/\/nextsnkr.com\/product\/black-ultra-mini\/"},"modified":"2026-02-01T21:10:46","modified_gmt":"2026-02-01T18:10:46","slug":"black-ultra-mini","status":"publish","type":"product","link":"https:\/\/nextsnkr.com\/lt\/produktas\/black-ultra-mini\/","title":{"rendered":"Ugg Black Ultra Mini batai i\u0161 ekologi\u0161kos med\u017eiagos kasdieniam komfortui"},"content":{"rendered":"<h2>Ugg Black Ultra Mini batai i\u0161 ekologi\u0161kos med\u017eiagos kasdieniam komfortui<\/h2>\n<p>&#8222;Ugg Black Ultra Mini&#8221; juodi batai yra pagaminti i\u0161 auk\u0161tos kokyb\u0117s ekologi\u0161kos med\u017eiagos, kuri suteikia \u0161ilum\u0105, komfort\u0105 ir lengvum\u0105 kojin\u0117se. Mini dizainas leid\u017eia juos patogiai naudoti kasdieniniam naudojimui ir aktyviam gyvenimo b\u016bdui. Gamyba Turkijoje garantuoja patikim\u0105 Ugg prek\u0117s \u017eenklo kokyb\u0119. Pasirinkite Ugg Black Ultra Mini savo drabu\u017ei\u0173 spinta ir pajuskite stiliaus, prakti\u0161kumo ir komforto derin\u012f kiekviename \u017eingsnyje!<\/p>\n","protected":false},"excerpt":{"rendered":"<p>&#8222;Ugg Black Ultra Mini&#8221; juodi batai yra pagaminti i\u0161 auk\u0161tos kokyb\u0117s ekologi\u0161kos med\u017eiagos, kuri suteikia \u0161ilum\u0105, komfort\u0105 ir lengvum\u0105 kojin\u0117se. Mini dizainas leid\u017eia juos patogiai naudoti kasdieniniam naudojimui ir aktyviam gyvenimo b\u016bdui. Gamyba Turkijoje garantuoja patikim\u0105 Ugg prek\u0117s \u017eenklo kokyb\u0119. Pasirinkite Ugg Black Ultra Mini savo drabu\u017ei\u0173 spinta ir pajuskite stiliaus, prakti\u0161kumo ir komforto derin\u012f kiekviename \u017eingsnyje!<\/p>\n","protected":false},"featured_media":815813,"comment_status":"open","ping_status":"open","template":"","meta":[],"product_brand":[],"product_cat":[3412,3264],"product_tag":[],"class_list":{"0":"post-815809","1":"product","2":"type-product","3":"status-publish","4":"has-post-thumbnail","6":"product_cat-ugg","7":"product_cat-all-product","8":"pa_rozmir-910","9":"pa_rozmir-912","10":"pa_rozmir-914","11":"pa_rozmir-915","12":"pa_rozmir-916","13":"pa_rozmir-917","14":"pa_rozmir-918","15":"pa_rozmir-919","16":"pa_rozmir-920","17":"pa_rozmir-921","18":"pa_rozmir-922","20":"first","21":"instock","22":"purchasable","23":"product-type-variable"},"_links":{"self":[{"href":"https:\/\/nextsnkr.com\/lt\/wp-json\/wp\/v2\/product\/815809","targetHints":{"allow":["GET"]}}],"collection":[{"href":"https:\/\/nextsnkr.com\/lt\/wp-json\/wp\/v2\/product"}],"about":[{"href":"https:\/\/nextsnkr.com\/lt\/wp-json\/wp\/v2\/types\/product"}],"replies":[{"embeddable":true,"href":"https:\/\/nextsnkr.com\/lt\/wp-json\/wp\/v2\/comments?post=815809"}],"version-history":[{"count":0,"href":"https:\/\/nextsnkr.com\/lt\/wp-json\/wp\/v2\/product\/815809\/revisions"}],"wp:featuredmedia":[{"embeddable":true,"href":"https:\/\/nextsnkr.com\/lt\/wp-json\/wp\/v2\/media\/815813"}],"wp:attachment":[{"href":"https:\/\/nextsnkr.com\/lt\/wp-json\/wp\/v2\/media?parent=815809"}],"wp:term":[{"taxonomy":"product_brand","embeddable":true,"href":"https:\/\/nextsnkr.com\/lt\/wp-json\/wp\/v2\/product_brand?post=815809"},{"taxonomy":"product_cat","embeddable":true,"href":"https:\/\/nextsnkr.com\/lt\/wp-json\/wp\/v2\/product_cat?post=815809"},{"taxonomy":"product_tag","embeddable":true,"href":"https:\/\/nextsnkr.com\/lt\/wp-json\/wp\/v2\/product_tag?post=815809"}],"curies":[{"name":"wp","href":"https:\/\/api.w.org\/{rel}","templated":true}]}}