{"id":814196,"date":"2025-06-13T09:42:32","date_gmt":"2025-06-13T06:42:32","guid":{"rendered":"https:\/\/nextsnkr.com\/product\/yeezy-500-stone-uteplennye\/"},"modified":"2026-02-01T21:10:01","modified_gmt":"2026-02-01T18:10:01","slug":"yeezy-500-stone-uteplennye","status":"publish","type":"product","link":"https:\/\/nextsnkr.com\/lt\/produktas\/yeezy-500-stone-uteplennye\/","title":{"rendered":"Sportba\u010diai Yeezy 500 Stone ap\u0161iltinta zom\u0161a \/ kailis &#8211; \u0161iluma ir stilius"},"content":{"rendered":"<h2>Sportba\u010diai Yeezy 500 Stone ap\u0161iltinta zom\u0161a \/ kailis &#8211; \u0161iluma ir stilius<\/h2>\n<p>Stilingi &#8222;Yeezy 500 Stone&#8221; sportba\u010diai yra pagaminti i\u0161 zom\u0161os ir mink\u0161to kailio derinio, kuris u\u017etikrina \u0161ilum\u0105, komfort\u0105 ir ilgaam\u017ei\u0161kum\u0105. Modelis idealiai tinka \u0161altu oru, i\u0161laikant kojas \u0161ilta, neprarandant modernios stilingos i\u0161vaizdos. Gaminami Vietname, sportba\u010diai garantuoja kokyb\u0119, patikim\u0105 sodinim\u0105 ir prakti\u0161kum\u0105 kasdieniam d\u0117v\u0117jimui. Kodas: YE045-168717.<\/p>\n","protected":false},"excerpt":{"rendered":"<p>Stilingi &#8222;Yeezy 500 Stone&#8221; sportba\u010diai yra pagaminti i\u0161 zom\u0161os ir mink\u0161to kailio derinio, kuris u\u017etikrina \u0161ilum\u0105, komfort\u0105 ir ilgaam\u017ei\u0161kum\u0105. Modelis idealiai tinka \u0161altu oru, i\u0161laikant kojas \u0161ilta, neprarandant modernios stilingos i\u0161vaizdos. Gaminami Vietname, sportba\u010diai garantuoja kokyb\u0119, patikim\u0105 sodinim\u0105 ir prakti\u0161kum\u0105 kasdieniam d\u0117v\u0117jimui. Kodas: YE045-168717.<\/p>\n","protected":false},"featured_media":814199,"comment_status":"open","ping_status":"open","template":"","meta":[],"product_brand":[],"product_cat":[3401,3264,3265],"product_tag":[],"class_list":{"0":"post-814196","1":"product","2":"type-product","3":"status-publish","4":"has-post-thumbnail","6":"product_cat-adidas-yeezy","7":"product_cat-all-product","8":"product_cat-krosivky","9":"pa_rozmir-910","10":"pa_rozmir-912","11":"pa_rozmir-914","12":"pa_rozmir-915","13":"pa_rozmir-916","14":"pa_rozmir-917","15":"pa_rozmir-918","16":"pa_rozmir-919","17":"pa_rozmir-920","18":"pa_rozmir-921","19":"pa_rozmir-922","21":"first","22":"instock","23":"purchasable","24":"product-type-variable"},"_links":{"self":[{"href":"https:\/\/nextsnkr.com\/lt\/wp-json\/wp\/v2\/product\/814196","targetHints":{"allow":["GET"]}}],"collection":[{"href":"https:\/\/nextsnkr.com\/lt\/wp-json\/wp\/v2\/product"}],"about":[{"href":"https:\/\/nextsnkr.com\/lt\/wp-json\/wp\/v2\/types\/product"}],"replies":[{"embeddable":true,"href":"https:\/\/nextsnkr.com\/lt\/wp-json\/wp\/v2\/comments?post=814196"}],"version-history":[{"count":0,"href":"https:\/\/nextsnkr.com\/lt\/wp-json\/wp\/v2\/product\/814196\/revisions"}],"wp:featuredmedia":[{"embeddable":true,"href":"https:\/\/nextsnkr.com\/lt\/wp-json\/wp\/v2\/media\/814199"}],"wp:attachment":[{"href":"https:\/\/nextsnkr.com\/lt\/wp-json\/wp\/v2\/media?parent=814196"}],"wp:term":[{"taxonomy":"product_brand","embeddable":true,"href":"https:\/\/nextsnkr.com\/lt\/wp-json\/wp\/v2\/product_brand?post=814196"},{"taxonomy":"product_cat","embeddable":true,"href":"https:\/\/nextsnkr.com\/lt\/wp-json\/wp\/v2\/product_cat?post=814196"},{"taxonomy":"product_tag","embeddable":true,"href":"https:\/\/nextsnkr.com\/lt\/wp-json\/wp\/v2\/product_tag?post=814196"}],"curies":[{"name":"wp","href":"https:\/\/api.w.org\/{rel}","templated":true}]}}