{"id":813098,"date":"2025-06-12T16:20:52","date_gmt":"2025-06-12T13:20:52","guid":{"rendered":"https:\/\/nextsnkr.com\/product\/foam-runner-black\/"},"modified":"2026-02-01T21:09:29","modified_gmt":"2026-02-01T18:09:29","slug":"foam-runner-black","status":"publish","type":"product","link":"https:\/\/nextsnkr.com\/lt\/produktas\/foam-runner-black\/","title":{"rendered":"\u0160lepet\u0117s Foam Runner juodos"},"content":{"rendered":"<h2>\u0160lepet\u0117s Foam Runner juodos<\/h2>\n<p>\u0160lepet\u0117s Foam Runner Black sukurtos moderniame minimalistiniame dizaine, kuris sujungia lengvum\u0105, komfort\u0105 ir stili\u0173. Modelis Pagamintas i\u0161 patvarios ir patvarios med\u017eiagos, kuri kasdien d\u0117vi patogum\u0105. D\u0117l anatomin\u0117s formos \u0161lepet\u0117s gerai pritvirtintos prie kojos ir tinka namams, poilsiui ir aktyviam laisvalaikiui. Prakti\u0161ka juoda spalva daro juos universaliu pasirinkimu. Gamintojas: Kinija. SKU: FR01-6161<\/p>\n","protected":false},"excerpt":{"rendered":"<p>\u0160lepet\u0117s Foam Runner Black sukurtos moderniame minimalistiniame dizaine, kuris sujungia lengvum\u0105, komfort\u0105 ir stili\u0173. Modelis Pagamintas i\u0161 patvarios ir patvarios med\u017eiagos, kuri kasdien d\u0117vi patogum\u0105. D\u0117l anatomin\u0117s formos \u0161lepet\u0117s gerai pritvirtintos prie kojos ir tinka namams, poilsiui ir aktyviam laisvalaikiui. Prakti\u0161ka juoda spalva daro juos universaliu pasirinkimu. Gamintojas: Kinija. SKU: FR01-6161<\/p>\n","protected":false},"featured_media":813101,"comment_status":"open","ping_status":"open","template":"","meta":[],"product_brand":[],"product_cat":[3264,3425],"product_tag":[],"class_list":{"0":"post-813098","1":"product","2":"type-product","3":"status-publish","4":"has-post-thumbnail","6":"product_cat-all-product","7":"product_cat-shlopantsi","8":"pa_rozmir-923","9":"pa_rozmir-910","10":"pa_rozmir-912","11":"pa_rozmir-915","12":"pa_rozmir-916","13":"pa_rozmir-917","14":"pa_rozmir-918","15":"pa_rozmir-919","16":"pa_rozmir-920","17":"pa_rozmir-921","18":"pa_rozmir-922","20":"first","21":"onbackorder","22":"purchasable","23":"product-type-variable"},"_links":{"self":[{"href":"https:\/\/nextsnkr.com\/lt\/wp-json\/wp\/v2\/product\/813098","targetHints":{"allow":["GET"]}}],"collection":[{"href":"https:\/\/nextsnkr.com\/lt\/wp-json\/wp\/v2\/product"}],"about":[{"href":"https:\/\/nextsnkr.com\/lt\/wp-json\/wp\/v2\/types\/product"}],"replies":[{"embeddable":true,"href":"https:\/\/nextsnkr.com\/lt\/wp-json\/wp\/v2\/comments?post=813098"}],"version-history":[{"count":0,"href":"https:\/\/nextsnkr.com\/lt\/wp-json\/wp\/v2\/product\/813098\/revisions"}],"wp:featuredmedia":[{"embeddable":true,"href":"https:\/\/nextsnkr.com\/lt\/wp-json\/wp\/v2\/media\/813101"}],"wp:attachment":[{"href":"https:\/\/nextsnkr.com\/lt\/wp-json\/wp\/v2\/media?parent=813098"}],"wp:term":[{"taxonomy":"product_brand","embeddable":true,"href":"https:\/\/nextsnkr.com\/lt\/wp-json\/wp\/v2\/product_brand?post=813098"},{"taxonomy":"product_cat","embeddable":true,"href":"https:\/\/nextsnkr.com\/lt\/wp-json\/wp\/v2\/product_cat?post=813098"},{"taxonomy":"product_tag","embeddable":true,"href":"https:\/\/nextsnkr.com\/lt\/wp-json\/wp\/v2\/product_tag?post=813098"}],"curies":[{"name":"wp","href":"https:\/\/api.w.org\/{rel}","templated":true}]}}