{"id":811740,"date":"2025-06-12T16:22:29","date_gmt":"2025-06-12T13:22:29","guid":{"rendered":"https:\/\/nextsnkr.com\/product\/dior-boots-beige\/"},"modified":"2026-02-01T21:08:38","modified_gmt":"2026-02-01T18:08:38","slug":"dior-boots-beige","status":"publish","type":"product","link":"https:\/\/nextsnkr.com\/lt\/produktas\/dior-boots-beige\/","title":{"rendered":"Batai Dior Boots Beige &#8211; moter\u0173 sm\u0117lio odos batai su vilnos"},"content":{"rendered":"<h2>Batai Dior Boots Beige &#8211; moter\u0173 sm\u0117lio odos batai su vilnos<\/h2>\n<p>&#8222;Dior Boots Beige&#8221; batai yra pagaminti i\u0161 auk\u0161tos kokyb\u0117s odos ir ap\u0161iltinti mink\u0161tu vilnos sluoksniu, kuris \u0161altuoju met\u0173 laiku suteikia \u0161ilum\u0105 ir komfort\u0105. Sm\u0117lio spalva suteikia modeliui eleganti\u0161k\u0105 i\u0161vaizd\u0105 ir lengvai derinama su kasdienine drabu\u017ei\u0173 spinta. D\u0117l apgalvoto dizaino batai pasi\u017eymi patogumu, geru sodinimu ir ilgaam\u017ei\u0161kumu. Tai stilingi ir prakti\u0161ki batai, kurie pabr\u0117\u017eia savininko skon\u012f ir daro kiekvien\u0105 \u017eingsn\u012f patog\u0173.<\/p>\n","protected":false},"excerpt":{"rendered":"<p>&#8222;Dior Boots Beige&#8221; batai yra pagaminti i\u0161 auk\u0161tos kokyb\u0117s odos ir ap\u0161iltinti mink\u0161tu vilnos sluoksniu, kuris \u0161altuoju met\u0173 laiku suteikia \u0161ilum\u0105 ir komfort\u0105. Sm\u0117lio spalva suteikia modeliui eleganti\u0161k\u0105 i\u0161vaizd\u0105 ir lengvai derinama su kasdienine drabu\u017ei\u0173 spinta. D\u0117l apgalvoto dizaino batai pasi\u017eymi patogumu, geru sodinimu ir ilgaam\u017ei\u0161kumu. Tai stilingi ir prakti\u0161ki batai, kurie pabr\u0117\u017eia savininko skon\u012f ir daro kiekvien\u0105 \u017eingsn\u012f patog\u0173.<\/p>\n","protected":false},"featured_media":811744,"comment_status":"open","ping_status":"open","template":"","meta":[],"product_brand":[],"product_cat":[3264,3336],"product_tag":[],"class_list":{"0":"post-811740","1":"product","2":"type-product","3":"status-publish","4":"has-post-thumbnail","6":"product_cat-all-product","7":"product_cat-cherevyky","8":"pa_rozmir-910","9":"pa_rozmir-912","10":"pa_rozmir-914","11":"pa_rozmir-915","12":"pa_rozmir-916","13":"pa_rozmir-917","14":"pa_rozmir-918","15":"pa_rozmir-919","16":"pa_rozmir-920","17":"pa_rozmir-921","18":"pa_rozmir-922","20":"first","21":"onbackorder","22":"purchasable","23":"product-type-variable"},"_links":{"self":[{"href":"https:\/\/nextsnkr.com\/lt\/wp-json\/wp\/v2\/product\/811740","targetHints":{"allow":["GET"]}}],"collection":[{"href":"https:\/\/nextsnkr.com\/lt\/wp-json\/wp\/v2\/product"}],"about":[{"href":"https:\/\/nextsnkr.com\/lt\/wp-json\/wp\/v2\/types\/product"}],"replies":[{"embeddable":true,"href":"https:\/\/nextsnkr.com\/lt\/wp-json\/wp\/v2\/comments?post=811740"}],"version-history":[{"count":0,"href":"https:\/\/nextsnkr.com\/lt\/wp-json\/wp\/v2\/product\/811740\/revisions"}],"wp:featuredmedia":[{"embeddable":true,"href":"https:\/\/nextsnkr.com\/lt\/wp-json\/wp\/v2\/media\/811744"}],"wp:attachment":[{"href":"https:\/\/nextsnkr.com\/lt\/wp-json\/wp\/v2\/media?parent=811740"}],"wp:term":[{"taxonomy":"product_brand","embeddable":true,"href":"https:\/\/nextsnkr.com\/lt\/wp-json\/wp\/v2\/product_brand?post=811740"},{"taxonomy":"product_cat","embeddable":true,"href":"https:\/\/nextsnkr.com\/lt\/wp-json\/wp\/v2\/product_cat?post=811740"},{"taxonomy":"product_tag","embeddable":true,"href":"https:\/\/nextsnkr.com\/lt\/wp-json\/wp\/v2\/product_tag?post=811740"}],"curies":[{"name":"wp","href":"https:\/\/api.w.org\/{rel}","templated":true}]}}