{"id":811399,"date":"2025-06-12T16:23:10","date_gmt":"2025-06-12T13:23:10","guid":{"rendered":"https:\/\/nextsnkr.com\/product\/prada-utsinka\/"},"modified":"2026-02-01T21:08:28","modified_gmt":"2026-02-01T18:08:28","slug":"prada-utsinka","status":"publish","type":"product","link":"https:\/\/nextsnkr.com\/lt\/produktas\/prada-utsinka\/","title":{"rendered":"Prada batai-stilingi moteri\u0161ki juodos spalvos batai"},"content":{"rendered":"<h2>Prada batai-stilingi moteri\u0161ki juodos spalvos batai<\/h2>\n<p>Prada batai &#8211; tai eleganti\u0161kas \u0161iuolaikinio dizaino modelis, sukurtas stiliaus ir komforto derinimui. Pagaminta Turkijoje, jie pasi\u017eymi auk\u0161tos kokyb\u0117s na\u0161umu ir patikimomis med\u017eiagomis. Juoda universali spalva lengvai tinka bet kokiai spintelei, o apgalvotas dizainas u\u017etikrina patogum\u0105 d\u0117vint kasdien. Nedidelis mokestis neturi \u012ftakos poros prakti\u0161kumui, tod\u0117l jis yra naudingas mados vaizd\u0173 pasirinkimas.<\/p>\n","protected":false},"excerpt":{"rendered":"<p>Prada batai &#8211; tai eleganti\u0161kas \u0161iuolaikinio dizaino modelis, sukurtas stiliaus ir komforto derinimui. Pagaminta Turkijoje, jie pasi\u017eymi auk\u0161tos kokyb\u0117s na\u0161umu ir patikimomis med\u017eiagomis. Juoda universali spalva lengvai tinka bet kokiai spintelei, o apgalvotas dizainas u\u017etikrina patogum\u0105 d\u0117vint kasdien. Nedidelis mokestis neturi \u012ftakos poros prakti\u0161kumui, tod\u0117l jis yra naudingas mados vaizd\u0173 pasirinkimas.<\/p>\n","protected":false},"featured_media":811401,"comment_status":"open","ping_status":"open","template":"","meta":[],"product_brand":[],"product_cat":[3264,3336],"product_tag":[],"class_list":{"0":"post-811399","1":"product","2":"type-product","3":"status-publish","4":"has-post-thumbnail","6":"product_cat-all-product","7":"product_cat-cherevyky","8":"pa_rozmir-910","9":"pa_rozmir-912","10":"pa_rozmir-914","11":"pa_rozmir-915","12":"pa_rozmir-916","13":"pa_rozmir-917","14":"pa_rozmir-918","15":"pa_rozmir-919","16":"pa_rozmir-920","17":"pa_rozmir-921","18":"pa_rozmir-922","20":"first","21":"onbackorder","22":"purchasable","23":"product-type-variable"},"_links":{"self":[{"href":"https:\/\/nextsnkr.com\/lt\/wp-json\/wp\/v2\/product\/811399","targetHints":{"allow":["GET"]}}],"collection":[{"href":"https:\/\/nextsnkr.com\/lt\/wp-json\/wp\/v2\/product"}],"about":[{"href":"https:\/\/nextsnkr.com\/lt\/wp-json\/wp\/v2\/types\/product"}],"replies":[{"embeddable":true,"href":"https:\/\/nextsnkr.com\/lt\/wp-json\/wp\/v2\/comments?post=811399"}],"version-history":[{"count":0,"href":"https:\/\/nextsnkr.com\/lt\/wp-json\/wp\/v2\/product\/811399\/revisions"}],"wp:featuredmedia":[{"embeddable":true,"href":"https:\/\/nextsnkr.com\/lt\/wp-json\/wp\/v2\/media\/811401"}],"wp:attachment":[{"href":"https:\/\/nextsnkr.com\/lt\/wp-json\/wp\/v2\/media?parent=811399"}],"wp:term":[{"taxonomy":"product_brand","embeddable":true,"href":"https:\/\/nextsnkr.com\/lt\/wp-json\/wp\/v2\/product_brand?post=811399"},{"taxonomy":"product_cat","embeddable":true,"href":"https:\/\/nextsnkr.com\/lt\/wp-json\/wp\/v2\/product_cat?post=811399"},{"taxonomy":"product_tag","embeddable":true,"href":"https:\/\/nextsnkr.com\/lt\/wp-json\/wp\/v2\/product_tag?post=811399"}],"curies":[{"name":"wp","href":"https:\/\/api.w.org\/{rel}","templated":true}]}}