{"id":810723,"date":"2025-06-12T16:24:00","date_gmt":"2025-06-12T13:24:00","guid":{"rendered":"https:\/\/nextsnkr.com\/product\/dr-martens-black-fur\/"},"modified":"2026-02-01T21:08:10","modified_gmt":"2026-02-01T18:08:10","slug":"dr-martens-black-fur","status":"publish","type":"product","link":"https:\/\/nextsnkr.com\/lt\/produktas\/dr-martens-black-fur\/","title":{"rendered":"Kedai Dr. Martens Black Fur-\u017eieminiai juodi kedai su kailiu"},"content":{"rendered":"<h2>Kedai Dr. Martens Black Fur-\u017eieminiai juodi kedai su kailiu<\/h2>\n<p>Kedai Dr. Martens Black Fur-Tai stilingas \u017eiemos modelis, ap\u0161iltintas mink\u0161tu kailiu, kad maksimaliai komforti\u0161kai atrodyt\u0173 \u0161altu oru. Juoda universali spalva suteikia bat\u0173 lakoni\u0161k\u0105 ir \u0161iuolaiki\u0161k\u0105 i\u0161vaizd\u0105, o atpa\u017e\u012fstamas dr dizainas. Martens pabr\u0117\u017eia charakter\u012f ir stili\u0173. D\u0117l patvari\u0173 med\u017eiag\u0173 Kedai u\u017etikrina patikimum\u0105, ger\u0105 sodinim\u0105 ir ilgaam\u017ei\u0161kum\u0105. Idealus pasirinkimas ie\u0161kantiems \u0161iltos ir madingos avalyn\u0117s kiekvienai dienai.<\/p>\n","protected":false},"excerpt":{"rendered":"<p>Kedai Dr. Martens Black Fur-Tai stilingas \u017eiemos modelis, ap\u0161iltintas mink\u0161tu kailiu, kad maksimaliai komforti\u0161kai atrodyt\u0173 \u0161altu oru. Juoda universali spalva suteikia bat\u0173 lakoni\u0161k\u0105 ir \u0161iuolaiki\u0161k\u0105 i\u0161vaizd\u0105, o atpa\u017e\u012fstamas dr dizainas. Martens pabr\u0117\u017eia charakter\u012f ir stili\u0173. D\u0117l patvari\u0173 med\u017eiag\u0173 Kedai u\u017etikrina patikimum\u0105, ger\u0105 sodinim\u0105 ir ilgaam\u017ei\u0161kum\u0105. Idealus pasirinkimas ie\u0161kantiems \u0161iltos ir madingos avalyn\u0117s kiekvienai dienai.<\/p>\n","protected":false},"featured_media":810725,"comment_status":"open","ping_status":"open","template":"","meta":[],"product_brand":[2398],"product_cat":[3621,3264,3323],"product_tag":[],"class_list":{"0":"post-810723","1":"product","2":"type-product","3":"status-publish","4":"has-post-thumbnail","6":"product_brand-dr-martens","7":"product_cat-dr-martens","8":"product_cat-all-product","9":"product_cat-kedy","10":"pa_rozmir-910","11":"pa_rozmir-912","12":"pa_rozmir-914","13":"pa_rozmir-915","14":"pa_rozmir-916","15":"pa_rozmir-917","16":"pa_rozmir-918","17":"pa_rozmir-919","18":"pa_rozmir-920","19":"pa_rozmir-921","20":"pa_rozmir-922","22":"first","23":"instock","24":"purchasable","25":"product-type-variable"},"_links":{"self":[{"href":"https:\/\/nextsnkr.com\/lt\/wp-json\/wp\/v2\/product\/810723","targetHints":{"allow":["GET"]}}],"collection":[{"href":"https:\/\/nextsnkr.com\/lt\/wp-json\/wp\/v2\/product"}],"about":[{"href":"https:\/\/nextsnkr.com\/lt\/wp-json\/wp\/v2\/types\/product"}],"replies":[{"embeddable":true,"href":"https:\/\/nextsnkr.com\/lt\/wp-json\/wp\/v2\/comments?post=810723"}],"version-history":[{"count":0,"href":"https:\/\/nextsnkr.com\/lt\/wp-json\/wp\/v2\/product\/810723\/revisions"}],"wp:featuredmedia":[{"embeddable":true,"href":"https:\/\/nextsnkr.com\/lt\/wp-json\/wp\/v2\/media\/810725"}],"wp:attachment":[{"href":"https:\/\/nextsnkr.com\/lt\/wp-json\/wp\/v2\/media?parent=810723"}],"wp:term":[{"taxonomy":"product_brand","embeddable":true,"href":"https:\/\/nextsnkr.com\/lt\/wp-json\/wp\/v2\/product_brand?post=810723"},{"taxonomy":"product_cat","embeddable":true,"href":"https:\/\/nextsnkr.com\/lt\/wp-json\/wp\/v2\/product_cat?post=810723"},{"taxonomy":"product_tag","embeddable":true,"href":"https:\/\/nextsnkr.com\/lt\/wp-json\/wp\/v2\/product_tag?post=810723"}],"curies":[{"name":"wp","href":"https:\/\/api.w.org\/{rel}","templated":true}]}}