{"id":808972,"date":"2025-06-12T16:25:51","date_gmt":"2025-06-12T13:25:51","guid":{"rendered":"https:\/\/nextsnkr.com\/product\/no-name\/"},"modified":"2026-02-01T21:07:14","modified_gmt":"2026-02-01T18:07:14","slug":"no-name","status":"publish","type":"product","link":"https:\/\/nextsnkr.com\/lt\/produktas\/no-name\/","title":{"rendered":"Batai Nr. Name &#8211; stilingi ir patog\u016bs kasdieniam d\u0117v\u0117jimui"},"content":{"rendered":"<h2>Batai Nr. Name &#8211; stilingi ir patog\u016bs kasdieniam d\u0117v\u0117jimui<\/h2>\n<p>No Name Batai derina modern\u0173 dizain\u0105 ir komfort\u0105. Pagaminti i\u0161 kokybi\u0161k\u0173 med\u017eiag\u0173, jie u\u017etikrina ilgaam\u017ei\u0161kum\u0105 ir patogum\u0105 bet kokiu oru. Idealiai tinka kasdieniam d\u0117v\u0117jimui, pasivaik\u0161\u010diojimams ir aktyviam miesto gyvenimui. Stilingas i\u0161vaizda ir universalus dizainas daro \u0161iuos batus i\u0161 &#8222;No Name&#8221; puikiu pasirinkimu tiems, kurie vertina prakti\u0161kum\u0105 ir estetik\u0105. U\u017esisakykite dabar ir prid\u0117kite komfort\u0105 prie savo drabu\u017ei\u0173 spintos.<\/p>\n","protected":false},"excerpt":{"rendered":"<p>No Name Batai derina modern\u0173 dizain\u0105 ir komfort\u0105. Pagaminti i\u0161 kokybi\u0161k\u0173 med\u017eiag\u0173, jie u\u017etikrina ilgaam\u017ei\u0161kum\u0105 ir patogum\u0105 bet kokiu oru. Idealiai tinka kasdieniam d\u0117v\u0117jimui, pasivaik\u0161\u010diojimams ir aktyviam miesto gyvenimui. Stilingas i\u0161vaizda ir universalus dizainas daro \u0161iuos batus i\u0161 &#8222;No Name&#8221; puikiu pasirinkimu tiems, kurie vertina prakti\u0161kum\u0105 ir estetik\u0105. U\u017esisakykite dabar ir prid\u0117kite komfort\u0105 prie savo drabu\u017ei\u0173 spintos.<\/p>\n","protected":false},"featured_media":808977,"comment_status":"open","ping_status":"open","template":"","meta":[],"product_brand":[],"product_cat":[3264,3336],"product_tag":[],"class_list":{"0":"post-808972","1":"product","2":"type-product","3":"status-publish","4":"has-post-thumbnail","6":"product_cat-all-product","7":"product_cat-cherevyky","8":"pa_rozmir-910","9":"pa_rozmir-912","10":"pa_rozmir-914","11":"pa_rozmir-915","12":"pa_rozmir-916","13":"pa_rozmir-917","14":"pa_rozmir-918","15":"pa_rozmir-919","16":"pa_rozmir-920","17":"pa_rozmir-921","18":"pa_rozmir-922","20":"first","21":"onbackorder","22":"purchasable","23":"product-type-variable"},"_links":{"self":[{"href":"https:\/\/nextsnkr.com\/lt\/wp-json\/wp\/v2\/product\/808972","targetHints":{"allow":["GET"]}}],"collection":[{"href":"https:\/\/nextsnkr.com\/lt\/wp-json\/wp\/v2\/product"}],"about":[{"href":"https:\/\/nextsnkr.com\/lt\/wp-json\/wp\/v2\/types\/product"}],"replies":[{"embeddable":true,"href":"https:\/\/nextsnkr.com\/lt\/wp-json\/wp\/v2\/comments?post=808972"}],"version-history":[{"count":0,"href":"https:\/\/nextsnkr.com\/lt\/wp-json\/wp\/v2\/product\/808972\/revisions"}],"wp:featuredmedia":[{"embeddable":true,"href":"https:\/\/nextsnkr.com\/lt\/wp-json\/wp\/v2\/media\/808977"}],"wp:attachment":[{"href":"https:\/\/nextsnkr.com\/lt\/wp-json\/wp\/v2\/media?parent=808972"}],"wp:term":[{"taxonomy":"product_brand","embeddable":true,"href":"https:\/\/nextsnkr.com\/lt\/wp-json\/wp\/v2\/product_brand?post=808972"},{"taxonomy":"product_cat","embeddable":true,"href":"https:\/\/nextsnkr.com\/lt\/wp-json\/wp\/v2\/product_cat?post=808972"},{"taxonomy":"product_tag","embeddable":true,"href":"https:\/\/nextsnkr.com\/lt\/wp-json\/wp\/v2\/product_tag?post=808972"}],"curies":[{"name":"wp","href":"https:\/\/api.w.org\/{rel}","templated":true}]}}