{"id":807440,"date":"2025-06-13T09:51:15","date_gmt":"2025-06-13T06:51:15","guid":{"rendered":"https:\/\/nextsnkr.com\/product\/ugg-classic-tall-ii-boot-shade-rasprodazha\/"},"modified":"2026-02-01T21:06:29","modified_gmt":"2026-02-01T18:06:29","slug":"ugg-classic-tall-ii-boot-shade-rasprodazha","status":"publish","type":"product","link":"https:\/\/nextsnkr.com\/lt\/produktas\/ugg-classic-tall-ii-boot-shade-rasprodazha\/","title":{"rendered":"Batai UGG Classic Tall II Boot light Gray i\u0161 zom\u0161os-i\u0161pardavimas"},"content":{"rendered":"<h2>Batai UGG Classic Tall II Boot light Gray i\u0161 zom\u0161os-i\u0161pardavimas<\/h2>\n<p>UGG Classic Tall II Boot light Gray batai yra pagaminti i\u0161 mink\u0161to zom\u0161os ir ap\u0161iltinti dirbtiniais kailiais, kurie \u0161altuoju met\u0173 laiku suteikia \u0161ilum\u0105 ir komfort\u0105. Australijos prek\u0117s \u017eenklo UGG modelis idealiai tinka kasdieniam d\u0117v\u0117jimui ir stilingo \u017eiemos \u012fvaizd\u017eio k\u016brimui. Patogus padas ir tvirtas padas garantuoja ilgaam\u017ei\u0161kum\u0105 ir prakti\u0161kum\u0105. Pardavimo kaina leid\u017eia \u0161iuos batus \u012fsigyti tiems, kurie vertina kokyb\u0119, komfort\u0105 ir mading\u0105 dizain\u0105.<\/p>\n","protected":false},"excerpt":{"rendered":"<p>UGG Classic Tall II Boot light Gray batai yra pagaminti i\u0161 mink\u0161to zom\u0161os ir ap\u0161iltinti dirbtiniais kailiais, kurie \u0161altuoju met\u0173 laiku suteikia \u0161ilum\u0105 ir komfort\u0105. Australijos prek\u0117s \u017eenklo UGG modelis idealiai tinka kasdieniam d\u0117v\u0117jimui ir stilingo \u017eiemos \u012fvaizd\u017eio k\u016brimui. Patogus padas ir tvirtas padas garantuoja ilgaam\u017ei\u0161kum\u0105 ir prakti\u0161kum\u0105. Pardavimo kaina leid\u017eia \u0161iuos batus \u012fsigyti tiems, kurie vertina kokyb\u0119, komfort\u0105 ir mading\u0105 dizain\u0105.<\/p>\n","protected":false},"featured_media":807441,"comment_status":"open","ping_status":"open","template":"","meta":[],"product_brand":[],"product_cat":[3412,3264],"product_tag":[],"class_list":{"0":"post-807440","1":"product","2":"type-product","3":"status-publish","4":"has-post-thumbnail","6":"product_cat-ugg","7":"product_cat-all-product","8":"pa_rozmir-923","9":"pa_rozmir-910","10":"pa_rozmir-912","11":"pa_rozmir-914","12":"pa_rozmir-915","13":"pa_rozmir-916","14":"pa_rozmir-917","15":"pa_rozmir-918","16":"pa_rozmir-919","17":"pa_rozmir-920","18":"pa_rozmir-921","20":"first","21":"onbackorder","22":"purchasable","23":"product-type-variable"},"_links":{"self":[{"href":"https:\/\/nextsnkr.com\/lt\/wp-json\/wp\/v2\/product\/807440","targetHints":{"allow":["GET"]}}],"collection":[{"href":"https:\/\/nextsnkr.com\/lt\/wp-json\/wp\/v2\/product"}],"about":[{"href":"https:\/\/nextsnkr.com\/lt\/wp-json\/wp\/v2\/types\/product"}],"replies":[{"embeddable":true,"href":"https:\/\/nextsnkr.com\/lt\/wp-json\/wp\/v2\/comments?post=807440"}],"version-history":[{"count":0,"href":"https:\/\/nextsnkr.com\/lt\/wp-json\/wp\/v2\/product\/807440\/revisions"}],"wp:featuredmedia":[{"embeddable":true,"href":"https:\/\/nextsnkr.com\/lt\/wp-json\/wp\/v2\/media\/807441"}],"wp:attachment":[{"href":"https:\/\/nextsnkr.com\/lt\/wp-json\/wp\/v2\/media?parent=807440"}],"wp:term":[{"taxonomy":"product_brand","embeddable":true,"href":"https:\/\/nextsnkr.com\/lt\/wp-json\/wp\/v2\/product_brand?post=807440"},{"taxonomy":"product_cat","embeddable":true,"href":"https:\/\/nextsnkr.com\/lt\/wp-json\/wp\/v2\/product_cat?post=807440"},{"taxonomy":"product_tag","embeddable":true,"href":"https:\/\/nextsnkr.com\/lt\/wp-json\/wp\/v2\/product_tag?post=807440"}],"curies":[{"name":"wp","href":"https:\/\/api.w.org\/{rel}","templated":true}]}}