{"id":805232,"date":"2025-06-13T09:54:08","date_gmt":"2025-06-13T06:54:08","guid":{"rendered":"https:\/\/nextsnkr.com\/product\/air-force-1-low-x-undefeated\/"},"modified":"2026-02-01T21:05:16","modified_gmt":"2026-02-01T18:05:16","slug":"air-force-1-low-x-undefeated","status":"publish","type":"product","link":"https:\/\/nextsnkr.com\/lt\/produktas\/air-force-1-low-x-undefeated\/","title":{"rendered":"Sportiniai bateliai Air Force 1 Low x Undefeated-odiniai stilingi sportba\u010diai"},"content":{"rendered":"<h2>Sportiniai bateliai Air Force 1 Low x Undefeated-odiniai stilingi sportba\u010diai<\/h2>\n<p>&#8222;Air Force 1 Low x Undefeated&#8221; yra stilingas &#8222;Nike&#8221; legendinio dizaino ir unikalaus &#8222;Undefeated&#8221; prek\u0117s \u017eenklo po\u017ei\u016brio derinys. Modelis Pagamintas i\u0161 auk\u0161tos kokyb\u0117s nat\u016bralios odos, kuri u\u017etikrina ilgaam\u017ei\u0161kum\u0105 ir komfort\u0105 kasdienio d\u0117v\u0117jimo metu. Patikimas padas garantuoja stabilum\u0105, o apgalvotas dizainas pabr\u0117\u017eia individual\u0173 stili\u0173. Idealus pasirinkimas miesto vaizdams, aktyviam poilsiui ir Premium kolaboracij\u0173 \u017einovams.<\/p>\n","protected":false},"excerpt":{"rendered":"<p>&#8222;Air Force 1 Low x Undefeated&#8221; yra stilingas &#8222;Nike&#8221; legendinio dizaino ir unikalaus &#8222;Undefeated&#8221; prek\u0117s \u017eenklo po\u017ei\u016brio derinys. Modelis Pagamintas i\u0161 auk\u0161tos kokyb\u0117s nat\u016bralios odos, kuri u\u017etikrina ilgaam\u017ei\u0161kum\u0105 ir komfort\u0105 kasdienio d\u0117v\u0117jimo metu. Patikimas padas garantuoja stabilum\u0105, o apgalvotas dizainas pabr\u0117\u017eia individual\u0173 stili\u0173. Idealus pasirinkimas miesto vaizdams, aktyviam poilsiui ir Premium kolaboracij\u0173 \u017einovams.<\/p>\n","protected":false},"featured_media":805233,"comment_status":"open","ping_status":"open","template":"","meta":[],"product_brand":[],"product_cat":[3264,3323],"product_tag":[],"class_list":{"0":"post-805232","1":"product","2":"type-product","3":"status-publish","4":"has-post-thumbnail","6":"product_cat-all-product","7":"product_cat-kedy","8":"pa_rozmir-910","9":"pa_rozmir-912","10":"pa_rozmir-914","11":"pa_rozmir-915","12":"pa_rozmir-916","13":"pa_rozmir-917","14":"pa_rozmir-918","15":"pa_rozmir-919","16":"pa_rozmir-920","17":"pa_rozmir-921","18":"pa_rozmir-922","20":"first","21":"instock","22":"purchasable","23":"product-type-variable"},"_links":{"self":[{"href":"https:\/\/nextsnkr.com\/lt\/wp-json\/wp\/v2\/product\/805232","targetHints":{"allow":["GET"]}}],"collection":[{"href":"https:\/\/nextsnkr.com\/lt\/wp-json\/wp\/v2\/product"}],"about":[{"href":"https:\/\/nextsnkr.com\/lt\/wp-json\/wp\/v2\/types\/product"}],"replies":[{"embeddable":true,"href":"https:\/\/nextsnkr.com\/lt\/wp-json\/wp\/v2\/comments?post=805232"}],"version-history":[{"count":0,"href":"https:\/\/nextsnkr.com\/lt\/wp-json\/wp\/v2\/product\/805232\/revisions"}],"wp:featuredmedia":[{"embeddable":true,"href":"https:\/\/nextsnkr.com\/lt\/wp-json\/wp\/v2\/media\/805233"}],"wp:attachment":[{"href":"https:\/\/nextsnkr.com\/lt\/wp-json\/wp\/v2\/media?parent=805232"}],"wp:term":[{"taxonomy":"product_brand","embeddable":true,"href":"https:\/\/nextsnkr.com\/lt\/wp-json\/wp\/v2\/product_brand?post=805232"},{"taxonomy":"product_cat","embeddable":true,"href":"https:\/\/nextsnkr.com\/lt\/wp-json\/wp\/v2\/product_cat?post=805232"},{"taxonomy":"product_tag","embeddable":true,"href":"https:\/\/nextsnkr.com\/lt\/wp-json\/wp\/v2\/product_tag?post=805232"}],"curies":[{"name":"wp","href":"https:\/\/api.w.org\/{rel}","templated":true}]}}