{"id":804044,"date":"2025-06-17T21:59:23","date_gmt":"2025-06-17T18:59:23","guid":{"rendered":"https:\/\/nextsnkr.com\/product\/nike-react-element-87-blue-chill-solar-red\/"},"modified":"2026-02-01T21:04:44","modified_gmt":"2026-02-01T18:04:44","slug":"nike-react-element-87-blue-chill-solar-red","status":"publish","type":"product","link":"https:\/\/nextsnkr.com\/lt\/produktas\/nike-react-element-87-blue-chill-solar-red\/","title":{"rendered":"Gimnastikos bateliai sportiniai bateliai Nike React Element 87 Blue Chill Solar &#8221; Red tekstil\u0117s"},"content":{"rendered":"<h2>Gimnastikos bateliai sportiniai bateliai Nike React Element 87 Blue Chill Solar &#8221; Red tekstil\u0117s<\/h2>\n<p>Stilingi ir patog\u016bs Nike React element 87 Blue Chill Solar Red yra pagaminti i\u0161 auk\u0161tos kokyb\u0117s tekstil\u0117s, kuri u\u017etikrina lengvum\u0105 ir v\u0117dinim\u0105 d\u0117vint. Nike prek\u0117s \u017eenklo modelis sujungia novatori\u0161k\u0105 React technologij\u0105 nusid\u0117v\u0117jimui ir \u0161iuolaiki\u0161k\u0105 dizain\u0105, tinka kasdieniam naudojimui ir aktyviam poilsiui, pabr\u0117\u017eiant unikal\u0173 savininko stili\u0173.<\/p>\n","protected":false},"excerpt":{"rendered":"<p>Stilingi ir patog\u016bs Nike React element 87 Blue Chill Solar Red yra pagaminti i\u0161 auk\u0161tos kokyb\u0117s tekstil\u0117s, kuri u\u017etikrina lengvum\u0105 ir v\u0117dinim\u0105 d\u0117vint. Nike prek\u0117s \u017eenklo modelis sujungia novatori\u0161k\u0105 React technologij\u0105 nusid\u0117v\u0117jimui ir \u0161iuolaiki\u0161k\u0105 dizain\u0105, tinka kasdieniam naudojimui ir aktyviam poilsiui, pabr\u0117\u017eiant unikal\u0173 savininko stili\u0173.<\/p>\n","protected":false},"featured_media":804045,"comment_status":"open","ping_status":"open","template":"","meta":[],"product_brand":[],"product_cat":[3264,3265],"product_tag":[],"class_list":{"0":"post-804044","1":"product","2":"type-product","3":"status-publish","4":"has-post-thumbnail","6":"product_cat-all-product","7":"product_cat-krosivky","8":"pa_rozmir-910","9":"pa_rozmir-912","10":"pa_rozmir-914","11":"pa_rozmir-915","12":"pa_rozmir-916","13":"pa_rozmir-917","14":"pa_rozmir-918","15":"pa_rozmir-919","16":"pa_rozmir-920","17":"pa_rozmir-921","18":"pa_rozmir-922","20":"first","21":"onbackorder","22":"purchasable","23":"product-type-variable"},"_links":{"self":[{"href":"https:\/\/nextsnkr.com\/lt\/wp-json\/wp\/v2\/product\/804044","targetHints":{"allow":["GET"]}}],"collection":[{"href":"https:\/\/nextsnkr.com\/lt\/wp-json\/wp\/v2\/product"}],"about":[{"href":"https:\/\/nextsnkr.com\/lt\/wp-json\/wp\/v2\/types\/product"}],"replies":[{"embeddable":true,"href":"https:\/\/nextsnkr.com\/lt\/wp-json\/wp\/v2\/comments?post=804044"}],"version-history":[{"count":0,"href":"https:\/\/nextsnkr.com\/lt\/wp-json\/wp\/v2\/product\/804044\/revisions"}],"wp:featuredmedia":[{"embeddable":true,"href":"https:\/\/nextsnkr.com\/lt\/wp-json\/wp\/v2\/media\/804045"}],"wp:attachment":[{"href":"https:\/\/nextsnkr.com\/lt\/wp-json\/wp\/v2\/media?parent=804044"}],"wp:term":[{"taxonomy":"product_brand","embeddable":true,"href":"https:\/\/nextsnkr.com\/lt\/wp-json\/wp\/v2\/product_brand?post=804044"},{"taxonomy":"product_cat","embeddable":true,"href":"https:\/\/nextsnkr.com\/lt\/wp-json\/wp\/v2\/product_cat?post=804044"},{"taxonomy":"product_tag","embeddable":true,"href":"https:\/\/nextsnkr.com\/lt\/wp-json\/wp\/v2\/product_tag?post=804044"}],"curies":[{"name":"wp","href":"https:\/\/api.w.org\/{rel}","templated":true}]}}