{"id":803194,"date":"2025-06-13T09:56:44","date_gmt":"2025-06-13T06:56:44","guid":{"rendered":"https:\/\/nextsnkr.com\/product\/air-force-1-mini-swoosh\/"},"modified":"2026-02-01T21:04:20","modified_gmt":"2026-02-01T18:04:20","slug":"air-force-1-mini-swoosh","status":"publish","type":"product","link":"https:\/\/nextsnkr.com\/lt\/produktas\/air-force-1-mini-swoosh\/","title":{"rendered":"\u041a\u0435\u0434\u044b Air Force 1 &#8221; Mini Swoosh odos balti"},"content":{"rendered":"<h2>\u041a\u0435\u0434\u044b Air Force 1 &#8221; Mini Swoosh odos balti<\/h2>\n<p>&#8222;Air Force 1 Mini Swoosh&#8221; yra pagamintas i\u0161 auk\u0161tos kokyb\u0117s nat\u016bralios odos, kuri suteikia stiprumo, komforto ir auk\u0161\u010diausios kokyb\u0117s i\u0161vaizd\u0105. Lakoni\u0161k\u0105 balt\u0105 dizain\u0105 papildo stilingas &#8222;Swoosh&#8221; Mini logotipas, kuris prideda unikalumo ir tendencij\u0173 modelius. Amortizuojantis padas suteikia patogumo d\u0117v\u0117ti kasdien, o klasikin\u0117 forma lengvai derinama su bet kokiu b\u016bdu. Idealus pasirinkimas stiling\u0173 ir patikim\u0173 ked\u0173 gerb\u0117jams. Gamintojas: Vietnamas. SKU: 1200-141824<\/p>\n","protected":false},"excerpt":{"rendered":"<p>&#8222;Air Force 1 Mini Swoosh&#8221; yra pagamintas i\u0161 auk\u0161tos kokyb\u0117s nat\u016bralios odos, kuri suteikia stiprumo, komforto ir auk\u0161\u010diausios kokyb\u0117s i\u0161vaizd\u0105. Lakoni\u0161k\u0105 balt\u0105 dizain\u0105 papildo stilingas &#8222;Swoosh&#8221; Mini logotipas, kuris prideda unikalumo ir tendencij\u0173 modelius. Amortizuojantis padas suteikia patogumo d\u0117v\u0117ti kasdien, o klasikin\u0117 forma lengvai derinama su bet kokiu b\u016bdu. Idealus pasirinkimas stiling\u0173 ir patikim\u0173 ked\u0173 gerb\u0117jams. Gamintojas: Vietnamas. SKU: 1200-141824<\/p>\n","protected":false},"featured_media":803195,"comment_status":"open","ping_status":"open","template":"","meta":[],"product_brand":[],"product_cat":[3264,3323],"product_tag":[],"class_list":{"0":"post-803194","1":"product","2":"type-product","3":"status-publish","4":"has-post-thumbnail","6":"product_cat-all-product","7":"product_cat-kedy","8":"pa_rozmir-910","9":"pa_rozmir-912","10":"pa_rozmir-914","11":"pa_rozmir-915","12":"pa_rozmir-916","13":"pa_rozmir-917","14":"pa_rozmir-918","15":"pa_rozmir-919","16":"pa_rozmir-920","17":"pa_rozmir-921","18":"pa_rozmir-922","20":"first","21":"instock","22":"purchasable","23":"product-type-variable"},"_links":{"self":[{"href":"https:\/\/nextsnkr.com\/lt\/wp-json\/wp\/v2\/product\/803194","targetHints":{"allow":["GET"]}}],"collection":[{"href":"https:\/\/nextsnkr.com\/lt\/wp-json\/wp\/v2\/product"}],"about":[{"href":"https:\/\/nextsnkr.com\/lt\/wp-json\/wp\/v2\/types\/product"}],"replies":[{"embeddable":true,"href":"https:\/\/nextsnkr.com\/lt\/wp-json\/wp\/v2\/comments?post=803194"}],"version-history":[{"count":0,"href":"https:\/\/nextsnkr.com\/lt\/wp-json\/wp\/v2\/product\/803194\/revisions"}],"wp:featuredmedia":[{"embeddable":true,"href":"https:\/\/nextsnkr.com\/lt\/wp-json\/wp\/v2\/media\/803195"}],"wp:attachment":[{"href":"https:\/\/nextsnkr.com\/lt\/wp-json\/wp\/v2\/media?parent=803194"}],"wp:term":[{"taxonomy":"product_brand","embeddable":true,"href":"https:\/\/nextsnkr.com\/lt\/wp-json\/wp\/v2\/product_brand?post=803194"},{"taxonomy":"product_cat","embeddable":true,"href":"https:\/\/nextsnkr.com\/lt\/wp-json\/wp\/v2\/product_cat?post=803194"},{"taxonomy":"product_tag","embeddable":true,"href":"https:\/\/nextsnkr.com\/lt\/wp-json\/wp\/v2\/product_tag?post=803194"}],"curies":[{"name":"wp","href":"https:\/\/api.w.org\/{rel}","templated":true}]}}