{"id":803024,"date":"2025-06-17T22:01:57","date_gmt":"2025-06-17T19:01:57","guid":{"rendered":"https:\/\/nextsnkr.com\/product\/nike-air-zoom-spiridon-cage-2-stussy-pure-platinum\/"},"modified":"2026-02-01T21:04:15","modified_gmt":"2026-02-01T18:04:15","slug":"nike-air-zoom-spiridon-cage-2-stussy-pure-platinum","status":"publish","type":"product","link":"https:\/\/nextsnkr.com\/lt\/produktas\/nike-air-zoom-spiridon-cage-2-stussy-pure-platinum\/","title":{"rendered":"Sportba\u010diai Nike Air Zoom Spiridon Cage 2 Stussy Pure Platinum-odiniai ir tekstiliniai"},"content":{"rendered":"<h2>Sportba\u010diai Nike Air Zoom Spiridon Cage 2 Stussy Pure Platinum-odiniai ir tekstiliniai<\/h2>\n<p>Nike Air Zoom Spiridon Cage 2 Stussy Pure Platinum-stilingi odos ir tekstil\u0117s sportba\u010diai, u\u017etikrinantys komfort\u0105, lengvum\u0105 ir ilgaam\u017ei\u0161kum\u0105. \u0160viesus Pure Platinum atspalvis prideda modernumo ir universalumo vaizd\u0105. Modelis sukurtas bendradarbiaujant su &#8222;Stussy&#8221;, kuris pabr\u0117\u017eia i\u0161skirtinum\u0105 ir mading\u0105 dizain\u0105. Gaminami gamykloje Vietname, sportba\u010diai turi tvirt\u0105 pad\u0105 ir patog\u0173 nusileidim\u0105 ant kojos. Idealus pasirinkimas kasdieniam d\u0117v\u0117jimui ir aktyviam gyvenimo b\u016bdui, akcentuojant stili\u0173 ir komfort\u0105.<\/p>\n","protected":false},"excerpt":{"rendered":"<p>Nike Air Zoom Spiridon Cage 2 Stussy Pure Platinum-stilingi odos ir tekstil\u0117s sportba\u010diai, u\u017etikrinantys komfort\u0105, lengvum\u0105 ir ilgaam\u017ei\u0161kum\u0105. \u0160viesus Pure Platinum atspalvis prideda modernumo ir universalumo vaizd\u0105. Modelis sukurtas bendradarbiaujant su &#8222;Stussy&#8221;, kuris pabr\u0117\u017eia i\u0161skirtinum\u0105 ir mading\u0105 dizain\u0105. Gaminami gamykloje Vietname, sportba\u010diai turi tvirt\u0105 pad\u0105 ir patog\u0173 nusileidim\u0105 ant kojos. Idealus pasirinkimas kasdieniam d\u0117v\u0117jimui ir aktyviam gyvenimo b\u016bdui, akcentuojant stili\u0173 ir komfort\u0105.<\/p>\n","protected":false},"featured_media":803025,"comment_status":"open","ping_status":"open","template":"","meta":[],"product_brand":[],"product_cat":[3264,3265],"product_tag":[],"class_list":{"0":"post-803024","1":"product","2":"type-product","3":"status-publish","4":"has-post-thumbnail","6":"product_cat-all-product","7":"product_cat-krosivky","8":"pa_rozmir-910","9":"pa_rozmir-912","10":"pa_rozmir-914","11":"pa_rozmir-915","12":"pa_rozmir-916","13":"pa_rozmir-917","14":"pa_rozmir-918","15":"pa_rozmir-919","16":"pa_rozmir-920","17":"pa_rozmir-921","18":"pa_rozmir-922","20":"first","21":"instock","22":"purchasable","23":"product-type-variable"},"_links":{"self":[{"href":"https:\/\/nextsnkr.com\/lt\/wp-json\/wp\/v2\/product\/803024","targetHints":{"allow":["GET"]}}],"collection":[{"href":"https:\/\/nextsnkr.com\/lt\/wp-json\/wp\/v2\/product"}],"about":[{"href":"https:\/\/nextsnkr.com\/lt\/wp-json\/wp\/v2\/types\/product"}],"replies":[{"embeddable":true,"href":"https:\/\/nextsnkr.com\/lt\/wp-json\/wp\/v2\/comments?post=803024"}],"version-history":[{"count":0,"href":"https:\/\/nextsnkr.com\/lt\/wp-json\/wp\/v2\/product\/803024\/revisions"}],"wp:featuredmedia":[{"embeddable":true,"href":"https:\/\/nextsnkr.com\/lt\/wp-json\/wp\/v2\/media\/803025"}],"wp:attachment":[{"href":"https:\/\/nextsnkr.com\/lt\/wp-json\/wp\/v2\/media?parent=803024"}],"wp:term":[{"taxonomy":"product_brand","embeddable":true,"href":"https:\/\/nextsnkr.com\/lt\/wp-json\/wp\/v2\/product_brand?post=803024"},{"taxonomy":"product_cat","embeddable":true,"href":"https:\/\/nextsnkr.com\/lt\/wp-json\/wp\/v2\/product_cat?post=803024"},{"taxonomy":"product_tag","embeddable":true,"href":"https:\/\/nextsnkr.com\/lt\/wp-json\/wp\/v2\/product_tag?post=803024"}],"curies":[{"name":"wp","href":"https:\/\/api.w.org\/{rel}","templated":true}]}}