{"id":802004,"date":"2025-06-17T22:05:22","date_gmt":"2025-06-17T19:05:22","guid":{"rendered":"https:\/\/nextsnkr.com\/product\/nike-vista-lite-white\/"},"modified":"2026-02-01T21:03:36","modified_gmt":"2026-02-01T18:03:36","slug":"nike-vista-lite-white","status":"publish","type":"product","link":"https:\/\/nextsnkr.com\/lt\/produktas\/nike-vista-lite-white\/","title":{"rendered":"Batai Nike Vista Lite White tekstiliniai-lengvi ir stilingi"},"content":{"rendered":"<h2>Batai Nike Vista Lite White tekstiliniai-lengvi ir stilingi<\/h2>\n<p>Nike Vista Lite White sportba\u010diai pagaminti i\u0161 kv\u0117puojan\u010dios tekstil\u0117s, kuri u\u017etikrina lengvum\u0105, komfort\u0105 ir puiki\u0105 p\u0117dos ventiliacij\u0105. Stilingas baltas dizainas daro model\u012f universal\u0173 ir \u0161iuolaiki\u0161k\u0105, pabr\u0117\u017eiant Nike prek\u0117s \u017eenkl\u0105 ir miesto sporto stili\u0173. Amortizuojantis padas garantuoja patogum\u0105 kasdieniam d\u0117v\u0117jimui ir aktyviam gyvenimo b\u016bdui. Pagaminti Vietname, \u0161ie sportba\u010diai derina prakti\u0161kum\u0105, komfort\u0105 ir mading\u0105 i\u0161vaizd\u0105, Idealiai tinka pasivaik\u0161\u010diojimams, treniruot\u0117ms ir kasdien\u0117ms kojin\u0117ms.<\/p>\n","protected":false},"excerpt":{"rendered":"<p>Nike Vista Lite White sportba\u010diai pagaminti i\u0161 kv\u0117puojan\u010dios tekstil\u0117s, kuri u\u017etikrina lengvum\u0105, komfort\u0105 ir puiki\u0105 p\u0117dos ventiliacij\u0105. Stilingas baltas dizainas daro model\u012f universal\u0173 ir \u0161iuolaiki\u0161k\u0105, pabr\u0117\u017eiant Nike prek\u0117s \u017eenkl\u0105 ir miesto sporto stili\u0173. Amortizuojantis padas garantuoja patogum\u0105 kasdieniam d\u0117v\u0117jimui ir aktyviam gyvenimo b\u016bdui. Pagaminti Vietname, \u0161ie sportba\u010diai derina prakti\u0161kum\u0105, komfort\u0105 ir mading\u0105 i\u0161vaizd\u0105, Idealiai tinka pasivaik\u0161\u010diojimams, treniruot\u0117ms ir kasdien\u0117ms kojin\u0117ms.<\/p>\n","protected":false},"featured_media":802005,"comment_status":"open","ping_status":"open","template":"","meta":[],"product_brand":[3135],"product_cat":[4466,3264,3265],"product_tag":[],"class_list":{"0":"post-802004","1":"product","2":"type-product","3":"status-publish","4":"has-post-thumbnail","6":"product_brand-nike-vista","7":"product_cat-nike-vista","8":"product_cat-all-product","9":"product_cat-krosivky","10":"pa_rozmir-910","11":"pa_rozmir-912","12":"pa_rozmir-914","13":"pa_rozmir-915","14":"pa_rozmir-916","15":"pa_rozmir-917","16":"pa_rozmir-918","17":"pa_rozmir-919","18":"pa_rozmir-920","19":"pa_rozmir-921","20":"pa_rozmir-922","22":"first","23":"onbackorder","24":"purchasable","25":"product-type-variable"},"_links":{"self":[{"href":"https:\/\/nextsnkr.com\/lt\/wp-json\/wp\/v2\/product\/802004","targetHints":{"allow":["GET"]}}],"collection":[{"href":"https:\/\/nextsnkr.com\/lt\/wp-json\/wp\/v2\/product"}],"about":[{"href":"https:\/\/nextsnkr.com\/lt\/wp-json\/wp\/v2\/types\/product"}],"replies":[{"embeddable":true,"href":"https:\/\/nextsnkr.com\/lt\/wp-json\/wp\/v2\/comments?post=802004"}],"version-history":[{"count":0,"href":"https:\/\/nextsnkr.com\/lt\/wp-json\/wp\/v2\/product\/802004\/revisions"}],"wp:featuredmedia":[{"embeddable":true,"href":"https:\/\/nextsnkr.com\/lt\/wp-json\/wp\/v2\/media\/802005"}],"wp:attachment":[{"href":"https:\/\/nextsnkr.com\/lt\/wp-json\/wp\/v2\/media?parent=802004"}],"wp:term":[{"taxonomy":"product_brand","embeddable":true,"href":"https:\/\/nextsnkr.com\/lt\/wp-json\/wp\/v2\/product_brand?post=802004"},{"taxonomy":"product_cat","embeddable":true,"href":"https:\/\/nextsnkr.com\/lt\/wp-json\/wp\/v2\/product_cat?post=802004"},{"taxonomy":"product_tag","embeddable":true,"href":"https:\/\/nextsnkr.com\/lt\/wp-json\/wp\/v2\/product_tag?post=802004"}],"curies":[{"name":"wp","href":"https:\/\/api.w.org\/{rel}","templated":true}]}}