{"id":800638,"date":"2025-06-17T22:37:34","date_gmt":"2025-06-17T19:37:34","guid":{"rendered":"https:\/\/nextsnkr.com\/product\/nike-air-max-plus-discover-your-air\/"},"modified":"2026-02-01T21:02:57","modified_gmt":"2026-02-01T18:02:57","slug":"nike-air-max-plus-discover-your-air","status":"publish","type":"product","link":"https:\/\/nextsnkr.com\/lt\/produktas\/nike-air-max-plus-discover-your-air\/","title":{"rendered":"Mar\u0161kin\u0117liai Nike Air Max Plus &#8221; discover Your Air &#8211; &#8211; vyri\u0161ki odiniai batai"},"content":{"rendered":"<h2>Mar\u0161kin\u0117liai Nike Air Max Plus &#8221; discover Your Air &#8211; &#8211; vyri\u0161ki odiniai batai<\/h2>\n<p>Nike Air Max Plus &#8222;discover Your Air&#8221; &#8211; stilingi vyri\u0161ki sportba\u010diai i\u0161 nat\u016bralios odos ir kv\u0117puojan\u010dios tekstil\u0117s, u\u017etikrinantys komfort\u0105, P\u0117dos palaikym\u0105 ir ilgaam\u017ei\u0161kum\u0105. Modelis idealiai tinka kasdieniam d\u0117v\u0117jimui ir aktyviam poilsiui d\u0117l amortizuojan\u010dio pado ir tvirtos konstrukcijos. \u0160iuolaikinis dizainas pabr\u0117\u017eia stili\u0173 ir individualum\u0105, o gamybos kokyb\u0117 Vietname garantuoja med\u017eiag\u0173 patikimum\u0105. Pasirinkite Nike Air Max Plus &#8222;Discover Your Air&#8221; komfortui ir i\u0161rai\u0161kingam \u012fvaizd\u017eiui kiekvien\u0105 dien\u0105.<\/p>\n","protected":false},"excerpt":{"rendered":"<p>Nike Air Max Plus &#8222;discover Your Air&#8221; &#8211; stilingi vyri\u0161ki sportba\u010diai i\u0161 nat\u016bralios odos ir kv\u0117puojan\u010dios tekstil\u0117s, u\u017etikrinantys komfort\u0105, P\u0117dos palaikym\u0105 ir ilgaam\u017ei\u0161kum\u0105. Modelis idealiai tinka kasdieniam d\u0117v\u0117jimui ir aktyviam poilsiui d\u0117l amortizuojan\u010dio pado ir tvirtos konstrukcijos. \u0160iuolaikinis dizainas pabr\u0117\u017eia stili\u0173 ir individualum\u0105, o gamybos kokyb\u0117 Vietname garantuoja med\u017eiag\u0173 patikimum\u0105. Pasirinkite Nike Air Max Plus &#8222;Discover Your Air&#8221; komfortui ir i\u0161rai\u0161kingam \u012fvaizd\u017eiui kiekvien\u0105 dien\u0105.<\/p>\n","protected":false},"featured_media":800642,"comment_status":"open","ping_status":"open","template":"","meta":[],"product_brand":[],"product_cat":[3264,3265],"product_tag":[],"class_list":{"0":"post-800638","1":"product","2":"type-product","3":"status-publish","4":"has-post-thumbnail","6":"product_cat-all-product","7":"product_cat-krosivky","8":"pa_rozmir-910","9":"pa_rozmir-912","10":"pa_rozmir-914","11":"pa_rozmir-915","12":"pa_rozmir-916","13":"pa_rozmir-917","14":"pa_rozmir-918","15":"pa_rozmir-919","16":"pa_rozmir-920","17":"pa_rozmir-921","18":"pa_rozmir-922","20":"first","21":"onbackorder","22":"purchasable","23":"product-type-variable"},"_links":{"self":[{"href":"https:\/\/nextsnkr.com\/lt\/wp-json\/wp\/v2\/product\/800638","targetHints":{"allow":["GET"]}}],"collection":[{"href":"https:\/\/nextsnkr.com\/lt\/wp-json\/wp\/v2\/product"}],"about":[{"href":"https:\/\/nextsnkr.com\/lt\/wp-json\/wp\/v2\/types\/product"}],"replies":[{"embeddable":true,"href":"https:\/\/nextsnkr.com\/lt\/wp-json\/wp\/v2\/comments?post=800638"}],"version-history":[{"count":0,"href":"https:\/\/nextsnkr.com\/lt\/wp-json\/wp\/v2\/product\/800638\/revisions"}],"wp:featuredmedia":[{"embeddable":true,"href":"https:\/\/nextsnkr.com\/lt\/wp-json\/wp\/v2\/media\/800642"}],"wp:attachment":[{"href":"https:\/\/nextsnkr.com\/lt\/wp-json\/wp\/v2\/media?parent=800638"}],"wp:term":[{"taxonomy":"product_brand","embeddable":true,"href":"https:\/\/nextsnkr.com\/lt\/wp-json\/wp\/v2\/product_brand?post=800638"},{"taxonomy":"product_cat","embeddable":true,"href":"https:\/\/nextsnkr.com\/lt\/wp-json\/wp\/v2\/product_cat?post=800638"},{"taxonomy":"product_tag","embeddable":true,"href":"https:\/\/nextsnkr.com\/lt\/wp-json\/wp\/v2\/product_tag?post=800638"}],"curies":[{"name":"wp","href":"https:\/\/api.w.org\/{rel}","templated":true}]}}