{"id":798947,"date":"2025-06-17T22:41:55","date_gmt":"2025-06-17T19:41:55","guid":{"rendered":"https:\/\/nextsnkr.com\/product\/nike-air-max-tn-plus-hyper-blue\/"},"modified":"2026-02-01T21:02:06","modified_gmt":"2026-02-01T18:02:06","slug":"nike-air-max-tn-plus-hyper-blue","status":"publish","type":"product","link":"https:\/\/nextsnkr.com\/lt\/produktas\/nike-air-max-tn-plus-hyper-blue\/","title":{"rendered":"Batai Nike Air Max TN Plus Hyper Blue-odos tekstil\u0117s stilingas"},"content":{"rendered":"<h2>Batai Nike Air Max TN Plus Hyper Blue-odos tekstil\u0117s stilingas<\/h2>\n<p>&#8222;Nike Air Max TN Plus Hyper Blue&#8221; sportba\u010diai derina modern\u0173 dizain\u0105 ir komfort\u0105 d\u0117l odos ir tekstil\u0117s derinio. Ry\u0161kus m\u0117lynas &#8222;Hyper Blue&#8221; atspalvis suteikia dinami\u0161kum\u0105 ir i\u0161rai\u0161kingum\u0105 j\u016bs\u0173 vaizdui. Apgalvotas padas su nusid\u0117v\u0117jimu u\u017etikrina patogum\u0105 vaik\u0161\u010diojant ir aktyviai d\u0117vint. Pagaminta Vietname, \u0161ie sportba\u010diai yra auk\u0161tos kokyb\u0117s ir patvar\u016bs. Pasirinkite Nike Air Max TN Plus stilingam ir patogiam kasdieniam vaizdui.<\/p>\n","protected":false},"excerpt":{"rendered":"<p>&#8222;Nike Air Max TN Plus Hyper Blue&#8221; sportba\u010diai derina modern\u0173 dizain\u0105 ir komfort\u0105 d\u0117l odos ir tekstil\u0117s derinio. Ry\u0161kus m\u0117lynas &#8222;Hyper Blue&#8221; atspalvis suteikia dinami\u0161kum\u0105 ir i\u0161rai\u0161kingum\u0105 j\u016bs\u0173 vaizdui. Apgalvotas padas su nusid\u0117v\u0117jimu u\u017etikrina patogum\u0105 vaik\u0161\u010diojant ir aktyviai d\u0117vint. Pagaminta Vietname, \u0161ie sportba\u010diai yra auk\u0161tos kokyb\u0117s ir patvar\u016bs. Pasirinkite Nike Air Max TN Plus stilingam ir patogiam kasdieniam vaizdui.<\/p>\n","protected":false},"featured_media":798948,"comment_status":"open","ping_status":"open","template":"","meta":[],"product_brand":[],"product_cat":[3264,3265],"product_tag":[],"class_list":{"0":"post-798947","1":"product","2":"type-product","3":"status-publish","4":"has-post-thumbnail","6":"product_cat-all-product","7":"product_cat-krosivky","8":"pa_rozmir-910","9":"pa_rozmir-912","10":"pa_rozmir-914","11":"pa_rozmir-915","12":"pa_rozmir-916","13":"pa_rozmir-917","14":"pa_rozmir-918","15":"pa_rozmir-919","16":"pa_rozmir-920","17":"pa_rozmir-921","18":"pa_rozmir-922","20":"first","21":"onbackorder","22":"purchasable","23":"product-type-variable"},"_links":{"self":[{"href":"https:\/\/nextsnkr.com\/lt\/wp-json\/wp\/v2\/product\/798947","targetHints":{"allow":["GET"]}}],"collection":[{"href":"https:\/\/nextsnkr.com\/lt\/wp-json\/wp\/v2\/product"}],"about":[{"href":"https:\/\/nextsnkr.com\/lt\/wp-json\/wp\/v2\/types\/product"}],"replies":[{"embeddable":true,"href":"https:\/\/nextsnkr.com\/lt\/wp-json\/wp\/v2\/comments?post=798947"}],"version-history":[{"count":0,"href":"https:\/\/nextsnkr.com\/lt\/wp-json\/wp\/v2\/product\/798947\/revisions"}],"wp:featuredmedia":[{"embeddable":true,"href":"https:\/\/nextsnkr.com\/lt\/wp-json\/wp\/v2\/media\/798948"}],"wp:attachment":[{"href":"https:\/\/nextsnkr.com\/lt\/wp-json\/wp\/v2\/media?parent=798947"}],"wp:term":[{"taxonomy":"product_brand","embeddable":true,"href":"https:\/\/nextsnkr.com\/lt\/wp-json\/wp\/v2\/product_brand?post=798947"},{"taxonomy":"product_cat","embeddable":true,"href":"https:\/\/nextsnkr.com\/lt\/wp-json\/wp\/v2\/product_cat?post=798947"},{"taxonomy":"product_tag","embeddable":true,"href":"https:\/\/nextsnkr.com\/lt\/wp-json\/wp\/v2\/product_tag?post=798947"}],"curies":[{"name":"wp","href":"https:\/\/api.w.org\/{rel}","templated":true}]}}