{"id":798602,"date":"2025-06-17T22:42:44","date_gmt":"2025-06-17T19:42:44","guid":{"rendered":"https:\/\/nextsnkr.com\/product\/nike-air-max-plus-black-volt\/"},"modified":"2026-02-01T21:01:57","modified_gmt":"2026-02-01T18:01:57","slug":"nike-air-max-plus-black-volt","status":"publish","type":"product","link":"https:\/\/nextsnkr.com\/lt\/produktas\/nike-air-max-plus-black-volt\/","title":{"rendered":"Nike Air Max Plus Black \/ Volt sportba\u010diai-odiniai-tekstiliniai, stilingi"},"content":{"rendered":"<h2>Nike Air Max Plus Black \/ Volt sportba\u010diai-odiniai-tekstiliniai, stilingi<\/h2>\n<p>&#8222;Nike Air Max Plus Black \/ Volt&#8221; sportba\u010diai derina od\u0105 ir tekstil\u0119, kad b\u016bt\u0173 maksimaliai patvar\u016bs ir komforti\u0161ki. Legendinis &#8222;Air Max&#8221; amortizuojantis padas u\u017etikrina patogum\u0105 ilg\u0173 pasivaik\u0161\u010diojim\u0173 ir aktyvaus gyvenimo b\u016bdo metu. Juoda spalva su ry\u0161kiais akcentais Volt sukuria stiling\u0105 \u012fvaizd\u012f ir pabr\u0117\u017eia individualum\u0105. Puikus pasirinkimas Nike prek\u0117s \u017eenklo \u017einovams, vertinantiems auk\u0161\u010diausios kokyb\u0117s ir \u0161iuolaiki\u0161k\u0105 dizain\u0105.<\/p>\n","protected":false},"excerpt":{"rendered":"<p>&#8222;Nike Air Max Plus Black \/ Volt&#8221; sportba\u010diai derina od\u0105 ir tekstil\u0119, kad b\u016bt\u0173 maksimaliai patvar\u016bs ir komforti\u0161ki. Legendinis &#8222;Air Max&#8221; amortizuojantis padas u\u017etikrina patogum\u0105 ilg\u0173 pasivaik\u0161\u010diojim\u0173 ir aktyvaus gyvenimo b\u016bdo metu. Juoda spalva su ry\u0161kiais akcentais Volt sukuria stiling\u0105 \u012fvaizd\u012f ir pabr\u0117\u017eia individualum\u0105. Puikus pasirinkimas Nike prek\u0117s \u017eenklo \u017einovams, vertinantiems auk\u0161\u010diausios kokyb\u0117s ir \u0161iuolaiki\u0161k\u0105 dizain\u0105.<\/p>\n","protected":false},"featured_media":798603,"comment_status":"open","ping_status":"open","template":"","meta":[],"product_brand":[],"product_cat":[3264,3265],"product_tag":[],"class_list":{"0":"post-798602","1":"product","2":"type-product","3":"status-publish","4":"has-post-thumbnail","6":"product_cat-all-product","7":"product_cat-krosivky","8":"pa_rozmir-910","9":"pa_rozmir-912","10":"pa_rozmir-914","11":"pa_rozmir-915","12":"pa_rozmir-916","13":"pa_rozmir-917","14":"pa_rozmir-918","15":"pa_rozmir-919","16":"pa_rozmir-920","17":"pa_rozmir-921","18":"pa_rozmir-922","20":"first","21":"onbackorder","22":"purchasable","23":"product-type-variable"},"_links":{"self":[{"href":"https:\/\/nextsnkr.com\/lt\/wp-json\/wp\/v2\/product\/798602","targetHints":{"allow":["GET"]}}],"collection":[{"href":"https:\/\/nextsnkr.com\/lt\/wp-json\/wp\/v2\/product"}],"about":[{"href":"https:\/\/nextsnkr.com\/lt\/wp-json\/wp\/v2\/types\/product"}],"replies":[{"embeddable":true,"href":"https:\/\/nextsnkr.com\/lt\/wp-json\/wp\/v2\/comments?post=798602"}],"version-history":[{"count":0,"href":"https:\/\/nextsnkr.com\/lt\/wp-json\/wp\/v2\/product\/798602\/revisions"}],"wp:featuredmedia":[{"embeddable":true,"href":"https:\/\/nextsnkr.com\/lt\/wp-json\/wp\/v2\/media\/798603"}],"wp:attachment":[{"href":"https:\/\/nextsnkr.com\/lt\/wp-json\/wp\/v2\/media?parent=798602"}],"wp:term":[{"taxonomy":"product_brand","embeddable":true,"href":"https:\/\/nextsnkr.com\/lt\/wp-json\/wp\/v2\/product_brand?post=798602"},{"taxonomy":"product_cat","embeddable":true,"href":"https:\/\/nextsnkr.com\/lt\/wp-json\/wp\/v2\/product_cat?post=798602"},{"taxonomy":"product_tag","embeddable":true,"href":"https:\/\/nextsnkr.com\/lt\/wp-json\/wp\/v2\/product_tag?post=798602"}],"curies":[{"name":"wp","href":"https:\/\/api.w.org\/{rel}","templated":true}]}}