{"id":798254,"date":"2025-06-17T22:43:35","date_gmt":"2025-06-17T19:43:35","guid":{"rendered":"https:\/\/nextsnkr.com\/product\/nike-tn-plus-black-silver\/"},"modified":"2026-02-01T21:01:48","modified_gmt":"2026-02-01T18:01:48","slug":"nike-tn-plus-black-silver","status":"publish","type":"product","link":"https:\/\/nextsnkr.com\/lt\/produktas\/nike-tn-plus-black-silver\/","title":{"rendered":"Sportba\u010diai Nike Tn Plus Black \/ Silver oda \/ tinklelis-stilius ir komfortas"},"content":{"rendered":"<h2>Sportba\u010diai Nike Tn Plus Black \/ Silver oda \/ tinklelis-stilius ir komfortas<\/h2>\n<p>&#8222;Nike Tn Plus Black \/ Silver&#8221; sportba\u010diai sujungia auk\u0161tos kokyb\u0117s od\u0105 ir kv\u0117puojan\u010di\u0105 tekstil\u0117s tinklel\u012f, kuris u\u017etikrina komfort\u0105, P\u0117dos palaikym\u0105 ir ilgalaik\u012f veikim\u0105. Stilingas juodos ir sidabrin\u0117s spalvos derinys pabr\u0117\u017eia Nike prek\u0117s \u017eenkl\u0105, sukuriant mading\u0105 miesto \u012fvaizd\u012f. amortizuojantis padas TN suteikia patogumo vaik\u0161\u010diojant ir aktyviam gyvenimo b\u016bdui, o lengvas dizainas leid\u017eia sportba\u010dius Idealiai tinka kasdieniam d\u0117v\u0117jimui ir sportui. Pagaminta Vietname, jie sujungia stili\u0173, funkcionalum\u0105 ir kokyb\u0119.<\/p>\n","protected":false},"excerpt":{"rendered":"<p>&#8222;Nike Tn Plus Black \/ Silver&#8221; sportba\u010diai sujungia auk\u0161tos kokyb\u0117s od\u0105 ir kv\u0117puojan\u010di\u0105 tekstil\u0117s tinklel\u012f, kuris u\u017etikrina komfort\u0105, P\u0117dos palaikym\u0105 ir ilgalaik\u012f veikim\u0105. Stilingas juodos ir sidabrin\u0117s spalvos derinys pabr\u0117\u017eia Nike prek\u0117s \u017eenkl\u0105, sukuriant mading\u0105 miesto \u012fvaizd\u012f. amortizuojantis padas TN suteikia patogumo vaik\u0161\u010diojant ir aktyviam gyvenimo b\u016bdui, o lengvas dizainas leid\u017eia sportba\u010dius Idealiai tinka kasdieniam d\u0117v\u0117jimui ir sportui. Pagaminta Vietname, jie sujungia stili\u0173, funkcionalum\u0105 ir kokyb\u0119.<\/p>\n","protected":false},"featured_media":798255,"comment_status":"open","ping_status":"open","template":"","meta":[],"product_brand":[],"product_cat":[3264,3265],"product_tag":[],"class_list":{"0":"post-798254","1":"product","2":"type-product","3":"status-publish","4":"has-post-thumbnail","6":"product_cat-all-product","7":"product_cat-krosivky","8":"pa_rozmir-910","9":"pa_rozmir-912","10":"pa_rozmir-914","11":"pa_rozmir-915","12":"pa_rozmir-916","13":"pa_rozmir-917","14":"pa_rozmir-918","15":"pa_rozmir-919","16":"pa_rozmir-920","17":"pa_rozmir-921","18":"pa_rozmir-922","20":"first","21":"onbackorder","22":"purchasable","23":"product-type-variable"},"_links":{"self":[{"href":"https:\/\/nextsnkr.com\/lt\/wp-json\/wp\/v2\/product\/798254","targetHints":{"allow":["GET"]}}],"collection":[{"href":"https:\/\/nextsnkr.com\/lt\/wp-json\/wp\/v2\/product"}],"about":[{"href":"https:\/\/nextsnkr.com\/lt\/wp-json\/wp\/v2\/types\/product"}],"replies":[{"embeddable":true,"href":"https:\/\/nextsnkr.com\/lt\/wp-json\/wp\/v2\/comments?post=798254"}],"version-history":[{"count":0,"href":"https:\/\/nextsnkr.com\/lt\/wp-json\/wp\/v2\/product\/798254\/revisions"}],"wp:featuredmedia":[{"embeddable":true,"href":"https:\/\/nextsnkr.com\/lt\/wp-json\/wp\/v2\/media\/798255"}],"wp:attachment":[{"href":"https:\/\/nextsnkr.com\/lt\/wp-json\/wp\/v2\/media?parent=798254"}],"wp:term":[{"taxonomy":"product_brand","embeddable":true,"href":"https:\/\/nextsnkr.com\/lt\/wp-json\/wp\/v2\/product_brand?post=798254"},{"taxonomy":"product_cat","embeddable":true,"href":"https:\/\/nextsnkr.com\/lt\/wp-json\/wp\/v2\/product_cat?post=798254"},{"taxonomy":"product_tag","embeddable":true,"href":"https:\/\/nextsnkr.com\/lt\/wp-json\/wp\/v2\/product_tag?post=798254"}],"curies":[{"name":"wp","href":"https:\/\/api.w.org\/{rel}","templated":true}]}}